{"id":521,"date":"2014-12-03T13:13:49","date_gmt":"2014-12-03T16:13:49","guid":{"rendered":"http:\/\/192.168.122.17\/?page_id=521"},"modified":"2024-12-04T14:08:36","modified_gmt":"2024-12-04T17:08:36","slug":"legales","status":"publish","type":"page","link":"https:\/\/www.glaciaresargentinos.gob.ar\/?page_id=521","title":{"rendered":"Legales"},"content":{"rendered":"<div class=\"row prk_row\"><div class=\"six columns\">\n<h3>Introducci\u00f3n<\/h3>\n<p style=\"text-align: justify;\">En Argentina los glaciares y otras crioformas cumplen un papel trascendente en el desarrollo regional y son componentes emblem\u00e1ticos del patrimonio ambiental de la Cordillera de los Andes. Entre otros atributos, estos cuerpos de hielo son reconocidos como componentes cruciales del sistema hidrol\u00f3gico de monta\u00f1a y como \u201creservas estrat\u00e9gicas\u201d de agua para las zonas bajas adyacentes en gran parte de la diagonal \u00e1rida del pa\u00eds.<\/p>\n<p style=\"text-align: justify;\">Si bien la nieve que se acumula cada invierno en la Cordillera constituye la principal fuente de agua para los r\u00edos del oeste argentino, en a\u00f1os \u201csecos\u201d o con baja precipitaci\u00f3n n\u00edvea, los glaciares y otras crioformas tienen una contribuci\u00f3n muy importante al caudal de los r\u00edos andinos ya que aportan vol\u00famenes significativos de agua de deshielo a la escorrent\u00eda ayudando a minimizar los impactos de las sequ\u00edas en las actividades socio-econ\u00f3micas de los oasis de regad\u00edo. Conocer el n\u00famero, \u00e1rea y distribuci\u00f3n espacial de los cuerpos de hielo provee una estimaci\u00f3n de las reservas h\u00eddricas en estado s\u00f3lido existentes en las diferentes cuencas andinas e informaci\u00f3n b\u00e1sica para conocer la capacidad reguladora de dichos cuerpos sobre los caudales de nuestros r\u00edos en condiciones clim\u00e1ticas extremas. Los glaciares de Argentina constituyen adem\u00e1s elementos emblem\u00e1ticos del paisaje andino, realzando la belleza de los principales atractivos tur\u00edsticos y generando ingresos significativos para las econom\u00edas regionales.<\/p>\n<h3>Antecedentes Legales<\/h3>\n<p style=\"text-align: justify;\">Conscientes de la importancia nacional y regional que representan los glaciares de nuestra Cordillera, el 28 de Octubre de 2010 las Honorables C\u00e1maras de Diputados y Senadores de Argentina promulgaron la Ley 26.639 de \u201cPresupuestos M\u00ednimos para la Preservaci\u00f3n de los Glaciares y del Ambiente Periglacial\u201d.<\/p>\n<p style=\"text-align: justify;\">El art\u00edculo 3\u00ba de esta ley, establece la creaci\u00f3n de un Inventario Nacional de Glaciares, cuyo objetivo principal consiste en identificar, caracterizar y monitorear todos los glaciares y crioformas que act\u00faan como reservas h\u00eddricas estrat\u00e9gicas en la Rep\u00fablica Argentina, establecer los factores ambientales que regulan su comportamiento, y determinar la significancia hidrol\u00f3gica de estos cuerpos de hielo a la escorrent\u00eda andina.<\/p>\n<p style=\"text-align: justify;\">Asimismo, el Decreto N\u00ba 207\/11 reglamenta la Ley N\u00ba 26.639 R\u00e9gimen de Presupuestos M\u00ednimos para la Preservaci\u00f3n de los Glaciares y del Ambiente Periglacial.<\/p>\n<p style=\"text-align: justify;\">El \u201cInventario Nacional de Glaciares\u201d sentar\u00e1 las bases para definir el estado actual de las reservas h\u00eddricas cordilleranas, los requerimientos cient\u00edfico-t\u00e9cnicos relacionados con la concreci\u00f3n del Inventario Nacional, las interacciones de los cuerpos de hielo con otros sistemas naturales, y los posibles impactos de los cambios clim\u00e1ticos futuros sobre estos recursos estrat\u00e9gicos.<\/p>\n<p style=\"text-align: justify;\">As\u00ed, la informaci\u00f3n registrada en el inventario ser\u00e1 una herramienta fundamental para la identificaci\u00f3n y delimitaci\u00f3n de las zonas protegidas en el marco de la Ley N\u00ba 26.639 de Preservaci\u00f3n de los Glaciares y del Ambiente Periglacial.<br \/>\n<\/div><div class=\"six columns prk_last\">\n<h3>Documentos<\/h3>\n<div id=\"accordion_810\" class=\"prk_accordion\"><div class=\"header_font zero_color\">Ley y Decreto Reglamentario<\/div><div><a href=\"https:\/\/www.glaciaresargentinos.gob.ar\/wp-content\/uploads\/legales\/ley_26639.pdf\" target=\"_blank\" rel=\"noopener noreferrer\"><img loading=\"lazy\" decoding=\"async\" class=\"alignleft size-full wp-image-584\" title=\"Ley 26639\" src=\"https:\/\/www.glaciaresargentinos.gob.ar\/wp-content\/uploads\/legales\/tapas\/ley_26639.gif\" alt=\"Ley 26639\" width=\"182\" height=\"256\" \/><\/a><a href=\"https:\/\/www.glaciaresargentinos.gob.ar\/wp-content\/uploads\/legales\/decreto_207-2011.pdf\" target=\"_blank\" rel=\"noopener noreferrer\"><img loading=\"lazy\" decoding=\"async\" class=\"alignright size-full wp-image-581\" title=\"Decreto Reglamentario 207-2011\" src=\"https:\/\/www.glaciaresargentinos.gob.ar\/wp-content\/uploads\/legales\/tapas\/decreto_reglamentario.gif\" alt=\"Decreto Reglamentario 207-2011\" width=\"182\" height=\"256\" \/><\/a> <\/div><div class=\"header_font zero_color\">Fundamentos y Cronograma de Ejecuci\u00f3n<\/div><div><a href=\"https:\/\/www.glaciaresargentinos.gob.ar\/wp-content\/uploads\/legales\/fundamentos_cronograma_ejecucion.pdf\" target=\"_blank\" rel=\"noopener noreferrer\"><img loading=\"lazy\" decoding=\"async\" class=\"aligncenter size-medium wp-image-530\" src=\"https:\/\/www.glaciaresargentinos.gob.ar\/wp-content\/uploads\/legales\/tapas\/fundamentos_cronograma_ejecucion.gif\" width=\"182\" height=\"256\" \/><\/a><\/div>\n<div class=\"header_font zero_color\">Plan de actualizaci\u00f3n ING<\/div><div><a href=\"https:\/\/www.glaciaresargentinos.gob.ar\/wp-content\/uploads\/legales\/plan_de_actualizacion_ING_2019_gde.pdf\" target=\"_blank\" rel=\"noopener noreferrer\"><img loading=\"lazy\" decoding=\"async\" class=\"aligncenter size-medium wp-image-530\" title=\"Plan de actualizaci\u00f3n ING 10-2019\" src=\"https:\/\/www.glaciaresargentinos.gob.ar\/wp-content\/uploads\/legales\/tapas\/plan_de_actualizacion_ING_2019_gde.gif\" alt=\"Plan de actualizaci\u00f3n ING 10-2019\" width=\"182\" height=\"256\" \/><\/a><\/div>\n<div class=\"header_font zero_color\">Resoluciones Administrativas ING 1<\/div><div>\n<p><a href=\"https:\/\/www.glaciaresargentinos.gob.ar\/wp-content\/uploads\/legales\/resolucion_publicacion_16-11-2022.pdf\" target=\"_blank\" rel=\"noopener noreferrer\"><img loading=\"lazy\" decoding=\"async\" class=\"wp-image-530 alignleft\" title=\"Resoluci\u00f3n de publicaci\u00f3n 16-11-2022\" src=\"https:\/\/www.glaciaresargentinos.gob.ar\/wp-content\/uploads\/legales\/tapas\/resolucion_publicacion_16-11-2022.gif\" alt=\"Resoluci\u00f3n de publicaci\u00f3n 16-11-2022\" width=\"180\" height=\"233\" \/><\/a><\/p>\n<p><a href=\"https:\/\/www.glaciaresargentinos.gob.ar\/wp-content\/uploads\/legales\/resolucion_publicacion_07-06-2018.pdf\" target=\"_blank\" rel=\"noopener noreferrer\"><img loading=\"lazy\" decoding=\"async\" class=\"wp-image-530 alignright\" title=\"Resoluci\u00f3n de publicaci\u00f3n 07-06-2018\" src=\"https:\/\/www.glaciaresargentinos.gob.ar\/wp-content\/uploads\/legales\/tapas\/resolucion_publicacion_07-06-2018.gif\" alt=\"Resoluci\u00f3n de publicaci\u00f3n 07-06-2018\" width=\"180\" height=\"233\" \/><\/a><\/p>\n<p><a href=\"https:\/\/www.glaciaresargentinos.gob.ar\/wp-content\/uploads\/legales\/resolucion_publicacion_16-04-2018.pdf\" target=\"_blank\" rel=\"noopener noreferrer\"><img loading=\"lazy\" decoding=\"async\" class=\"wp-image-530 alignleft\" title=\"Resoluci\u00f3n de publicaci\u00f3n 16-04-2018\" src=\"https:\/\/www.glaciaresargentinos.gob.ar\/wp-content\/uploads\/legales\/tapas\/resolucion_publicacion_16-04-2018.gif\" alt=\"Resoluci\u00f3n de publicaci\u00f3n 16-04-2018\" width=\"180\" height=\"233\" \/><\/a><\/p>\n<p><a href=\"https:\/\/www.glaciaresargentinos.gob.ar\/wp-content\/uploads\/legales\/resolucion_publicacion_08-03-2018.pdf\" target=\"_blank\" rel=\"noopener noreferrer\"><img loading=\"lazy\" decoding=\"async\" class=\"wp-image-530 alignright\" title=\"Resoluci\u00f3n de publicaci\u00f3n 08-03-2018\" src=\"https:\/\/www.glaciaresargentinos.gob.ar\/wp-content\/uploads\/legales\/tapas\/resolucion_publicacion_08-03-2018.gif\" alt=\"Resoluci\u00f3n de publicaci\u00f3n 08-03-2018\" width=\"180\" height=\"233\" \/><\/a><\/p>\n<p><a href=\"https:\/\/www.glaciaresargentinos.gob.ar\/wp-content\/uploads\/legales\/resolucion_publicacion_16-02-2018.pdf\" target=\"_blank\" rel=\"noopener noreferrer\"><img loading=\"lazy\" decoding=\"async\" class=\"wp-image-530 alignleft\" title=\"Resoluci\u00f3n de publicaci\u00f3n 16-02-2018\" src=\"https:\/\/www.glaciaresargentinos.gob.ar\/wp-content\/uploads\/legales\/tapas\/resolucion_publicacion_16-02-2018.gif\" alt=\"Resoluci\u00f3n de publicaci\u00f3n 16-02-2018\" width=\"180\" height=\"233\" \/><\/a><\/p>\n<p><a href=\"https:\/\/www.glaciaresargentinos.gob.ar\/wp-content\/uploads\/legales\/resolucion_publicacion_14-02-2018-1.pdf\" target=\"_blank\" rel=\"noopener noreferrer\"><img loading=\"lazy\" decoding=\"async\" class=\"wp-image-530 alignright\" title=\"Resoluci\u00f3n de publicaci\u00f3n 14-02-2018-1\" src=\"https:\/\/www.glaciaresargentinos.gob.ar\/wp-content\/uploads\/legales\/tapas\/resolucion_publicacion_14-02-2018-1.gif\" alt=\"Resoluci\u00f3n de publicaci\u00f3n 14-02-2018-1\" width=\"180\" height=\"233\" \/><\/a><\/p>\n<p><a href=\"https:\/\/www.glaciaresargentinos.gob.ar\/wp-content\/uploads\/legales\/resolucion_publicacion_14-02-2018-2.pdf\" target=\"_blank\" rel=\"noopener noreferrer\"><img loading=\"lazy\" decoding=\"async\" class=\"wp-image-530 alignleft\" title=\"Resoluci\u00f3n de publicaci\u00f3n 14-02-2018-2\" src=\"https:\/\/www.glaciaresargentinos.gob.ar\/wp-content\/uploads\/legales\/tapas\/resolucion_publicacion_14-02-2018-2.gif\" alt=\"Resoluci\u00f3n de publicaci\u00f3n 14-02-2018-2\" width=\"180\" height=\"233\" \/><\/a><\/p>\n<p><a href=\"https:\/\/www.glaciaresargentinos.gob.ar\/wp-content\/uploads\/legales\/resolucion_publicacion_15-11-2017.pdf\" target=\"_blank\" rel=\"noopener noreferrer\"><img loading=\"lazy\" decoding=\"async\" class=\"wp-image-530 alignright\" title=\"Resoluci\u00f3n de publicaci\u00f3n 15-11-2017\" src=\"https:\/\/www.glaciaresargentinos.gob.ar\/wp-content\/uploads\/legales\/tapas\/resolucion_publicacion_15-11-2017.gif\" alt=\"Resoluci\u00f3n de publicaci\u00f3n 15-11-2017\" width=\"180\" height=\"233\" \/><\/a><\/p>\n<p><a href=\"https:\/\/www.glaciaresargentinos.gob.ar\/wp-content\/uploads\/legales\/resolucion_publicacion_05-09-2017.pdf\" target=\"_blank\" rel=\"noopener noreferrer\"><img loading=\"lazy\" decoding=\"async\" class=\"wp-image-530 alignleft\" title=\"Resoluci\u00f3n de publicaci\u00f3n 05-09-2017\" src=\"https:\/\/www.glaciaresargentinos.gob.ar\/wp-content\/uploads\/legales\/tapas\/resolucion_publicacion_05-09-2017.gif\" alt=\"Resoluci\u00f3n de publicaci\u00f3n 05-09-2017\" width=\"180\" height=\"233\" \/><\/a><\/p>\n<p><a href=\"https:\/\/www.glaciaresargentinos.gob.ar\/wp-content\/uploads\/legales\/resolucion_publicacion_30-08-2017.pdf\" target=\"_blank\" rel=\"noopener noreferrer\"><img loading=\"lazy\" decoding=\"async\" class=\"wp-image-530 alignright\" title=\"Resoluci\u00f3n de publicaci\u00f3n 30-08-2017\" src=\"https:\/\/www.glaciaresargentinos.gob.ar\/wp-content\/uploads\/legales\/tapas\/resolucion_publicacion_30-08-2017.gif\" alt=\"Resoluci\u00f3n de publicaci\u00f3n 30-08-2017\" width=\"180\" height=\"233\" \/><\/a><\/p>\n<p>&nbsp;<\/p>\n<p>&nbsp;<\/p>\n<p>&nbsp;<\/p>\n<p>&nbsp;<\/p>\n<p>&nbsp;<\/p>\n<p><a href=\"https:\/\/www.glaciaresargentinos.gob.ar\/wp-content\/uploads\/legales\/resolucion_publicacion_19-01-2017.pdf\" target=\"_blank\" rel=\"noopener noreferrer\"><img loading=\"lazy\" decoding=\"async\" class=\"wp-image-530 alignleft\" title=\"Resoluci\u00f3n de publicaci\u00f3n 19-01-2017\" src=\"https:\/\/www.glaciaresargentinos.gob.ar\/wp-content\/uploads\/legales\/tapas\/resolucion_publicacion_19-01-2017.gif\" alt=\"Resoluci\u00f3n de publicaci\u00f3n 19-01-2017\" width=\"180\" height=\"233\" \/><\/a><a href=\"https:\/\/www.glaciaresargentinos.gob.ar\/wp-content\/uploads\/legales\/resolucion_publicacion_17-01-2017.pdf\" target=\"_blank\" rel=\"noopener noreferrer\"><img loading=\"lazy\" decoding=\"async\" class=\"wp-image-530 alignright\" title=\"Resoluci\u00f3n de publicaci\u00f3n 17-01-2017\" src=\"https:\/\/www.glaciaresargentinos.gob.ar\/wp-content\/uploads\/legales\/tapas\/resolucion_publicacion_17-01-2017.gif\" alt=\"Resoluci\u00f3n de publicaci\u00f3n 17-01-2017\" width=\"180\" height=\"233\" \/><\/a><a href=\"https:\/\/www.glaciaresargentinos.gob.ar\/wp-content\/uploads\/legales\/resolucion_publicacion_29-09-2016.pdf\" target=\"_blank\" rel=\"noopener noreferrer\"><img loading=\"lazy\" decoding=\"async\" class=\"wp-image-530 alignleft\" title=\"Resoluci\u00f3n de publicaci\u00f3n 29-09-2016\" src=\"https:\/\/www.glaciaresargentinos.gob.ar\/wp-content\/uploads\/legales\/tapas\/resolucion_publicacion_29-09-2016.gif\" alt=\"Resoluci\u00f3n de publicaci\u00f3n 29-09-2016\" width=\"180\" height=\"233\" \/><\/a><a href=\"https:\/\/www.glaciaresargentinos.gob.ar\/wp-content\/uploads\/legales\/resolucion_publicacion_09-12-2015.pdf\" target=\"_blank\" rel=\"noopener noreferrer\"><img loading=\"lazy\" decoding=\"async\" class=\"wp-image-530 alignright\" title=\"Resoluci\u00f3n de publicaci\u00f3n 09-12-2015\" src=\"https:\/\/www.glaciaresargentinos.gob.ar\/wp-content\/uploads\/legales\/tapas\/resolucion_publicacion_09-12-2015.gif\" alt=\"Resoluci\u00f3n de publicaci\u00f3n 09-12-2015\" width=\"180\" height=\"233\" \/><\/a><br \/>\n<\/div>\n<div class=\"header_font zero_color\">Resoluciones Administrativas ING 2<\/div><div>\n<a href=\"https:\/\/www.glaciaresargentinos.gob.ar\/wp-content\/uploads\/ING2\/legales\/resolucion_publicacion_AD_26-11-2024.pdf\" target=\"_blank\" rel=\"noopener noreferrer\"><img loading=\"lazy\" decoding=\"async\" class=\"aligncenter wp-image-530\" title=\"Resoluci\u00f3n de publicaci\u00f3n 26-11-2024\" src=\"https:\/\/www.glaciaresargentinos.gob.ar\/wp-content\/uploads\/ING2\/tapas\/resolucion_publicacion_26-11-2024.ico\" alt=\"Resoluci\u00f3n de publicaci\u00f3n 26-11-2024\" width=\"180\" height=\"233\" \/><\/a><br \/>\n<\/div>\n<div class=\"header_font zero_color\">Procedimientos Administrativos y de Validaci\u00f3n T\u00e9cnica<\/div><div>\n<a href=\"https:\/\/www.glaciaresargentinos.gob.ar\/wp-content\/uploads\/legales\/resolucion477-2023-plan_de_actualizacion_ING.pdf\" target=\"_blank\" rel=\"noopener noreferrer\"><img loading=\"lazy\" decoding=\"async\" class=\"wp-image-530 alignleft\" title=\"Resoluci\u00f3n 477-2023\" src=\"https:\/\/www.glaciaresargentinos.gob.ar\/wp-content\/uploads\/legales\/tapas\/resolucion477-2023-plan_de_actualizacion_ING.gif\" alt=\"Resoluci\u00f3n 477-2023\" width=\"170\" height=\"220\" \/><\/a><\/p>\n<p><a href=\"https:\/\/www.glaciaresargentinos.gob.ar\/wp-content\/uploads\/legales\/anexo1-procedimiento_administrativo_para_la_gestion_documental.pdf\" target=\"_blank\" rel=\"noopener noreferrer\"><img loading=\"lazy\" decoding=\"async\" class=\"wp-image-530 alignright\" title=\"Anexo1 - Procedimiento administrativo para la gesti\u00f3n documental\" src=\"https:\/\/www.glaciaresargentinos.gob.ar\/wp-content\/uploads\/legales\/tapas\/anexo1-procedimiento_administrativo_para_la_gestion_documental.gif\" alt=\"Anexo1 - Procedimiento administrativo para la gesti\u00f3n documental\" width=\"178\" height=\"230\" \/><\/a><\/p>\n<p><a href=\"https:\/\/www.glaciaresargentinos.gob.ar\/wp-content\/uploads\/legales\/anexo2-procedimiento_unico_de_validacion_tecnica.pdf\" target=\"_blank\" rel=\"noopener noreferrer\"><img loading=\"lazy\" decoding=\"async\" class=\"wp-image-530 alignright\" title=\"Anexo2 - Procedimiento \u00fanico de validaci\u00f3n t\u00e9cnica\" src=\"https:\/\/www.glaciaresargentinos.gob.ar\/wp-content\/uploads\/legales\/tapas\/anexo2-procedimiento_unico_de_validacion_tecnica.gif\" alt=\"Anexo2 - Procedimiento \u00fanico de validaci\u00f3n t\u00e9cnica\" width=\"178\" height=\"230\" \/><\/a><\/p>\n<p><a href=\"https:\/\/www.glaciaresargentinos.gob.ar\/wp-content\/uploads\/legales\/procedimientos_administrativos_validacion_tecnica.pdf\" target=\"_blank\" rel=\"noopener noreferrer\"><img loading=\"lazy\" decoding=\"async\" class=\"wp-image-530 alignleft\" title=\"Procedimientos administrativos y validaci\u00f3n t\u00e9cnica\" src=\"https:\/\/www.glaciaresargentinos.gob.ar\/wp-content\/uploads\/legales\/tapas\/procedimientos_administrativos_validacion_tecnica.gif\" alt=\"Procedimientos administrativos y validaci\u00f3n t\u00e9cnica\" width=\"170\" height=\"220\" \/><\/a><\/p>\n<p>&nbsp;<\/p>\n<\/div><div class=\"header_font zero_color\">Informes T\u00e9cnicos de Avance<\/div><div>\n<a href=\"https:\/\/www.glaciaresargentinos.gob.ar\/wp-content\/uploads\/legales\/informe_tecnico_2022.pdf\" target=\"_blank\" rel=\"noopener noreferrer\"><img loading=\"lazy\" decoding=\"async\" class=\"wp-image-583 size-full alignleft\" style=\"border: 1px solid; color: black;\" title=\"Informe T\u00e9cnico 2022\" src=\"https:\/\/www.glaciaresargentinos.gob.ar\/wp-content\/uploads\/legales\/tapas\/informe_tecnico_2022.gif\" alt=\"Informe T\u00e9cnico 2022\" width=\"182\" height=\"256\" \/><\/a><br \/>\n<a href=\"https:\/\/www.glaciaresargentinos.gob.ar\/wp-content\/uploads\/legales\/informe_tecnico_2016.pdf\" target=\"_blank\" rel=\"noopener noreferrer\"><img loading=\"lazy\" decoding=\"async\" class=\"wp-image-583 size-full alignright\" title=\"Informe T\u00e9cnico 2016\" src=\"https:\/\/www.glaciaresargentinos.gob.ar\/wp-content\/uploads\/legales\/tapas\/informe_tecnico_2016.gif\" alt=\"Informe T\u00e9cnico 2016\" width=\"182\" height=\"256\" \/><\/a><\/p>\n<p>&nbsp;<\/p>\n<p>&nbsp;<\/p>\n<p>&nbsp;<\/p>\n<p>&nbsp;<\/p>\n<p>&nbsp;<\/p>\n<p>&nbsp;<\/p>\n<p>&nbsp;<\/p>\n<p>&nbsp;<\/p>\n<p>&nbsp;<\/p>\n<p>&nbsp;<\/p>\n<p><a href=\"https:\/\/www.glaciaresargentinos.gob.ar\/wp-content\/uploads\/legales\/informe_tecnico_2015.pdf\" target=\"_blank\" rel=\"noopener noreferrer\"><img loading=\"lazy\" decoding=\"async\" class=\"alignleft size-full wp-image-583\" title=\"Informe T\u00e9cnico 2015\" src=\"https:\/\/www.glaciaresargentinos.gob.ar\/wp-content\/uploads\/legales\/tapas\/informe_tecnico_2015.gif\" alt=\"Informe T\u00e9cnico 2015\" width=\"182\" height=\"256\" \/><\/a><a href=\"https:\/\/www.glaciaresargentinos.gob.ar\/wp-content\/uploads\/legales\/informe_tecnico_2014.pdf\" target=\"_blank\" rel=\"noopener noreferrer\"><img loading=\"lazy\" decoding=\"async\" class=\"alignright wp-image-583 size-full\" title=\"Informe T\u00e9cnico 2014\" src=\"https:\/\/www.glaciaresargentinos.gob.ar\/wp-content\/uploads\/legales\/tapas\/informe_tecnico_2014.gif\" alt=\"Informe T\u00e9cnico 2014\" width=\"182\" height=\"256\" \/><\/a><a href=\"https:\/\/www.glaciaresargentinos.gob.ar\/wp-content\/uploads\/legales\/informe_tecnico_2012.pdf\" target=\"_blank\" rel=\"noopener noreferrer\"><img loading=\"lazy\" decoding=\"async\" class=\"alignright wp-image-583\" title=\"Informe T\u00e9cnico 2012\" src=\"https:\/\/www.glaciaresargentinos.gob.ar\/wp-content\/uploads\/legales\/tapas\/informe_tecnico_2012.gif\" alt=\"Informe T\u00e9cnico 2012\" width=\"182\" height=\"256\" \/><\/a><a href=\"https:\/\/www.glaciaresargentinos.gob.ar\/wp-content\/uploads\/legales\/informe_tecnico_2013.pdf\" target=\"_blank\" rel=\"noopener noreferrer\"><img loading=\"lazy\" decoding=\"async\" class=\"alignleft size-full wp-image-582\" title=\"Informe T\u00e9cnico 2013\" src=\"https:\/\/www.glaciaresargentinos.gob.ar\/wp-content\/uploads\/legales\/tapas\/informe_tecnico_2013.gif\" alt=\"Informe T\u00e9cnico 2013\" width=\"181\" height=\"256\" \/><\/a><\/p>\n<p>&nbsp;<\/p>\n<p>&nbsp;<\/p>\n<p>&nbsp;<\/p>\n<p>&nbsp;<\/p>\n<p>&nbsp;<\/p>\n<p>&nbsp;<\/p>\n<p>&nbsp;<\/p>\n<\/div>\n<div class=\"header_font zero_color\">Capacitaciones<\/div><div>\n<a href=\"https:\/\/www.glaciaresargentinos.gob.ar\/wp-content\/uploads\/legales\/taller_capacitacion_20-10-2017.pdf\" target=\"_blank\" rel=\"noopener noreferrer\"><img loading=\"lazy\" decoding=\"async\" class=\"wp-image-583 size-full aligncenter\" title=\"Taller de Capacitaci\u00f3n en materia de Monitoreo, Fiscalizaci\u00f3n y Protecci\u00f3n de los Glaciares y el Ambiente Periglacial\" src=\"https:\/\/www.glaciaresargentinos.gob.ar\/wp-content\/uploads\/legales\/tapas\/taller_capacitacion_20-10-2017.gif\" alt=\"Taller de Capacitaci\u00f3n en materia de Monitoreo, Fiscalizaci\u00f3n y Protecci\u00f3n de los Glaciares y el Ambiente Periglacial\" width=\"182\" height=\"256\" \/><\/a><br \/>\n<\/div>\n<\/div>\n<\/div><div class=\"clearboth\"><\/div>\n<\/div>\n<p>&nbsp;<\/p>\n<p>&nbsp;<\/p>\n<p>&nbsp;<\/p>\n<p>&nbsp;<\/p>\n","protected":false},"excerpt":{"rendered":"<p>&nbsp; &nbsp; &nbsp; &nbsp;<\/p>\n","protected":false},"author":1,"featured_media":903,"parent":0,"menu_order":0,"comment_status":"closed","ping_status":"closed","template":"page-theme.php","meta":{"footnotes":""},"class_list":["post-521","page","type-page","status-publish","has-post-thumbnail","hentry"],"_links":{"self":[{"href":"https:\/\/www.glaciaresargentinos.gob.ar\/index.php?rest_route=\/wp\/v2\/pages\/521","targetHints":{"allow":["GET"]}}],"collection":[{"href":"https:\/\/www.glaciaresargentinos.gob.ar\/index.php?rest_route=\/wp\/v2\/pages"}],"about":[{"href":"https:\/\/www.glaciaresargentinos.gob.ar\/index.php?rest_route=\/wp\/v2\/types\/page"}],"author":[{"embeddable":true,"href":"https:\/\/www.glaciaresargentinos.gob.ar\/index.php?rest_route=\/wp\/v2\/users\/1"}],"replies":[{"embeddable":true,"href":"https:\/\/www.glaciaresargentinos.gob.ar\/index.php?rest_route=%2Fwp%2Fv2%2Fcomments&post=521"}],"version-history":[{"count":352,"href":"https:\/\/www.glaciaresargentinos.gob.ar\/index.php?rest_route=\/wp\/v2\/pages\/521\/revisions"}],"predecessor-version":[{"id":3689,"href":"https:\/\/www.glaciaresargentinos.gob.ar\/index.php?rest_route=\/wp\/v2\/pages\/521\/revisions\/3689"}],"wp:featuredmedia":[{"embeddable":true,"href":"https:\/\/www.glaciaresargentinos.gob.ar\/index.php?rest_route=\/wp\/v2\/media\/903"}],"wp:attachment":[{"href":"https:\/\/www.glaciaresargentinos.gob.ar\/index.php?rest_route=%2Fwp%2Fv2%2Fmedia&parent=521"}],"curies":[{"name":"wp","href":"https:\/\/api.w.org\/{rel}","templated":true}]}}