{"id":3728,"date":"2026-04-22T16:06:33","date_gmt":"2026-04-22T19:06:33","guid":{"rendered":"https:\/\/www.glaciaresargentinos.gob.ar\/?page_id=3728"},"modified":"2026-04-22T16:12:16","modified_gmt":"2026-04-22T19:12:16","slug":"neuquen-prueba-4","status":"publish","type":"page","link":"https:\/\/www.glaciaresargentinos.gob.ar\/?page_id=3728","title":{"rendered":"Corral Negro"},"content":{"rendered":"<div class=\"row prk_row\"><div class=\"six columns\">\n<p style=\"text-align: center;\"><strong>Glaciar de escombros Corral Negro<\/strong><br \/>\n<iframe style=\"width: 482px; height: 435px;\" src=\"https:\/\/www.glaciaresargentinos.gob.ar\/monitoreo\/corral_negro\/mapa\/mapa.html\"><br \/>\n<\/iframe><\/p>\n<\/div><div class=\"six columns prk_last\"><div id=\"accordion_297\" class=\"prk_accordion\">\n<div class=\"header_font zero_color\">Acerca del monitoreo de la capa activa y tope de permafrost<\/div><div>\nLa capa activa de los glaciares de escombros es la zona superficial con congelamiento y descongelamiento estacional y por lo tanto es la zona del glaciar de escombros que efectivamente entrega agua a la cuenca. Si bien tambi\u00e9n es posible que ingrese agua por derretimiento de la base del permafrost, este volumen es significativamente menor (Barsch, 1996). <\/p>\n<p> Existen diversos m\u00e9todos para el monitoreo de capa activa en glaciares de escombros (Nelson y Hinkel, 2004). En los Andes Centrales, uno de los m\u00e9todos m\u00e1s probados y que se est\u00e1 expandiendo tanto en la Argentina (Trombotto, 2007) como en Chile (Az\u00f3car y Trombotto comunicaci\u00f3n personal, 2010) es mediante perforaciones superficiales (Hern\u00e1ndez, 2002) y la instalaci\u00f3n de termistores o term\u00f3metros digitales a diferentes profundidades. De esta manera es posible penetrar hasta el tope o l\u00edmite superior del permafrost y conocer las variaciones de temperatura en la capa activa y capa transicional a lo largo del a\u00f1o.<br \/>\n<\/div>\n<div class=\"header_font zero_color\">Acerca de las actividades realizadas en el glaciar<\/div><div>\n<div id=\"sensores-temperatura\" class=\"panel-collapse collapse\">\n<div class=\"panel-body\">\n            <strong>Infraestructura instrumental:<\/strong> En el Glaciar de Escombros Corral Negro se realiz\u00f3 una perforaci\u00f3n de 4,30 metros de profundidad, en la cual se instalaron 5 sensores de temperatura de tipo Geoprecision M-Log5W-Simple distribuidos a diferentes profundidades y en la interfase superficie\/aire. Esta disposici\u00f3n estrat\u00e9gica permite captar la variabilidad t\u00e9rmica en tres dimensiones: verticalmente a trav\u00e9s de los materiales, temporalmente a lo largo del ciclo anual, e interfacialmente en los l\u00edmites cr\u00edticos del sistema.<\/p>\n<p><strong>Par\u00e1metros analizados:<\/strong> A partir de las mediciones en profundidad y su comparaci\u00f3n sistem\u00e1tica con temperaturas superficiales, es posible caracterizar los siguientes par\u00e1metros fundamentales para la comprensi\u00f3n de la din\u00e1mica termopermafrost:<\/p>\n<ul style=\"margin-top: 10px; margin-left: 20px;\">\n<li>La difusividad t\u00e9rmica de los materiales que componen la capa activa, permitiendo determinar c\u00f3mo se propaga el calor a trav\u00e9s de dep\u00f3sitos de escombros heterog\u00e9neos.<\/li>\n<li>La variaci\u00f3n temporal y espacial de la onda t\u00e9rmica a lo largo del ciclo anual, identificando patrones estacionales y cambios interanuales.<\/li>\n<li>El espesor de la capa activa y la profundidad del tope del permafrost, par\u00e1metros cr\u00edticos para evaluar la estabilidad del sistema glacial.<\/li>\n<\/ul>\n<p><strong>Importancia cient\u00edfica:<\/strong> El espesor de la capa activa constituye quiz\u00e1s uno de los par\u00e1metros m\u00e1s importantes para entender la evoluci\u00f3n de la parte superior del permafrost de monta\u00f1a a largo plazo (Trombotto y Borzotta, 2009). Si el espesor de la capa activa aumenta, es factible asumir que el permafrost se est\u00e1 degradando (derritiendo) como resultado de una mayor penetraci\u00f3n de la onda de calor desde la superficie. Este indicador proporciona evidencia directa de los efectos del cambio clim\u00e1tico en sistemas glaciales de monta\u00f1a.<\/p>\n<p><strong>Serie de datos:<\/strong> Desde la instalaci\u00f3n en octubre de 2023 de los sensores hasta la fecha de la \u00faltima recolecci\u00f3n de datos en diciembre de 2025, se han cumplido m\u00e1s de 2 a\u00f1os continuos de mediciones ininterrumpidas de los valores de temperaturas en el interior del Glaciar de Escombros Corral Negro. Esta serie temporal proporciona informaci\u00f3n valiosa sobre la variabilidad t\u00e9rmica de corto y mediano plazo.<\/p>\n<p><strong>Clasificaci\u00f3n geomorfol\u00f3gica:<\/strong> Geomorfol\u00f3gicamente, seg\u00fan el Inventario Nacional de Glaciares (ING), el sitio se encuentra clasificado como un glaciar de escombros activo. Esta clasificaci\u00f3n coincide plenamente con los valores de temperaturas obtenidos mediante el monitoreo instrumental, confirmando la din\u00e1mica activa del sistema y la presencia de hielo de permafrost funcional en el interior de los dep\u00f3sitos de escombros.\n        <\/div>\n<\/p><\/div>\n<\/div>\n<div class=\"header_font zero_color\">Gr\u00e1ficos<\/div><div>\n<figure style=\"display:inline-block; margin: 0 1rem 1rem 0; float: left;\">\n  <img loading=\"lazy\" decoding=\"async\" class=\"alignleft\" src=\"https:\/\/www.glaciaresargentinos.gob.ar\/monitoreo\/corral_negro\/graficos\/imagen1.jpg\" width=\"450\" height=\"338\" \/><figcaption style=\"text-align: justify;\"><strong>Gr\u00e1fico 1:<\/strong> En el gr\u00e1fico se observan los valores de temperaturas distribuidos a distintas profundidades en la perforaci\u00f3n para el a\u00f1o 2024. Las curvas indican que a medida que se va llegando a mayor profundidad la temperatura baja por debajo de 0\u00b0C. Esto nos revela el espesor de la capa activa en unos 4.30m. Luego, las temperaturas permanecen en los niveles de congelamiento de forma continua, es decir que indican la presencia de la zona superior del permafrost.<\/figcaption><\/figure>\n<figure style=\"display:inline-block; margin: 0 1rem 1rem 0; float: left;\">\n  <img loading=\"lazy\" decoding=\"async\" class=\"alignleft\" src=\"https:\/\/www.glaciaresargentinos.gob.ar\/monitoreo\/corral_negro\/graficos\/imagen2.jpg\" width=\"450\" height=\"338\" \/><figcaption style=\"text-align: justify;\"><strong>Gr\u00e1fico 2:<\/strong> En el gr\u00e1fico se observan los valores de temperaturas distribuidos a distintas profundidades en la perforaci\u00f3n para el a\u00f1o 2025. Las curvas indican que a medida que se va llegando a mayor profundidad la temperatura baja por debajo de 0\u00b0C. Esto nos revela el espesor de la capa activa en unos 4.30m. Luego, las temperaturas permanecen en los niveles de congelamiento de forma continua, es decir que indican la presencia de la zona superior del permafrost.<\/figcaption><\/figure>\n<figure style=\"display:inline-block; margin: 0 1rem 1rem 0; float: left;\">\n  <img loading=\"lazy\" decoding=\"async\" class=\"alignleft\" src=\"https:\/\/www.glaciaresargentinos.gob.ar\/monitoreo\/corral_negro\/graficos\/imagen3.png\" width=\"450\" height=\"338\" \/><figcaption style=\"text-align: justify;\"><strong>Gr\u00e1fico 3:<\/strong> El gr\u00e1fico 2 muestra los ciclos de congelamiento y descongelamiento de la capa activa, a lo largo de 2 a\u00f1os. Este comportamiento se produce por el calentamiento de la superficie en verano y enfriamiento en invierno, desde arriba hacia abajo. Por debajo de 4.2 &#8211; 4.3 m, las temperaturas permanecen estables y debajo de 0\u00b0C, indicando la presencia de suelo congelado permanentemente o permafrost.<\/figcaption><\/figure>\n<\/div>\n<div class=\"header_font zero_color\">Campa\u00f1as<\/div><div>\n<div class=\"panel\">\n<h4 class=\"panel-title\">\n        <a data-toggle=\"collapse\" href=\"#corral-negro-2023\">2023<\/a><br \/>\n    <\/h4>\n<div id=\"corral-negro-2023\" class=\"panel-collapse collapse\">\n<div class=\"panel-body\">\n            <strong>Del 7 al 14 de octubre:<\/strong> Exploraci\u00f3n integral del sitio de investigaci\u00f3n, desarrollo de perforaciones en profundidad e instalaci\u00f3n de sensores para monitoreo continuo de condiciones subsuperficiales. Esta campa\u00f1a marc\u00f3 el inicio de los estudios intensivos en el Glaciar de Escombros Corral Negro, permitiendo la obtenci\u00f3n de datos fundamentales sobre las caracter\u00edsticas geof\u00edsicas y ambientales del sitio.\n        <\/div>\n<\/p><\/div>\n<\/div>\n<p><!-- 2024 --><\/p>\n<div class=\"panel\">\n<h4 class=\"panel-title\">\n        <a data-toggle=\"collapse\" href=\"#corral-negro-2024\">2024<\/a><br \/>\n    <\/h4>\n<div id=\"corral-negro-2024\" class=\"panel-collapse collapse\">\n<div class=\"panel-body\">\n            <strong>Del 19 al 26 de abril:<\/strong> Instalaci\u00f3n de una Estaci\u00f3n Meteorol\u00f3gica Autom\u00e1tica (AWS) para la recopilaci\u00f3n sistem\u00e1tica de datos clim\u00e1ticos en el sitio, y redise\u00f1o integral del sistema de sujeci\u00f3n y fijaci\u00f3n de los sensores de profundidad, mejorando la estabilidad y precisi\u00f3n de las mediciones. La instalaci\u00f3n de la estaci\u00f3n meteorol\u00f3gica autom\u00e1tica permite registrar de forma aut\u00f3noma datos meteorol\u00f3gicos de forma horaria generando informaci\u00f3n de gran valor para el estudio y monitoreo del glaciar.\n <\/div>\n<\/p><\/div>\n<\/div>\n<p><!-- 2025 --><\/p>\n<div class=\"panel\">\n<h4 class=\"panel-title\">\n        <a data-toggle=\"collapse\" href=\"#corral-negro-2025\">2025<\/a><br \/>\n    <\/h4>\n<div id=\"corral-negro-2025\" class=\"panel-collapse collapse\">\n<div class=\"panel-body\">\n            <strong>Del 30 de noviembre al 2 de diciembre:<\/strong> Recopilaci\u00f3n y transferencia de informaci\u00f3n registrada por los sensores de profundidad y la Estaci\u00f3n Meteorol\u00f3gica Autom\u00e1tica. Realizaci\u00f3n de una charla abierta dirigida a la comunidad de La Poma para compartir resultados de investigaci\u00f3n, metodolog\u00edas utilizadas y avances cient\u00edficos del proyecto. La charla comunitaria refuerza el compromiso con la divulgaci\u00f3n cient\u00edfica y el involucramiento de poblaciones locales en iniciativas de investigaci\u00f3n glaciol\u00f3gica.\n        <\/div>\n<\/p><\/div>\n<\/div>\n<\/div>\n<div class=\"header_font zero_color\">Fotos<\/div><div>\n<figure style=\"display:inline-block; margin: 0 1rem 1rem 0; float: left;\">\n  <img loading=\"lazy\" decoding=\"async\" class=\"alignleft\" src=\"https:\/\/www.glaciaresargentinos.gob.ar\/monitoreo\/corral_negro\/fotos\/Aprox.jpeg\" width=\"450\" height=\"338\" \/><figcaption>Aproximaci\u00f3n al frente del glaciar<\/figcaption><\/figure>\n<figure style=\"display:inline-block; margin: 0 1rem 1rem 0; float: left;\">\n  <img loading=\"lazy\" decoding=\"async\" class=\"alignleft\" src=\"https:\/\/www.glaciaresargentinos.gob.ar\/monitoreo\/corral_negro\/fotos\/Estacion.JPG\" width=\"450\" height=\"338\" \/><figcaption>Estaci\u00f3n meteorol\u00f3gica<\/figcaption><\/figure>\n<figure style=\"display:inline-block; margin: 0 1rem 1rem 0; float: left;\">\n  <img loading=\"lazy\" decoding=\"async\" class=\"alignleft\" src=\"https:\/\/www.glaciaresargentinos.gob.ar\/monitoreo\/corral_negro\/fotos\/captura_datos.JPG\" width=\"450\" height=\"338\" \/><figcaption>Captura de datos en el glaciar<\/figcaption><\/figure>\n<figure style=\"display:inline-block; margin: 0 1rem 1rem 0; float: left;\">\n  <img loading=\"lazy\" decoding=\"async\" class=\"alignleft\" src=\"https:\/\/www.glaciaresargentinos.gob.ar\/monitoreo\/corral_negro\/fotos\/frente.JPG\" width=\"450\" height=\"338\" \/><figcaption>Frente del glaciar<\/figcaption><\/figure>\n<figure style=\"display:inline-block; margin: 0 1rem 1rem 0; float: left;\">\n  <img loading=\"lazy\" decoding=\"async\" class=\"alignleft\" src=\"https:\/\/www.glaciaresargentinos.gob.ar\/monitoreo\/corral_negro\/fotos\/superficie.JPG\" width=\"450\" height=\"338\" \/><figcaption>Superficie del glaciar, sector de la perforaci\u00f3n<\/figcaption><\/figure>\n<figure style=\"display:inline-block; margin: 0 1rem 1rem 0; float: left;\">\n  <img loading=\"lazy\" decoding=\"async\" class=\"alignleft\" src=\"https:\/\/www.glaciaresargentinos.gob.ar\/monitoreo\/corral_negro\/fotos\/talud.JPG\" width=\"450\" height=\"338\" \/><figcaption>Vista del talud frontal del glaciar<\/figcaption><\/figure>\n<\/div>\n<\/div>\n<\/div><div class=\"clearboth\"><\/div>\n<\/div>\n","protected":false},"excerpt":{"rendered":"","protected":false},"author":1,"featured_media":892,"parent":0,"menu_order":0,"comment_status":"closed","ping_status":"closed","template":"page-theme.php","meta":{"footnotes":""},"class_list":["post-3728","page","type-page","status-publish","has-post-thumbnail","hentry"],"_links":{"self":[{"href":"https:\/\/www.glaciaresargentinos.gob.ar\/index.php?rest_route=\/wp\/v2\/pages\/3728","targetHints":{"allow":["GET"]}}],"collection":[{"href":"https:\/\/www.glaciaresargentinos.gob.ar\/index.php?rest_route=\/wp\/v2\/pages"}],"about":[{"href":"https:\/\/www.glaciaresargentinos.gob.ar\/index.php?rest_route=\/wp\/v2\/types\/page"}],"author":[{"embeddable":true,"href":"https:\/\/www.glaciaresargentinos.gob.ar\/index.php?rest_route=\/wp\/v2\/users\/1"}],"replies":[{"embeddable":true,"href":"https:\/\/www.glaciaresargentinos.gob.ar\/index.php?rest_route=%2Fwp%2Fv2%2Fcomments&post=3728"}],"version-history":[{"count":4,"href":"https:\/\/www.glaciaresargentinos.gob.ar\/index.php?rest_route=\/wp\/v2\/pages\/3728\/revisions"}],"predecessor-version":[{"id":3736,"href":"https:\/\/www.glaciaresargentinos.gob.ar\/index.php?rest_route=\/wp\/v2\/pages\/3728\/revisions\/3736"}],"wp:featuredmedia":[{"embeddable":true,"href":"https:\/\/www.glaciaresargentinos.gob.ar\/index.php?rest_route=\/wp\/v2\/media\/892"}],"wp:attachment":[{"href":"https:\/\/www.glaciaresargentinos.gob.ar\/index.php?rest_route=%2Fwp%2Fv2%2Fmedia&parent=3728"}],"curies":[{"name":"wp","href":"https:\/\/api.w.org\/{rel}","templated":true}]}}