{"id":2962,"date":"2020-11-09T14:20:54","date_gmt":"2020-11-09T17:20:54","guid":{"rendered":"http:\/\/www.glaciaresargentinos.gob.ar\/?page_id=2962"},"modified":"2022-12-06T12:19:48","modified_gmt":"2022-12-06T15:19:48","slug":"neuquen-2","status":"publish","type":"page","link":"https:\/\/www.glaciaresargentinos.gob.ar\/?page_id=2962","title":{"rendered":"Neuqu\u00e9n"},"content":{"rendered":"<div class=\"row prk_row\"><div class=\"six columns\"><img loading=\"lazy\" decoding=\"async\" class=\"alignnone size-full wp-image-831\" title=\"Provincia de Neuqu\u00e9n\" src=\"https:\/\/www.glaciaresargentinos.gob.ar\/wp-content\/uploads\/2015\/03\/Neuquen-02-tit-1200.jpg\" alt=\"Provincia de Neuqu\u00e9n\" width=\"1200\" height=\"800\"\/><\/div><div class=\"six columns prk_last\"><div id=\"accordion_154\" class=\"prk_accordion\">\n<div class=\"header_font zero_color\">Subcuencas del r\u00edo Barrancas y arroyo Chacaico<\/div><div>Como citar:&nbsp; IANIGLA-Inventario Nacional de Glaciares. 2018. Informe de las subcuencas del r\u00edo Barrancas y arroyo Chacaico. Cuenca del r\u00edo Colorado. IANIGLA-CONICET, Ministerio de Ambiente y Desarrollo Sustentable de la Naci\u00f3n. Pp.57.<\/p>\n<p><span style=\"color: #000080;\"><a style=\"color: #000080;\" href=\"\/wp-content\/uploads\/provincias\/Neuquen\/docs\/informes\/informe_final_barrancas-chacaico_APN_24-04-2018.pdf\" target=\"_blank\" rel=\"noopener noreferrer\"><img loading=\"lazy\" decoding=\"async\" class=\"alignleft wp-image-479 size-full\" title=\"Informe Subcuencas del r\u00edo Barrancas y arroyo Chacaico\" src=\"https:\/\/www.glaciaresargentinos.gob.ar\/wp-content\/uploads\/provincias\/Neuquen\/docs\/tapas\/informe_barrancas-chacaico.ico\" alt=\"Informe Subcuencas del r\u00edo Barrancas y arroyo Chacaico\" width=\"180\" height=\"256\"\/><\/a><a style=\"color: #000080;\" href=\"\/wp-content\/uploads\/provincias\/Neuquen\/docs\/mapas\/mapa_final_barrancas-chacaico_APN_30-04-2018.pdf\" target=\"_blank\" rel=\"noopener noreferrer\"><img loading=\"lazy\" decoding=\"async\" class=\"alignright wp-image-480\" title=\"Mapa Subcuencas del r\u00edo Barrancas y arroyo Chacaico\" src=\"\/wp-content\/uploads\/provincias\/Neuquen\/docs\/tapas\/mapa_barrancas-chacaico.ico\" alt=\"Mapa Subcuencas del r\u00edo Barrancas y arroyo Chacaico\" width=\"181\" height=\"256\"\/><\/a><\/span><a href=\"https:\/\/www.glaciaresargentinos.gob.ar\/wp-content\/uploads\/shapes\/40-Barrancas-Chacaico.zip\" target=\"_blank\" rel=\"noopener noreferrer\"><img loading=\"lazy\" decoding=\"async\" class=\"alignright\" title=\"Descarga SHAPE y KML Glaciares Subcuencas del r\u00edo Barrancas y arroyo Chacaico\" src=\"\/wp-content\/uploads\/shapes\/shp_kml.png\" width=\"50\" height=\"50\"\/><\/a><\/div>\n<div class=\"header_font zero_color\">Subcuenca del r\u00edo Neuqu\u00e9n Norte<\/div><div>Como citar:&nbsp; IANIGLA-Inventario Nacional de Glaciares. 2018. Informe de la subcuenca del r\u00edo Neuqu\u00e9n Norte. Cuenca del r\u00edo Neuqu\u00e9n. IANIGLA-CONICET, Ministerio de Ambiente y Desarrollo Sustentable de la Naci\u00f3n. Pp.71.<\/p>\n<p><a href=\"\/wp-content\/uploads\/provincias\/Neuquen\/docs\/informes\/informe_final_neuquen-norte_APN_24-04-2018.pdf\" target=\"_blank\" rel=\"noopener noreferrer\"><img decoding=\"async\" class=\"alignleft size-full wp-image-479\" title=\"Informe Subcuenca del r\u00edo Neuqu\u00e9n Norte\" src=\"\/wp-content\/uploads\/provincias\/Neuquen\/docs\/tapas\/informe_neuquen-norte.ico\" alt=\"Informe Subcuenca del r\u00edo Neuqu\u00e9n Norte\"\/><\/a><a href=\"\/wp-content\/uploads\/provincias\/Neuquen\/docs\/mapas\/mapa_final_neuquen-norte_APN_30-04-2018.pdf\" target=\"_blank\" rel=\"noopener noreferrer\"><img loading=\"lazy\" decoding=\"async\" class=\"alignright wp-image-480\" title=\"Mapa Subcuenca del r\u00edo Neuqu\u00e9n Norte\" src=\"\/wp-content\/uploads\/provincias\/Neuquen\/docs\/tapas\/mapa_neuquen-norte.ico\" alt=\"Mapa Subcuenca del r\u00edo Neuqu\u00e9n Norte\" width=\"256\" height=\"181\"\/><\/a><a href=\"https:\/\/www.glaciaresargentinos.gob.ar\/wp-content\/uploads\/shapes\/41-Neuquen_Norte.zip\" target=\"_blank\" rel=\"noopener noreferrer\"><img loading=\"lazy\" decoding=\"async\" class=\"alignright\" title=\"Descarga SHAPE y KML Glaciares Subcuenca del r\u00edo Neuqu\u00e9n Norte\" src=\"\/wp-content\/uploads\/shapes\/shp_kml.png\" width=\"50\" height=\"50\"\/><\/a><br \/>\n<\/div><div class=\"header_font zero_color\">Subcuenca de los r\u00edos Agrio y Covunco<\/div><div>Como citar:&nbsp; IANIGLA-Inventario Nacional de Glaciares. 2018. Informe de la subcuenca de los r\u00edos Agrio y Covunco. Cuenca del r\u00edo Neuqu\u00e9n. IANIGLA-CONICET, Ministerio de Ambiente y Desarrollo Sustentable de la Naci\u00f3n. Pp.48.<\/p>\n<p><a href=\"\/wp-content\/uploads\/provincias\/Neuquen\/docs\/informes\/informe_final_agrio-covunco_APN_24-04-2018.pdf\" target=\"_blank\" rel=\"noopener noreferrer\"><img decoding=\"async\" class=\"alignleft size-full wp-image-479\" title=\"Informe Subcuenca de los r\u00edos Agrio y Covunco\" src=\"\/wp-content\/uploads\/provincias\/Neuquen\/docs\/tapas\/informe_agrio-covunco.ico\" alt=\"Informe Subcuenca de los r\u00edos Agrio y Covunco\"\/><\/a><a href=\"\/wp-content\/uploads\/provincias\/Neuquen\/docs\/mapas\/mapa_final_agrio-covunco_APN_30-04-2018.pdf\" target=\"_blank\" rel=\"noopener noreferrer\"><img loading=\"lazy\" decoding=\"async\" class=\"alignright wp-image-480\" title=\"Mapa Subcuenca de los r\u00edos Agrio y Covunco\" src=\"\/wp-content\/uploads\/provincias\/Neuquen\/docs\/tapas\/mapa_agrio-covunco.ico\" alt=\"Mapa Subcuenca de los r\u00edos Agrio y Covunco\" width=\"256\" height=\"182\"\/><\/a><a href=\"https:\/\/www.glaciaresargentinos.gob.ar\/wp-content\/uploads\/shapes\/42-Agrio-Covunco.zip\" target=\"_blank\" rel=\"noopener noreferrer\"><img loading=\"lazy\" decoding=\"async\" class=\"alignright\" title=\"Descarga SHAPE y KML Glaciares Subcuenca de los r\u00edos Agrio y Covunco\" src=\"\/wp-content\/uploads\/shapes\/shp_kml.png\" width=\"50\" height=\"50\"\/><\/a><\/div><div class=\"header_font zero_color\">Cuenca del r\u00edo Hua-Hum<\/div><div>Como citar:&nbsp; IANIGLA-Inventario Nacional de Glaciares. 2018. Informe de la cuenca del r\u00edo Hua-Hum. Cuenca del r\u00edo Neuqu\u00e9n. IANIGLA-CONICET, Ministerio de Ambiente y Desarrollo Sustentable de la Naci\u00f3n. Pp.40.<\/p>\n<p><a href=\"\/wp-content\/uploads\/provincias\/Neuquen\/docs\/informes\/informe_final_hua-hum_APN_24-04-2018.pdf\" target=\"_blank\" rel=\"noopener noreferrer\"><img decoding=\"async\" class=\"alignleft size-full wp-image-479\" title=\"Informe Cuenca del r\u00edo Hua-Hum\" src=\"\/wp-content\/uploads\/provincias\/Neuquen\/docs\/tapas\/informe_hua-hum.ico\" alt=\"Informe Cuenca del r\u00edo Hua-Hum\"\/><\/a><a href=\"\/wp-content\/uploads\/provincias\/Neuquen\/docs\/mapas\/mapa_final_hua-hum_APN_30-04-2018.pdf\" target=\"_blank\" rel=\"noopener noreferrer\"><img loading=\"lazy\" decoding=\"async\" class=\"alignright wp-image-480\" title=\"Mapa Cuenca del r\u00edo Hua-Hum\" src=\"\/wp-content\/uploads\/provincias\/Neuquen\/docs\/tapas\/mapa_hua-hum.ico\" alt=\"Mapa Cuenca del r\u00edo Hua-Hum\" width=\"256\" height=\"182\"\/><\/a><a href=\"https:\/\/www.glaciaresargentinos.gob.ar\/wp-content\/uploads\/shapes\/43-Hua-Hum.zip\" target=\"_blank\" rel=\"noopener noreferrer\"><img loading=\"lazy\" decoding=\"async\" class=\"alignright\" title=\"Descarga SHAPE y KML Glaciares Cuenca del r\u00edo Hua-Hum\" src=\"\/wp-content\/uploads\/shapes\/shp_kml.png\" width=\"50\" height=\"50\"\/><\/a><\/div><div class=\"header_font zero_color\">Subcuencas de los r\u00edos Coll\u00f3n Cur\u00e1 y Pic\u00fan Leuf\u00fa<\/div><div>Como citar:&nbsp; IANIGLA-Inventario Nacional de Glaciares. 2018. Informe de las subcuencas de los r\u00edos Coll\u00f3n Cur\u00e1 y Pic\u00fan Leuf\u00fa. Cuenca del r\u00edo Limay. IANIGLA-CONICET, Ministerio de Ambiente y Desarrollo Sustentable de la Naci\u00f3n. Pp.51.<\/p>\n<p><a href=\"\/wp-content\/uploads\/provincias\/Neuquen\/docs\/informes\/informe_final_collon-cura_picun-leufu_APN_24-04-2018.pdf\" target=\"_blank\" rel=\"noopener noreferrer\"><img decoding=\"async\" class=\"alignleft size-full wp-image-479\" title=\"Informe Subcuencas de los r\u00edos Coll\u00f3n Cur\u00e1 y Pic\u00fan Leuf\u00fa\" src=\"\/wp-content\/uploads\/provincias\/Neuquen\/docs\/tapas\/informe_collon-cura_picun-leufu.ico\" alt=\"Informe Subcuencas de los r\u00edos Coll\u00f3n Cur\u00e1 y Pic\u00fan Leuf\u00fa\"\/><\/a><a href=\"\/wp-content\/uploads\/provincias\/Neuquen\/docs\/mapas\/mapa_final_collon_cura-picun_leufu_APN_09-05-2018.pdf\" target=\"_blank\" rel=\"noopener noreferrer\"><img loading=\"lazy\" decoding=\"async\" class=\"alignright wp-image-480\" title=\"Mapa Subcuencas de los r\u00edos Coll\u00f3n Cur\u00e1 y Pic\u00fan Leuf\u00fa\" src=\"\/wp-content\/uploads\/provincias\/Neuquen\/docs\/tapas\/mapa_collon-cura_picun-leufu.ico\" alt=\"Mapa Subcuencas de los r\u00edos Coll\u00f3n Cur\u00e1 y Pic\u00fan Leuf\u00fa\" width=\"181\" height=\"256\"\/><\/a><a href=\"https:\/\/www.glaciaresargentinos.gob.ar\/wp-content\/uploads\/shapes\/44-Collon_Cura-Picun_Leufu.zip\" target=\"_blank\" rel=\"noopener noreferrer\"><img loading=\"lazy\" decoding=\"async\" class=\"alignright\" title=\"Descarga SHAPE y KML Glaciares Subcuencas de los r\u00edos Coll\u00f3n Cur\u00e1 y Pic\u00fan Leuf\u00fa\" src=\"\/wp-content\/uploads\/shapes\/shp_kml.png\" width=\"50\" height=\"50\"\/><\/a><\/div><div class=\"header_font zero_color\">Subcuenca del r\u00edo Limay Sur<\/div><div>Como citar:&nbsp; IANIGLA-Inventario Nacional de Glaciares. 2018. Informe de la subcuenca del r\u00edo Limay Sur. Cuenca del r\u00edo Limay. IANIGLA-CONICET, Ministerio de Ambiente y Desarrollo Sustentable de la Naci\u00f3n. Pp.50.<\/p>\n<p><a href=\"\/wp-content\/uploads\/provincias\/Neuquen\/docs\/informes\/informe_final_limay-sur_APN_26-04-2018.pdf\" target=\"_blank\" rel=\"noopener noreferrer\"><img decoding=\"async\" class=\"alignleft size-full wp-image-479\" title=\"Informe Subcuenca del r\u00edo Limay Sur\" src=\"\/wp-content\/uploads\/provincias\/Neuquen\/docs\/tapas\/informe_limay-sur.ico\" alt=\"Informe Subcuenca del r\u00edo Limay Sur\"\/><\/a><a href=\"\/wp-content\/uploads\/provincias\/Neuquen\/docs\/mapas\/mapa_final_limay-sur_APN_30-04-2018.pdf\" target=\"_blank\" rel=\"noopener noreferrer\"><img loading=\"lazy\" decoding=\"async\" class=\"alignright wp-image-480\" title=\"Mapa Subcuenca del r\u00edo Limay Sur\" src=\"\/wp-content\/uploads\/provincias\/Neuquen\/docs\/tapas\/mapa_limay-sur.ico\" alt=\"Mapa Subcuenca del r\u00edo Limay Sur\" width=\"181\" height=\"256\"\/><\/a><a href=\"https:\/\/www.glaciaresargentinos.gob.ar\/wp-content\/uploads\/shapes\/45-Limay_Sur.zip\" target=\"_blank\" rel=\"noopener noreferrer\"><img loading=\"lazy\" decoding=\"async\" class=\"alignright\" title=\"Descarga SHAPE y KML Glaciares Subcuenca del r\u00edo Limay Sur\" src=\"\/wp-content\/uploads\/shapes\/shp_kml.png\" width=\"50\" height=\"50\"\/><\/a><\/div><\/div><\/div><div class=\"clearboth\"><\/div><\/div>\n","protected":false},"excerpt":{"rendered":"","protected":false},"author":1,"featured_media":919,"parent":0,"menu_order":0,"comment_status":"closed","ping_status":"closed","template":"page-theme.php","meta":{"footnotes":""},"class_list":["post-2962","page","type-page","status-publish","has-post-thumbnail","hentry"],"_links":{"self":[{"href":"https:\/\/www.glaciaresargentinos.gob.ar\/index.php?rest_route=\/wp\/v2\/pages\/2962","targetHints":{"allow":["GET"]}}],"collection":[{"href":"https:\/\/www.glaciaresargentinos.gob.ar\/index.php?rest_route=\/wp\/v2\/pages"}],"about":[{"href":"https:\/\/www.glaciaresargentinos.gob.ar\/index.php?rest_route=\/wp\/v2\/types\/page"}],"author":[{"embeddable":true,"href":"https:\/\/www.glaciaresargentinos.gob.ar\/index.php?rest_route=\/wp\/v2\/users\/1"}],"replies":[{"embeddable":true,"href":"https:\/\/www.glaciaresargentinos.gob.ar\/index.php?rest_route=%2Fwp%2Fv2%2Fcomments&post=2962"}],"version-history":[{"count":5,"href":"https:\/\/www.glaciaresargentinos.gob.ar\/index.php?rest_route=\/wp\/v2\/pages\/2962\/revisions"}],"predecessor-version":[{"id":3489,"href":"https:\/\/www.glaciaresargentinos.gob.ar\/index.php?rest_route=\/wp\/v2\/pages\/2962\/revisions\/3489"}],"wp:featuredmedia":[{"embeddable":true,"href":"https:\/\/www.glaciaresargentinos.gob.ar\/index.php?rest_route=\/wp\/v2\/media\/919"}],"wp:attachment":[{"href":"https:\/\/www.glaciaresargentinos.gob.ar\/index.php?rest_route=%2Fwp%2Fv2%2Fmedia&parent=2962"}],"curies":[{"name":"wp","href":"https:\/\/api.w.org\/{rel}","templated":true}]}}