{"id":2918,"date":"2020-10-19T15:52:31","date_gmt":"2020-10-19T18:52:31","guid":{"rendered":"http:\/\/192.168.122.17\/?page_id=2918"},"modified":"2025-04-04T08:58:14","modified_gmt":"2025-04-04T11:58:14","slug":"en-elaboracion-3","status":"publish","type":"page","link":"https:\/\/www.glaciaresargentinos.gob.ar\/?page_id=2918","title":{"rendered":"Formulario de contacto"},"content":{"rendered":"<p><iframe loading=\"lazy\" width=\"100%\" height=\"300\" frameborder=\"0\" src=\"https:\/\/www.google.com\/maps\/embed?pb=!1m18!1m12!1m3!1d3350.146072130181!2d-68.87530800000003!3d-32.89430600000001!2m3!1f0!2f0!3f0!3m2!1i1024!2i768!4f13.1!3m3!1m2!1s0x967e09b13ee7eeeb%3A0x4b06443cc3bcd276!2sCentro+Cient%C3%ADfico+Tecnol%C3%B3gico+Mendoza!5e0!3m2!1ses-419!2sar!4v1429627918420\"><span style=\"display: inline-block; width: 0px; overflow: hidden; line-height: 0;\" data-mce-type=\"bookmark\" class=\"mce_SELRES_start\">\ufeff<\/span><\/iframe><\/p>\n<p><strong>Contacto<\/strong><br \/>\nAv. Dr. Adri\u00e1n Ruiz Leal s\/n &#8211; Parque Gral. San Mart\u00edn<br \/>\nCP 5500 Ciudad de Mendoza<br \/>\nCasilla de correo 330<br \/>\nRep\u00fablica Argentina<br \/>\nTel\u00e9fono: +54 261 5244200<br \/>\nEmail: ing@mendoza-conicet.gob.ar<br \/>\n&nbsp;<\/p>\n<p><!--<strong>Formulario de contacto<\/strong>\n[wpforms id=\"2917\"]--><\/p>\n","protected":false},"excerpt":{"rendered":"<p>\ufeff Contacto Av. Dr. Adri\u00e1n Ruiz Leal s\/n &#8211; Parque Gral. San Mart\u00edn CP 5500 Ciudad de Mendoza Casilla de correo 330 Rep\u00fablica Argentina Tel\u00e9fono: +54 261 5244200 Email: ing@mendoza-conicet.gob.ar &nbsp;<\/p>\n","protected":false},"author":1,"featured_media":0,"parent":0,"menu_order":0,"comment_status":"closed","ping_status":"closed","template":"page-theme.php","meta":{"footnotes":""},"class_list":["post-2918","page","type-page","status-publish","hentry"],"_links":{"self":[{"href":"https:\/\/www.glaciaresargentinos.gob.ar\/index.php?rest_route=\/wp\/v2\/pages\/2918","targetHints":{"allow":["GET"]}}],"collection":[{"href":"https:\/\/www.glaciaresargentinos.gob.ar\/index.php?rest_route=\/wp\/v2\/pages"}],"about":[{"href":"https:\/\/www.glaciaresargentinos.gob.ar\/index.php?rest_route=\/wp\/v2\/types\/page"}],"author":[{"embeddable":true,"href":"https:\/\/www.glaciaresargentinos.gob.ar\/index.php?rest_route=\/wp\/v2\/users\/1"}],"replies":[{"embeddable":true,"href":"https:\/\/www.glaciaresargentinos.gob.ar\/index.php?rest_route=%2Fwp%2Fv2%2Fcomments&post=2918"}],"version-history":[{"count":16,"href":"https:\/\/www.glaciaresargentinos.gob.ar\/index.php?rest_route=\/wp\/v2\/pages\/2918\/revisions"}],"predecessor-version":[{"id":3701,"href":"https:\/\/www.glaciaresargentinos.gob.ar\/index.php?rest_route=\/wp\/v2\/pages\/2918\/revisions\/3701"}],"wp:attachment":[{"href":"https:\/\/www.glaciaresargentinos.gob.ar\/index.php?rest_route=%2Fwp%2Fv2%2Fmedia&parent=2918"}],"curies":[{"name":"wp","href":"https:\/\/api.w.org\/{rel}","templated":true}]}}