{"id":2552,"date":"2018-04-19T14:24:24","date_gmt":"2018-04-19T17:24:24","guid":{"rendered":"http:\/\/192.168.122.17\/?page_id=2552"},"modified":"2024-12-04T12:15:33","modified_gmt":"2024-12-04T15:15:33","slug":"jujuy-3","status":"publish","type":"page","link":"https:\/\/www.glaciaresargentinos.gob.ar\/?page_id=2552","title":{"rendered":"Andes Des\u00e9rticos"},"content":{"rendered":"<div class=\"row prk_row\"><div class=\"six columns\"><img loading=\"lazy\" decoding=\"async\" class=\"alignnone size-full wp-image-831\" title=\"Andes Des\u00e9rticos\" src=\"https:\/\/www.glaciaresargentinos.gob.ar\/wp-content\/uploads\/2017\/01\/Catamarca.jpg\" alt=\"Andes Des\u00e9rticos\" width=\"1200\" height=\"800\" \/><\/div><div class=\"six columns prk_last\"><div id=\"accordion_289\" class=\"prk_accordion\"><div class=\"header_font zero_color\">Andes Des\u00e9rticos: Jujuy - Salta - Tucum\u00e1n - Catamarca - La Rioja - San Juan (Cuenca R\u00edo Jachal)<\/div><div><span style=\"color: #000080;\"><a style=\"color: #000080;\" href=\"https:\/\/www.glaciaresargentinos.gob.ar\/wp-content\/uploads\/ING2\/informes\/informe_final_AD_26-11-2024.pdf\" target=\"_blank\" rel=\"noopener\"><img loading=\"lazy\" decoding=\"async\" class=\"alignleft wp-image-479\" title=\"Informe Andes Des\u00e9rticos\" src=\"\/wp-content\/uploads\/ING2\/tapas\/informe_AD.ico\" alt=\"Informe Andes Des\u00e9rticos\" width=\"181\" height=\"257\" \/><\/a><a style=\"color: #000080;\" href=\"\/wp-content\/uploads\/ING2\/mapas\/mapa_final_AD_26-11-2024.pdf\" target=\"_blank\" rel=\"noopener\"><img loading=\"lazy\" decoding=\"async\" class=\"alignright wp-image-480\" title=\"Mapa Andes Des\u00e9rticos\" src=\"\/wp-content\/uploads\/ING2\/tapas\/mapa_AD.ico\" alt=\"Mapa Andes Des\u00e9rticos\" width=\"181\" height=\"256\" \/><\/a><\/span><a href=\"https:\/\/www.glaciaresargentinos.gob.ar\/wp-content\/uploads\/ING2\/shapes\/01-andes_deserticos.zip\" target=\"_blank\" rel=\"noopener\"><img loading=\"lazy\" decoding=\"async\" class=\"alignright\" title=\"Descarga SHAPE Glaciares Andes Des\u00e9rticos\" src=\"\/wp-content\/uploads\/ING2\/shapes\/shp.png\" width=\"50\" height=\"50\"\/><\/a><\/div><\/div><\/div><div class=\"clearboth\"><\/div><\/div>\n","protected":false},"excerpt":{"rendered":"","protected":false},"author":1,"featured_media":903,"parent":0,"menu_order":0,"comment_status":"closed","ping_status":"closed","template":"page-theme.php","meta":{"footnotes":""},"class_list":["post-2552","page","type-page","status-publish","has-post-thumbnail","hentry"],"_links":{"self":[{"href":"https:\/\/www.glaciaresargentinos.gob.ar\/index.php?rest_route=\/wp\/v2\/pages\/2552","targetHints":{"allow":["GET"]}}],"collection":[{"href":"https:\/\/www.glaciaresargentinos.gob.ar\/index.php?rest_route=\/wp\/v2\/pages"}],"about":[{"href":"https:\/\/www.glaciaresargentinos.gob.ar\/index.php?rest_route=\/wp\/v2\/types\/page"}],"author":[{"embeddable":true,"href":"https:\/\/www.glaciaresargentinos.gob.ar\/index.php?rest_route=\/wp\/v2\/users\/1"}],"replies":[{"embeddable":true,"href":"https:\/\/www.glaciaresargentinos.gob.ar\/index.php?rest_route=%2Fwp%2Fv2%2Fcomments&post=2552"}],"version-history":[{"count":15,"href":"https:\/\/www.glaciaresargentinos.gob.ar\/index.php?rest_route=\/wp\/v2\/pages\/2552\/revisions"}],"predecessor-version":[{"id":3677,"href":"https:\/\/www.glaciaresargentinos.gob.ar\/index.php?rest_route=\/wp\/v2\/pages\/2552\/revisions\/3677"}],"wp:featuredmedia":[{"embeddable":true,"href":"https:\/\/www.glaciaresargentinos.gob.ar\/index.php?rest_route=\/wp\/v2\/media\/903"}],"wp:attachment":[{"href":"https:\/\/www.glaciaresargentinos.gob.ar\/index.php?rest_route=%2Fwp%2Fv2%2Fmedia&parent=2552"}],"curies":[{"name":"wp","href":"https:\/\/api.w.org\/{rel}","templated":true}]}}