{"id":2499,"date":"2018-02-19T10:40:38","date_gmt":"2018-02-19T13:40:38","guid":{"rendered":"http:\/\/192.168.122.17\/?page_id=2499"},"modified":"2022-12-06T12:01:02","modified_gmt":"2022-12-06T15:01:02","slug":"catamarca-3","status":"publish","type":"page","link":"https:\/\/www.glaciaresargentinos.gob.ar\/?page_id=2499","title":{"rendered":"Tucum\u00e1n"},"content":{"rendered":"<div class=\"row prk_row\"><div class=\"six columns\"><img loading=\"lazy\" decoding=\"async\" class=\"alignnone size-full wp-image-831\" title=\"Provincia de Tucum\u00e1n\" src=\"https:\/\/www.glaciaresargentinos.gob.ar\/wp-content\/uploads\/2018\/02\/Tucuman-02.jpg\" alt=\"Provincia de Tucum\u00e1n\" width=\"1200\" height=\"800\"\/><\/div><div class=\"six columns prk_last\"><div id=\"accordion_400\" class=\"prk_accordion\"><div class=\"header_font zero_color\">Subcuencas de los r\u00edos Vipos, Lules, Balderrama, Gastona y Medinas<\/div><div>Como citar:&nbsp; IANIGLA-Inventario Nacional de Glaciares. 2018. Informe de las subcuencas de los r\u00edos Vipos, Lules, Balderrama, Gastona y Medinas. Cuenca del r\u00edo Sal\u00ed-Dulce. IANIGLA-CONICET, Ministerio de Ambiente y Desarrollo Sustentable de la Naci\u00f3n. Pp.56.<\/p>\n<p><span style=\"color: #000080;\"><a style=\"color: #000080;\" href=\"https:\/\/www.glaciaresargentinos.gob.ar\/wp-content\/uploads\/provincias\/Tucuman\/docs\/informes\/informe_final_sali-dulce_APN_25-04-2018.pdf\" target=\"_blank\" rel=\"noopener\"><img loading=\"lazy\" decoding=\"async\" class=\"alignleft wp-image-479\" title=\"Informe Subcuencas de los r\u00edos Vipos, Lules, Balderrama, Gastona y Medinas\" src=\"\/wp-content\/uploads\/provincias\/Tucuman\/docs\/tapas\/informe_sali-dulce.ico\" alt=\"Informe Subcuencas de los r\u00edos Vipos, Lules, Balderrama, Gastona y Medinas\" width=\"181\" height=\"257\"\/><\/a><a style=\"color: #000080;\" href=\"\/wp-content\/uploads\/provincias\/Tucuman\/docs\/mapas\/mapa_final_sali-dulce_APN_30-04-2018.pdf\" target=\"_blank\" rel=\"noopener\"><img loading=\"lazy\" decoding=\"async\" class=\"alignright wp-image-480\" title=\"Mapa Subcuencas de los r\u00edos Vipos, Lules, Balderrama, Gastona y Medinas\" src=\"\/wp-content\/uploads\/provincias\/Tucuman\/docs\/tapas\/mapa_sali-dulce.ico\" alt=\"Mapa Subcuencas de los r\u00edos Vipos, Lules, Balderrama, Gastona y Medinas\" width=\"181\" height=\"256\"\/><\/a><\/span><a href=\"https:\/\/www.glaciaresargentinos.gob.ar\/wp-content\/uploads\/shapes\/14-Sali-Dulce.zip\" target=\"_blank\" rel=\"noopener\"><img loading=\"lazy\" decoding=\"async\" class=\"alignright\" title=\"Descarga SHAPE y KML Glaciares Subcuencas de los r\u00edos Vipos, Lules, Balderrama, Gastona y Medinas\" src=\"\/wp-content\/uploads\/shapes\/shp_kml.png\" width=\"50\" height=\"50\"\/><\/a><br \/>\n<\/div><\/div><\/div><div class=\"clearboth\"><\/div><\/div>\n","protected":false},"excerpt":{"rendered":"","protected":false},"author":1,"featured_media":919,"parent":0,"menu_order":0,"comment_status":"closed","ping_status":"closed","template":"page-theme.php","meta":{"footnotes":""},"class_list":["post-2499","page","type-page","status-publish","has-post-thumbnail","hentry"],"_links":{"self":[{"href":"https:\/\/www.glaciaresargentinos.gob.ar\/index.php?rest_route=\/wp\/v2\/pages\/2499","targetHints":{"allow":["GET"]}}],"collection":[{"href":"https:\/\/www.glaciaresargentinos.gob.ar\/index.php?rest_route=\/wp\/v2\/pages"}],"about":[{"href":"https:\/\/www.glaciaresargentinos.gob.ar\/index.php?rest_route=\/wp\/v2\/types\/page"}],"author":[{"embeddable":true,"href":"https:\/\/www.glaciaresargentinos.gob.ar\/index.php?rest_route=\/wp\/v2\/users\/1"}],"replies":[{"embeddable":true,"href":"https:\/\/www.glaciaresargentinos.gob.ar\/index.php?rest_route=%2Fwp%2Fv2%2Fcomments&post=2499"}],"version-history":[{"count":13,"href":"https:\/\/www.glaciaresargentinos.gob.ar\/index.php?rest_route=\/wp\/v2\/pages\/2499\/revisions"}],"predecessor-version":[{"id":3481,"href":"https:\/\/www.glaciaresargentinos.gob.ar\/index.php?rest_route=\/wp\/v2\/pages\/2499\/revisions\/3481"}],"wp:featuredmedia":[{"embeddable":true,"href":"https:\/\/www.glaciaresargentinos.gob.ar\/index.php?rest_route=\/wp\/v2\/media\/919"}],"wp:attachment":[{"href":"https:\/\/www.glaciaresargentinos.gob.ar\/index.php?rest_route=%2Fwp%2Fv2%2Fmedia&parent=2499"}],"curies":[{"name":"wp","href":"https:\/\/api.w.org\/{rel}","templated":true}]}}