{"id":1676,"date":"2017-01-20T12:26:46","date_gmt":"2017-01-20T15:26:46","guid":{"rendered":"http:\/\/192.168.122.17\/?page_id=1676"},"modified":"2022-12-06T11:58:29","modified_gmt":"2022-12-06T14:58:29","slug":"salta","status":"publish","type":"page","link":"https:\/\/www.glaciaresargentinos.gob.ar\/?page_id=1676","title":{"rendered":"Salta"},"content":{"rendered":"<div class=\"row prk_row\"><div class=\"six columns\"><img loading=\"lazy\" decoding=\"async\" class=\"alignnone size-full wp-image-831\" title=\"Provincia de Salta\" src=\"https:\/\/www.glaciaresargentinos.gob.ar\/wp-content\/uploads\/2017\/01\/Salta.jpg\" alt=\"Provincia de Salta\" width=\"1200\" height=\"800\"\/><\/div><div class=\"six columns prk_last\"><div id=\"accordion_490\" class=\"prk_accordion\"><div class=\"header_font zero_color\">Subcuenca del Salar de Cauchari<\/div><div>Como citar:&nbsp; IANIGLA-Inventario Nacional de Glaciares. 2018. Informe de la subcuenca del Salar de Cauchari. Cuencas Varias de la Puna. IANIGLA-CONICET, Ministerio de Ambiente y Desarrollo Sustentable de la Naci\u00f3n. Pp.47.<\/p>\n<p><span style=\"color: #000080;\"><a style=\"color: #000080;\" href=\"https:\/\/www.glaciaresargentinos.gob.ar\/wp-content\/uploads\/provincias\/Salta\/docs\/informes\/informe_final_salar_cauchari_APN_26-04-2018.pdf\" target=\"_blank\" rel=\"noopener\"><img loading=\"lazy\" decoding=\"async\" class=\"alignleft wp-image-479\" title=\"Informe Subcuenca del Salar de Cauchari\" src=\"\/wp-content\/uploads\/provincias\/Salta\/docs\/tapas\/informe_cauchari.ico\" alt=\"Informe Subcuenca del Salar de Cauchari\" width=\"181\" height=\"257\"\/><\/a><a style=\"color: #000080;\" href=\"\/wp-content\/uploads\/provincias\/Salta\/docs\/mapas\/mapa_final_salar_cauchari_APN_30-04-2018.pdf\" target=\"_blank\" rel=\"noopener\"><img loading=\"lazy\" decoding=\"async\" class=\"alignright wp-image-480\" title=\"Mapa Subcuenca del Salar de Cauchari\" src=\"\/wp-content\/uploads\/provincias\/Salta\/docs\/tapas\/mapa_cauchari.ico\" alt=\"Mapa Subcuenca del Salar de Cauchari\" width=\"256\" height=\"181\"\/><\/a><\/span><a href=\"https:\/\/www.glaciaresargentinos.gob.ar\/wp-content\/uploads\/shapes\/06-Salar-Cauchari.zip\" target=\"_blank\" rel=\"noopener\"><img loading=\"lazy\" decoding=\"async\" class=\"alignright\" title=\"Descarga SHAPE y KML Glaciares Subcuenca del Salar de Cauchari\" src=\"\/wp-content\/uploads\/shapes\/shp_kml.png\" width=\"50\" height=\"50\"\/><\/a><br \/>\n<\/div><div class=\"header_font zero_color\">Subcuencas de los r\u00edos Iruya, Condado, Pescado superior y Blanco<\/div><div>Como citar:&nbsp; IANIGLA-Inventario Nacional de Glaciares. 2018. Informe de las subcuencas de los r\u00edos Iruya, Condado, Pescado superior y Blanco Sector Bermejo superior. Cuenca del r\u00edo Bermejo. IANIGLA-CONICET, Ministerio de Ambiente y Desarrollo Sustentable de la Naci\u00f3n. Pp.79.<\/p>\n<p><span style=\"color: #000080;\"><a style=\"color: #000080;\" href=\"https:\/\/www.glaciaresargentinos.gob.ar\/wp-content\/uploads\/provincias\/Salta\/docs\/informes\/informe_final_iruya-condado-pescado_superior-blanco_APN_26-04-2018.pdf\" target=\"_blank\" rel=\"noopener\"><img loading=\"lazy\" decoding=\"async\" class=\"alignleft wp-image-479\" title=\"Informe Subcuencas de los r\u00edos Iruya, Condado, Pescado superior y Blanco\" src=\"\/wp-content\/uploads\/provincias\/Salta\/docs\/tapas\/informe_iruya-condado-pescado_superior-blanco.ico\" alt=\"Informe Subcuencas de los r\u00edos Iruya, Condado, Pescado superior y Blanco\" width=\"181\" height=\"257\"\/><\/a><a style=\"color: #000080;\" href=\"\/wp-content\/uploads\/provincias\/Salta\/docs\/mapas\/mapa_final_iruya-condado-pescado_superior-blanco_APN_30-04-2018.pdf\" target=\"_blank\" rel=\"noopener\"><img loading=\"lazy\" decoding=\"async\" class=\"alignright wp-image-480\" title=\"Mapa Subcuencas de los r\u00edos Iruya, Condado, Pescado superior y Blanco\" src=\"\/wp-content\/uploads\/provincias\/Salta\/docs\/tapas\/mapa_iruya-condado-pescado_superior-blanco.ico\" alt=\"Mapa Subcuencas de los r\u00edos Iruya, Condado, Pescado superior y Blanco\" width=\"181\" height=\"256\"\/><\/a><\/span><a href=\"https:\/\/www.glaciaresargentinos.gob.ar\/wp-content\/uploads\/shapes\/09-Iruya-Condado-Pescado_Superior-Blanco.zip\" target=\"_blank\" rel=\"noopener\"><img loading=\"lazy\" decoding=\"async\" class=\"alignright\" title=\"Descarga SHAPE y KML Glaciares Subcuencas de los r\u00edos Iruya, Condado, Pescado superior y Blanco\" src=\"\/wp-content\/uploads\/shapes\/shp_kml.png\" width=\"50\" height=\"50\"\/><\/a><br \/>\n<\/div><div class=\"header_font zero_color\">Subcuenca del Salar de Arizaro<\/div><div>Como citar:&nbsp; IANIGLA-Inventario Nacional de Glaciares. 2018. Informe de la subcuenca del Salar de Arizaro. Cuencas Varias de la Puna. IANIGLA-CONICET, Ministerio de Ambiente y Desarrollo Sustentable de la Naci\u00f3n. Pp.51.<\/p>\n<p><span style=\"color: #000080;\"><a style=\"color: #000080;\" href=\"https:\/\/www.glaciaresargentinos.gob.ar\/wp-content\/uploads\/provincias\/Salta\/docs\/informes\/informe_final_salar_arizaro_APN_26-04-2018.pdf\" target=\"_blank\" rel=\"noopener\"><img loading=\"lazy\" decoding=\"async\" class=\"alignleft wp-image-479\" title=\"Informe Subcuenca del Salar de Arizaro\" src=\"\/wp-content\/uploads\/provincias\/Salta\/docs\/tapas\/informe_arizaro.ico\" alt=\"Informe Subcuenca del Salar de Arizaro\" width=\"181\" height=\"257\"\/><\/a><a style=\"color: #000080;\" href=\"\/wp-content\/uploads\/provincias\/Salta\/docs\/mapas\/mapa_final_salar_arizaro_APN_30-04-2018.pdf\" target=\"_blank\" rel=\"noopener\"><img loading=\"lazy\" decoding=\"async\" class=\"alignright wp-image-480\" title=\"Mapa Subcuenca del Salar de Arizaro\" src=\"\/wp-content\/uploads\/provincias\/Salta\/docs\/tapas\/mapa_arizaro.ico\" alt=\"Mapa Subcuenca del Salar de Arizaro\" width=\"181\" height=\"256\"\/><\/a><\/span><a href=\"https:\/\/www.glaciaresargentinos.gob.ar\/wp-content\/uploads\/shapes\/10-Salar-Arizaro.zip\" target=\"_blank\" rel=\"noopener\"><img loading=\"lazy\" decoding=\"async\" class=\"alignright\" title=\"Descarga SHAPE y KML Glaciares Subcuenca del Salar de Arizaro\" src=\"\/wp-content\/uploads\/shapes\/shp_kml.png\" width=\"50\" height=\"50\"\/><\/a><br \/>\n<\/div><div class=\"header_font zero_color\">Subcuenca del Salar Pocitos<\/div><div>Como citar:&nbsp; IANIGLA-Inventario Nacional de Glaciares. 2018. Informe de la subcuenca del Salar Pocitos. Cuencas Varias de la Puna. IANIGLA-CONICET, Ministerio de Ambiente y Desarrollo Sustentable de la Naci\u00f3n. Pp.55.<\/p>\n<p><span style=\"color: #000080;\"><a style=\"color: #000080;\" href=\"https:\/\/www.glaciaresargentinos.gob.ar\/wp-content\/uploads\/provincias\/Salta\/docs\/informes\/informe_final_salar_pocitos_APN_26-04-2018.pdf\" target=\"_blank\" rel=\"noopener\"><img loading=\"lazy\" decoding=\"async\" class=\"alignleft wp-image-479\" title=\"Informe Subcuenca del Salar Pocitos\" src=\"\/wp-content\/uploads\/provincias\/Salta\/docs\/tapas\/informe_pocitos.ico\" alt=\"Informe Subcuenca del Salar Pocitos\" width=\"181\" height=\"257\"\/><\/a><a style=\"color: #000080;\" href=\"\/wp-content\/uploads\/provincias\/Salta\/docs\/mapas\/mapa_final_salar_pocitos_APN_30-04-2018.pdf\" target=\"_blank\" rel=\"noopener\"><img loading=\"lazy\" decoding=\"async\" class=\"alignright wp-image-480\" title=\"Mapa Subcuenca del Salar Pocitos\" src=\"\/wp-content\/uploads\/provincias\/Salta\/docs\/tapas\/mapa_pocitos.ico\" alt=\"Mapa Subcuenca del Salar Pocitos\" width=\"256\" height=\"181\"\/><\/a><\/span><a href=\"https:\/\/www.glaciaresargentinos.gob.ar\/wp-content\/uploads\/shapes\/11-Salar-Pocitos.zip\" target=\"_blank\" rel=\"noopener\"><img loading=\"lazy\" decoding=\"async\" class=\"alignright\" title=\"Descarga SHAPE y KML Glaciares Subcuenca del Salar Pocitos\" src=\"\/wp-content\/uploads\/shapes\/shp_kml.png\" width=\"50\" height=\"50\"\/><\/a><br \/>\n<\/div><div class=\"header_font zero_color\">Subcuenca del r\u00edo Calchaqu\u00ed<\/div><div>Como citar:&nbsp; IANIGLA-Inventario Nacional de Glaciares. 2018. Informe de la subcuenca del r\u00edo Calchaqu\u00ed. Alta cuenca del r\u00edo Juramento. IANIGLA-CONICET, Ministerio de Ambiente y Desarrollo Sustentable de la Naci\u00f3n. Pp.58.<\/p>\n<p><span style=\"color: #000080;\"><a style=\"color: #000080;\" href=\"https:\/\/www.glaciaresargentinos.gob.ar\/wp-content\/uploads\/provincias\/Salta\/docs\/informes\/informe_final_calchaqui_APN_25-04-2018.pdf\" target=\"_blank\" rel=\"noopener\"><img loading=\"lazy\" decoding=\"async\" class=\"alignleft wp-image-479\" title=\"Informe Subcuenca del r\u00edo Calchaqu\u00ed\" src=\"\/wp-content\/uploads\/provincias\/Salta\/docs\/tapas\/informe_calchaqui.ico\" alt=\"Informe Subcuenca del r\u00edo Calchaqu\u00ed\" width=\"181\" height=\"257\"\/><\/a><a style=\"color: #000080;\" href=\"\/wp-content\/uploads\/provincias\/Salta\/docs\/mapas\/mapa_final_calchaqui_APN_30-04-2018.pdf\" target=\"_blank\" rel=\"noopener\"><img loading=\"lazy\" decoding=\"async\" class=\"alignright wp-image-480\" title=\"Mapa Subcuenca del r\u00edo Calchaqu\u00ed\" src=\"\/wp-content\/uploads\/provincias\/Salta\/docs\/tapas\/mapa_calchaqui.ico\" alt=\"Mapa Subcuenca del r\u00edo Calchaqu\u00ed\" width=\"181\" height=\"256\"\/><\/a><\/span><a href=\"https:\/\/www.glaciaresargentinos.gob.ar\/wp-content\/uploads\/shapes\/12-Calchaqui.zip\" target=\"_blank\" rel=\"noopener\"><img loading=\"lazy\" decoding=\"async\" class=\"alignright\" title=\"Descarga SHAPE y KML Glaciares Subcuenca del r\u00edo Calchaqu\u00ed\" src=\"\/wp-content\/uploads\/shapes\/shp_kml.png\" width=\"50\" height=\"50\"\/><\/a><br \/>\n<\/div><div class=\"header_font zero_color\">Subcuenca del r\u00edo Rosario<\/div><div>Como citar:&nbsp; IANIGLA-Inventario Nacional de Glaciares. 2018. Informe de la subcuenca del r\u00edo Rosario. Alta cuenca del r\u00edo Juramento. IANIGLA-CONICET, Ministerio de Ambiente y Desarrollo Sustentable de la Naci\u00f3n. Pp.54.<\/p>\n<p><span style=\"color: #000080;\"><a style=\"color: #000080;\" href=\"https:\/\/www.glaciaresargentinos.gob.ar\/wp-content\/uploads\/provincias\/Salta\/docs\/informes\/informe_final_rosario_APN_25-04-2018.pdf\" target=\"_blank\" rel=\"noopener\"><img loading=\"lazy\" decoding=\"async\" class=\"alignleft wp-image-479\" title=\"Informe Subcuenca del r\u00edo Rosario\" src=\"\/wp-content\/uploads\/provincias\/Salta\/docs\/tapas\/informe_rosario.ico\" alt=\"Informe Subcuenca del r\u00edo Rosario\" width=\"181\" height=\"257\"\/><\/a><a style=\"color: #000080;\" href=\"\/wp-content\/uploads\/provincias\/Salta\/docs\/mapas\/mapa_final_rosario_APN_30-04-2018.pdf\" target=\"_blank\" rel=\"noopener\"><img loading=\"lazy\" decoding=\"async\" class=\"alignright wp-image-480\" title=\"Mapa Subcuenca del r\u00edo Rosario\" src=\"\/wp-content\/uploads\/provincias\/Salta\/docs\/tapas\/mapa_rosario.ico\" alt=\"Mapa Subcuenca del r\u00edo Rosario\" width=\"181\" height=\"256\"\/><\/a><\/span><a href=\"https:\/\/www.glaciaresargentinos.gob.ar\/wp-content\/uploads\/shapes\/13-Rosario.zip\" target=\"_blank\" rel=\"noopener\"><img loading=\"lazy\" decoding=\"async\" class=\"alignright\" title=\"Descarga SHAPE y KML Glaciares Subcuenca del r\u00edo Rosario\" src=\"\/wp-content\/uploads\/shapes\/shp_kml.png\" width=\"50\" height=\"50\"\/><\/a><br \/>\n<\/div><\/div><\/div><div class=\"clearboth\"><\/div><\/div>\n","protected":false},"excerpt":{"rendered":"","protected":false},"author":1,"featured_media":1240,"parent":0,"menu_order":0,"comment_status":"closed","ping_status":"closed","template":"page-theme.php","meta":{"footnotes":""},"class_list":["post-1676","page","type-page","status-publish","has-post-thumbnail","hentry"],"_links":{"self":[{"href":"https:\/\/www.glaciaresargentinos.gob.ar\/index.php?rest_route=\/wp\/v2\/pages\/1676","targetHints":{"allow":["GET"]}}],"collection":[{"href":"https:\/\/www.glaciaresargentinos.gob.ar\/index.php?rest_route=\/wp\/v2\/pages"}],"about":[{"href":"https:\/\/www.glaciaresargentinos.gob.ar\/index.php?rest_route=\/wp\/v2\/types\/page"}],"author":[{"embeddable":true,"href":"https:\/\/www.glaciaresargentinos.gob.ar\/index.php?rest_route=\/wp\/v2\/users\/1"}],"replies":[{"embeddable":true,"href":"https:\/\/www.glaciaresargentinos.gob.ar\/index.php?rest_route=%2Fwp%2Fv2%2Fcomments&post=1676"}],"version-history":[{"count":40,"href":"https:\/\/www.glaciaresargentinos.gob.ar\/index.php?rest_route=\/wp\/v2\/pages\/1676\/revisions"}],"predecessor-version":[{"id":3480,"href":"https:\/\/www.glaciaresargentinos.gob.ar\/index.php?rest_route=\/wp\/v2\/pages\/1676\/revisions\/3480"}],"wp:featuredmedia":[{"embeddable":true,"href":"https:\/\/www.glaciaresargentinos.gob.ar\/index.php?rest_route=\/wp\/v2\/media\/1240"}],"wp:attachment":[{"href":"https:\/\/www.glaciaresargentinos.gob.ar\/index.php?rest_route=%2Fwp%2Fv2%2Fmedia&parent=1676"}],"curies":[{"name":"wp","href":"https:\/\/api.w.org\/{rel}","templated":true}]}}