{"id":1674,"date":"2017-01-20T12:26:12","date_gmt":"2017-01-20T15:26:12","guid":{"rendered":"http:\/\/192.168.122.17\/?page_id=1674"},"modified":"2022-12-06T12:04:38","modified_gmt":"2022-12-06T15:04:38","slug":"catamarca","status":"publish","type":"page","link":"https:\/\/www.glaciaresargentinos.gob.ar\/?page_id=1674","title":{"rendered":"Catamarca"},"content":{"rendered":"<div class=\"row prk_row\"><div class=\"six columns\"><img loading=\"lazy\" decoding=\"async\" class=\"alignnone size-full wp-image-831\" title=\"Provincia de Catamarca\" src=\"https:\/\/www.glaciaresargentinos.gob.ar\/wp-content\/uploads\/2017\/01\/Catamarca.jpg\" alt=\"Provincia de Catamarca\" width=\"1200\" height=\"800\"\/><\/div><div class=\"six columns prk_last\"><div id=\"accordion_781\" class=\"prk_accordion\"><div class=\"header_font zero_color\">Subcuenca Salar de Antofalla<\/div><div>Como citar:&nbsp; IANIGLA-Inventario Nacional de Glaciares. 2018. Informe de la subcuenca Salar de Antofalla. Cuencas Varias de la Puna. IANIGLA-CONICET, Ministerio de Ambiente y Desarrollo Sustentable de la Naci\u00f3n. Pp.49.<\/p>\n<p><span style=\"color: #000080;\"><a style=\"color: #000080;\" href=\"https:\/\/www.glaciaresargentinos.gob.ar\/wp-content\/uploads\/provincias\/Catamarca\/docs\/informes\/informe_final_salar_antofalla_APN_25-04-2018.pdf\" target=\"_blank\" rel=\"noopener noreferrer\"><img loading=\"lazy\" decoding=\"async\" class=\"alignleft wp-image-479\" title=\"Informe Subcuenca Salar de Antofalla\" src=\"\/wp-content\/uploads\/provincias\/Catamarca\/docs\/tapas\/informe_antofalla.ico\" alt=\"Informe Subcuenca Salar de Antofalla\" width=\"181\" height=\"257\"\/><\/a><a style=\"color: #000080;\" href=\"\/wp-content\/uploads\/provincias\/Catamarca\/docs\/mapas\/mapa_final_salar_antofalla_APN_30-04-2018.pdf\" target=\"_blank\" rel=\"noopener noreferrer\"><img loading=\"lazy\" decoding=\"async\" class=\"alignright wp-image-480\" title=\"Mapa Subcuenca Salar de Antofalla\" src=\"\/wp-content\/uploads\/provincias\/Catamarca\/docs\/tapas\/mapa_antofalla.ico\" alt=\"Mapa Subcuenca Salar de Antofalla\" width=\"256\" height=\"181\"\/><\/a><\/span><a href=\"https:\/\/www.glaciaresargentinos.gob.ar\/wp-content\/uploads\/shapes\/15-Salar-Antofalla.zip\" target=\"_blank\" rel=\"noopener noreferrer\"><img loading=\"lazy\" decoding=\"async\" class=\"alignright\" title=\"Descarga SHAPE y KML Glaciares Subcuenca Salar de Antofalla\" src=\"\/wp-content\/uploads\/shapes\/shp_kml.png\" width=\"50\" height=\"50\"\/><\/a><br \/>\n<\/div><div class=\"header_font zero_color\">Subcuenca Antofagasta de la Sierra<\/div><div>Como citar:&nbsp; IANIGLA-Inventario Nacional de Glaciares. 2018. Informe de la subcuenca Antofagasta de la Sierra. Cuencas Varias de la Puna. IANIGLA-CONICET, Ministerio de Ambiente y Desarrollo Sustentable de la Naci\u00f3n. Pp.47.<\/p>\n<p><span style=\"color: #000080;\"><a style=\"color: #000080;\" href=\"https:\/\/www.glaciaresargentinos.gob.ar\/wp-content\/uploads\/provincias\/Catamarca\/docs\/informes\/informe_final_antofagasta_APN_25-04-2018.pdf\" target=\"_blank\" rel=\"noopener noreferrer\"><img loading=\"lazy\" decoding=\"async\" class=\"alignleft wp-image-479\" title=\"Informe Subcuenca Antofagasta de la Sierra\" src=\"\/wp-content\/uploads\/provincias\/Catamarca\/docs\/tapas\/informe_antofagasta.jpg\" alt=\"Informe Subcuenca Antofagasta de la Sierra\" width=\"181\" height=\"257\"\/><\/a><a style=\"color: #000080;\" href=\"\/wp-content\/uploads\/provincias\/Catamarca\/docs\/mapas\/mapa_final_antofagasta_APN_30-04-2018.pdf\" target=\"_blank\" rel=\"noopener noreferrer\"><img loading=\"lazy\" decoding=\"async\" class=\"alignright wp-image-480\" title=\"Mapa Subcuenca Antofagasta de la Sierra\" src=\"\/wp-content\/uploads\/provincias\/Catamarca\/docs\/tapas\/mapa_antofagasta.ico\" alt=\"Mapa Subcuenca Antofagasta de la Sierra\" width=\"256\" height=\"181\"\/><\/a><\/span><a href=\"https:\/\/www.glaciaresargentinos.gob.ar\/wp-content\/uploads\/shapes\/16-Antofagasta.zip\" target=\"_blank\" rel=\"noopener noreferrer\"><img loading=\"lazy\" decoding=\"async\" class=\"alignright\" title=\"Descarga SHAPE y KML Glaciares Subcuenca Antofagasta de la Sierra\" src=\"\/wp-content\/uploads\/shapes\/shp_kml.png\" width=\"50\" height=\"50\"\/><\/a><br \/>\n<\/div><div class=\"header_font zero_color\">Subcuenca del r\u00edo Santa Mar\u00eda<\/div><div>Como citar:&nbsp; IANIGLA-Inventario Nacional de Glaciares. 2018. Informe de la subcuenca del r\u00edo Santa Mar\u00eda. Alta cuenca del r\u00edo Juramento. IANIGLA-CONICET, Ministerio de Ambiente y Desarrollo Sustentable de la Naci\u00f3n. Pp.57.<\/p>\n<p><span style=\"color: #000080;\"><a style=\"color: #000080;\" href=\"https:\/\/www.glaciaresargentinos.gob.ar\/wp-content\/uploads\/provincias\/Catamarca\/docs\/informes\/informe_final_santa-maria_APN_25-04-2018.pdf\" target=\"_blank\" rel=\"noopener noreferrer\"><img loading=\"lazy\" decoding=\"async\" class=\"alignleft wp-image-479\" title=\"Informe Subcuenca del r\u00edo Santa Mar\u00eda\" src=\"\/wp-content\/uploads\/provincias\/Catamarca\/docs\/tapas\/informe_santa-maria.ico\" alt=\"Informe Subcuenca del r\u00edo Santa Mar\u00eda\" width=\"181\" height=\"257\"\/><\/a><a style=\"color: #000080;\" href=\"\/wp-content\/uploads\/provincias\/Catamarca\/docs\/mapas\/mapa_final_santa-maria_APN_30-04-2018.pdf\" target=\"_blank\" rel=\"noopener noreferrer\"><img loading=\"lazy\" decoding=\"async\" class=\"alignright wp-image-480\" title=\"Mapa Subcuenca del r\u00edo Santa Mar\u00eda\" src=\"\/wp-content\/uploads\/provincias\/Catamarca\/docs\/tapas\/mapa_santa-maria.ico\" alt=\"Mapa Subcuenca del r\u00edo Santa Mar\u00eda\" width=\"181\" height=\"256\"\/><\/a><\/span><a href=\"https:\/\/www.glaciaresargentinos.gob.ar\/wp-content\/uploads\/shapes\/17-Santa-Maria.zip\" target=\"_blank\" rel=\"noopener noreferrer\"><img loading=\"lazy\" decoding=\"async\" class=\"alignright\" title=\"Descarga SHAPE y KML Glaciares Subcuenca del r\u00edo Santa Mar\u00eda\" src=\"\/wp-content\/uploads\/shapes\/shp_kml.png\" width=\"50\" height=\"50\"\/><\/a><br \/>\n<\/div><div class=\"header_font zero_color\">Subcuenca del r\u00edo Andalgal\u00e1<\/div><div>Como citar:&nbsp; IANIGLA-Inventario Nacional de Glaciares. 2018. Informe de la subcuenca del r\u00edo Andalgal\u00e1. Cuenca Salar de Pipanaco. IANIGLA-CONICET, Ministerio de Ambiente y Desarrollo Sustentable de la Naci\u00f3n. Pp.57.<\/p>\n<p><span style=\"color: #000080;\"><a style=\"color: #000080;\" href=\"https:\/\/www.glaciaresargentinos.gob.ar\/wp-content\/uploads\/provincias\/Catamarca\/docs\/informes\/informe_final_andalgala_APN_25-04-2018.pdf\" target=\"_blank\" rel=\"noopener noreferrer\"><img loading=\"lazy\" decoding=\"async\" class=\"alignleft wp-image-479\" title=\"Informe Subcuenca del r\u00edo Andalgal\u00e1\" src=\"\/wp-content\/uploads\/provincias\/Catamarca\/docs\/tapas\/informe_andalgala.ico\" alt=\"Informe Subcuenca del r\u00edo Andalgal\u00e1\" width=\"181\" height=\"257\"\/><\/a><a style=\"color: #000080;\" href=\"\/wp-content\/uploads\/provincias\/Catamarca\/docs\/mapas\/mapa_final_andalgala_APN_30-04-2018.pdf\" target=\"_blank\" rel=\"noopener noreferrer\"><img loading=\"lazy\" decoding=\"async\" class=\"alignright wp-image-480\" title=\"Mapa Subcuenca del r\u00edo Andalgal\u00e1\" src=\"\/wp-content\/uploads\/provincias\/Catamarca\/docs\/tapas\/mapa_andalgala.ico\" alt=\"Mapa Subcuenca del r\u00edo Andalgal\u00e1\" width=\"181\" height=\"256\"\/><\/a><\/span><a href=\"https:\/\/www.glaciaresargentinos.gob.ar\/wp-content\/uploads\/shapes\/18-Andalgala.zip\" target=\"_blank\" rel=\"noopener noreferrer\"><img loading=\"lazy\" decoding=\"async\" class=\"alignright\" title=\"Descarga SHAPE y KML Glaciares Subcuenca del r\u00edo Andalgal\u00e1\" src=\"\/wp-content\/uploads\/shapes\/shp_kml.png\" width=\"50\" height=\"50\"\/><\/a><br \/>\n<\/div><div class=\"header_font zero_color\">Subcuenca del r\u00edo Abauc\u00e1n y Laguna Verde<\/div><div>Como citar:&nbsp; IANIGLA-Inventario Nacional de Glaciares. 2018. Informe de la subcuenca del r\u00edo Abauc\u00e1n y Laguna Verde. Cuenca del r\u00edo Abauc\u00e1n. IANIGLA-CONICET, Ministerio de Ambiente y Desarrollo Sustentable de la Naci\u00f3n. Pp.75.<\/p>\n<p><span style=\"color: #000080;\"><a style=\"color: #000080;\" href=\"https:\/\/www.glaciaresargentinos.gob.ar\/wp-content\/uploads\/provincias\/Catamarca\/docs\/informes\/informe_final_abaucan-laguna-verde_APN_25-04-2018.pdf\" target=\"_blank\" rel=\"noopener noreferrer\"><img loading=\"lazy\" decoding=\"async\" class=\"alignleft wp-image-479\" title=\"Informe Subcuenca del r\u00edo Abauc\u00e1n y Laguna Verde\" src=\"\/wp-content\/uploads\/provincias\/Catamarca\/docs\/tapas\/informe_abaucan-laguna-verde.ico\" alt=\"Informe Subcuenca del r\u00edo Abauc\u00e1n y Laguna Verde\" width=\"181\" height=\"257\"\/><\/a><a style=\"color: #000080;\" href=\"\/wp-content\/uploads\/provincias\/Catamarca\/docs\/mapas\/mapa_final_abaucan-laguna-verde_APN_30-04-2018.pdf\" target=\"_blank\" rel=\"noopener noreferrer\"><img loading=\"lazy\" decoding=\"async\" class=\"alignright wp-image-480\" title=\"Mapa Subcuenca del r\u00edo Abauc\u00e1n y Laguna Verde\" src=\"\/wp-content\/uploads\/provincias\/Catamarca\/docs\/tapas\/mapa_abaucan-laguna-verde.ico\" alt=\"Mapa Subcuenca del r\u00edo Abauc\u00e1n y Laguna Verde\" width=\"256\" height=\"181\"\/><\/a><\/span><a href=\"https:\/\/www.glaciaresargentinos.gob.ar\/wp-content\/uploads\/shapes\/19-Abaucan-Laguna_Verde.zip\" target=\"_blank\" rel=\"noopener noreferrer\"><img loading=\"lazy\" decoding=\"async\" class=\"alignright\" title=\"Descarga SHAPE y KML Glaciares Subcuenca del r\u00edo Abauc\u00e1n y Laguna Verde\" src=\"\/wp-content\/uploads\/shapes\/shp_kml.png\" width=\"50\" height=\"50\"\/><\/a><br \/>\n<\/div><\/div><\/div><div class=\"clearboth\"><\/div><\/div>\n","protected":false},"excerpt":{"rendered":"","protected":false},"author":1,"featured_media":1756,"parent":0,"menu_order":0,"comment_status":"closed","ping_status":"closed","template":"page-theme.php","meta":{"footnotes":""},"class_list":["post-1674","page","type-page","status-publish","has-post-thumbnail","hentry"],"_links":{"self":[{"href":"https:\/\/www.glaciaresargentinos.gob.ar\/index.php?rest_route=\/wp\/v2\/pages\/1674","targetHints":{"allow":["GET"]}}],"collection":[{"href":"https:\/\/www.glaciaresargentinos.gob.ar\/index.php?rest_route=\/wp\/v2\/pages"}],"about":[{"href":"https:\/\/www.glaciaresargentinos.gob.ar\/index.php?rest_route=\/wp\/v2\/types\/page"}],"author":[{"embeddable":true,"href":"https:\/\/www.glaciaresargentinos.gob.ar\/index.php?rest_route=\/wp\/v2\/users\/1"}],"replies":[{"embeddable":true,"href":"https:\/\/www.glaciaresargentinos.gob.ar\/index.php?rest_route=%2Fwp%2Fv2%2Fcomments&post=1674"}],"version-history":[{"count":35,"href":"https:\/\/www.glaciaresargentinos.gob.ar\/index.php?rest_route=\/wp\/v2\/pages\/1674\/revisions"}],"predecessor-version":[{"id":3483,"href":"https:\/\/www.glaciaresargentinos.gob.ar\/index.php?rest_route=\/wp\/v2\/pages\/1674\/revisions\/3483"}],"wp:featuredmedia":[{"embeddable":true,"href":"https:\/\/www.glaciaresargentinos.gob.ar\/index.php?rest_route=\/wp\/v2\/media\/1756"}],"wp:attachment":[{"href":"https:\/\/www.glaciaresargentinos.gob.ar\/index.php?rest_route=%2Fwp%2Fv2%2Fmedia&parent=1674"}],"curies":[{"name":"wp","href":"https:\/\/api.w.org\/{rel}","templated":true}]}}