{"id":1606,"date":"2017-01-17T13:54:12","date_gmt":"2017-01-17T16:54:12","guid":{"rendered":"http:\/\/192.168.122.17\/?page_id=1606"},"modified":"2022-12-06T14:18:35","modified_gmt":"2022-12-06T17:18:35","slug":"tierra-del-fuego","status":"publish","type":"page","link":"https:\/\/www.glaciaresargentinos.gob.ar\/?page_id=1606","title":{"rendered":"Tierra del Fuego, Ant\u00e1rtida e Islas del Atl\u00e1ntico Sur"},"content":{"rendered":"<div class=\"row prk_row\"><div class=\"six columns\"><a href=\"https:\/\/www.glaciaresargentinos.gob.ar\/?page_id=264\"><img decoding=\"async\" class=\"alignnone size-full wp-image-831\" title=\"Provincia de Tierra del Fuego\" src=\"https:\/\/www.glaciaresargentinos.gob.ar\/wp-content\/uploads\/2015\/05\/TierraDelFuego-01-1200x800.jpg\" alt=\"Provincia de Tierra del Fuego, Ant\u00e1rtida e Islas del Atl\u00e1ntico Sur\"\/><\/a><\/div><div class=\"six columns prk_last\"><div id=\"accordion_773\" class=\"prk_accordion\"><div class=\"header_font zero_color\">Cuencas del r\u00edo Grande, lago Fagnano y Canal Beagle<\/div><div>Como citar:&nbsp; IANIGLA-Inventario Nacional de Glaciares. 2018. Informe de las cuencas del r\u00edo Grande, lago Fagnano y Canal Beagle. IANIGLA-CONICET, Ministerio de Ambiente y Desarrollo Sustentable de la Naci\u00f3n. Pp.56.<\/p>\n<p><a href=\"https:\/\/www.glaciaresargentinos.gob.ar\/wp-content\/uploads\/provincias\/Tierra_del_Fuego\/docs\/informes\/informe_final_grande_fagnano_beagle_APN_27-04-2018.pdf\" target=\"_blank\" rel=\"noopener\"><img loading=\"lazy\" decoding=\"async\" class=\"alignleft wp-image-479\" title=\"Informe Cuencas del r\u00edo Grande, lago Fagnano y Canal Beagle\" src=\"\/wp-content\/uploads\/provincias\/Tierra_del_Fuego\/docs\/tapas\/informe_grande-fagnano-beagle.ico\" alt=\"Informe Cuencas del r\u00edo Grande, lago Fagnano y Canal Beagle\" width=\"181\" height=\"255\"\/><\/a><a href=\"\/wp-content\/uploads\/provincias\/Tierra_del_Fuego\/docs\/mapas\/mapa_final_grande_fagnano_beagle_APN_30-04-2018.pdf\" target=\"_blank\" rel=\"noopener\"><img decoding=\"async\" class=\"alignright size-full wp-image-480\" title=\"Mapa Cuencas del r\u00edo Grande, lago Fagnano y Canal Beagle\" src=\"\/wp-content\/uploads\/provincias\/Tierra_del_Fuego\/docs\/tapas\/mapa_grande-fagnano-beagle.ico\" alt=\"Mapa Cuencas del r\u00edo Grande, lago Fagnano y Canal Beagle\"\/><\/a><a href=\"https:\/\/www.glaciaresargentinos.gob.ar\/wp-content\/uploads\/shapes\/66-Grande-Fagnano-Beagle.zip\" target=\"_blank\" rel=\"noopener\"><img loading=\"lazy\" decoding=\"async\" class=\"alignright\" title=\"Descarga SHAPE y KML Glaciares Cuencas del r\u00edo Grande, lago Fagnano y Canal Beagle\" src=\"\/wp-content\/uploads\/shapes\/shp_kml.png\" width=\"50\" height=\"50\"\/><\/a><\/div><div class=\"header_font zero_color\">Islas Malvinas<\/div><div>Como citar:&nbsp; IANIGLA-Inventario Nacional de Glaciares. 2018. Informe de las Islas Malvinas. Cuencas varias de Ant\u00e1rtida e Islas del Atl\u00e1ntico Sur, incluidas las Islas Malvinas. IANIGLA-CONICET, Ministerio de Ambiente y Desarrollo Sustentable de la Naci\u00f3n. Pp.23.<\/p>\n<p><span style=\"color: #000080;\"><a style=\"color: #000080;\" href=\"https:\/\/www.glaciaresargentinos.gob.ar\/wp-content\/uploads\/provincias\/Tierra_del_Fuego\/docs\/informes\/informe_final_malvinas_APN_27-04-2018.pdf\" target=\"_blank\" rel=\"noopener\"><img loading=\"lazy\" decoding=\"async\" class=\"alignleft wp-image-479\" title=\"Informe Islas Malvinas\" src=\"\/wp-content\/uploads\/provincias\/Tierra_del_Fuego\/docs\/tapas\/informe_malvinas.ico\" alt=\"Informe Islas Malvinas\" width=\"181\" height=\"257\" border=\"5\"\/><\/a><\/span><\/p>\n<p style=\"text-align: center;\"><strong>En esta subcuenca no se detectaron glaciares luego de ser revisada de acuerdo a la metodolog\u00eda establecida para la realizaci\u00f3n del ING (res. ex SAyDS 1141\/15). Por este motivo no se adjunta mapa ni informaci\u00f3n vectorial (shape).<\/strong><br \/>\n<\/div><div class=\"header_font zero_color\">Islas Georgias del Sur<\/div><div>Como citar:&nbsp; IANIGLA-Inventario Nacional de Glaciares. 2018. Informe de las Islas Georgias del Sur. Cuencas varias de Ant\u00e1rtida e Islas del Atl\u00e1ntico Sur, incluidas las Islas Malvinas. IANIGLA-CONICET, Ministerio de Ambiente y Desarrollo Sustentable de la Naci\u00f3n. Pp.37.<\/p>\n<p><a href=\"https:\/\/www.glaciaresargentinos.gob.ar\/wp-content\/uploads\/provincias\/Tierra_del_Fuego\/docs\/informes\/informe_final_georgias_sur_APN_27-04-2018.pdf\" target=\"_blank\" rel=\"noopener\"><img loading=\"lazy\" decoding=\"async\" class=\"alignleft wp-image-479\" title=\"Informe Islas Georgias del Sur\" src=\"\/wp-content\/uploads\/provincias\/Tierra_del_Fuego\/docs\/tapas\/informe_georgias_sur.ico\" alt=\"Informe Islas Georgias del Sur\" width=\"181\" height=\"255\"\/><\/a><a href=\"\/wp-content\/uploads\/provincias\/Tierra_del_Fuego\/docs\/mapas\/mapa_final_georgias_sur_APN_30-04-2018.pdf\" target=\"_blank\" rel=\"noopener\"><img decoding=\"async\" class=\"alignright size-full wp-image-480\" title=\"Mapa Islas Georgias del Sur\" src=\"\/wp-content\/uploads\/provincias\/Tierra_del_Fuego\/docs\/tapas\/mapa_georgias_sur.ico\" alt=\"Mapa Islas Georgias del Sur\"\/><\/a><a href=\"https:\/\/www.glaciaresargentinos.gob.ar\/wp-content\/uploads\/shapes\/68-Islas-Georgias_Sur.zip\" target=\"_blank\" rel=\"noopener\"><img loading=\"lazy\" decoding=\"async\" class=\"alignright\" title=\"Descarga SHAPE y KML Glaciares Islas Georgias del Sur\" src=\"\/wp-content\/uploads\/shapes\/shp_kml.png\" width=\"50\" height=\"50\"\/><\/a><\/div><div class=\"header_font zero_color\">Islas Sandwich del Sur<\/div><div>Como citar:&nbsp; IANIGLA-Inventario Nacional de Glaciares. 2018. Informe de las Islas Sandwich del Sur. Cuencas varias de Ant\u00e1rtida e Islas del Atl\u00e1ntico Sur, incluidas las Islas Malvinas. IANIGLA-CONICET, Ministerio de Ambiente y Desarrollo Sustentable de la Naci\u00f3n. Pp.41.<\/p>\n<p><a href=\"https:\/\/www.glaciaresargentinos.gob.ar\/wp-content\/uploads\/provincias\/Tierra_del_Fuego\/docs\/informes\/informe_final_sandwich_sur_APN_09-05-2018.pdf\" target=\"_blank\" rel=\"noopener\"><img loading=\"lazy\" decoding=\"async\" class=\"alignleft wp-image-479\" title=\"Informe Islas Sandwich del Sur\" src=\"\/wp-content\/uploads\/provincias\/Tierra_del_Fuego\/docs\/tapas\/informe_sandwich_sur.ico\" alt=\"Informe Islas Sandwich del Sur\" width=\"181\" height=\"255\"\/><\/a><a href=\"\/wp-content\/uploads\/provincias\/Tierra_del_Fuego\/docs\/mapas\/mapa_final_sandwich_sur_APN_30-04-2018.pdf\" target=\"_blank\" rel=\"noopener\"><img decoding=\"async\" class=\"alignright size-full wp-image-480\" title=\"Mapa Islas Sandwich del Sur\" src=\"\/wp-content\/uploads\/provincias\/Tierra_del_Fuego\/docs\/tapas\/mapa_sandwich_sur.ico\" alt=\"Mapa Islas Sandwich del Sur\"\/><\/a><a href=\"https:\/\/www.glaciaresargentinos.gob.ar\/wp-content\/uploads\/shapes\/69-Islas-Sandwich_Sur.zip\" target=\"_blank\" rel=\"noopener\"><img loading=\"lazy\" decoding=\"async\" class=\"alignright\" title=\"Descarga SHAPE y KML Glaciares Islas Sandwich del Sur\" src=\"\/wp-content\/uploads\/shapes\/shp_kml.png\" width=\"50\" height=\"50\"\/><\/a><\/div><\/div><\/div><div class=\"clearboth\"><\/div><\/div>\n","protected":false},"excerpt":{"rendered":"","protected":false},"author":1,"featured_media":2191,"parent":0,"menu_order":0,"comment_status":"closed","ping_status":"closed","template":"page-theme.php","meta":{"footnotes":""},"class_list":["post-1606","page","type-page","status-publish","has-post-thumbnail","hentry"],"_links":{"self":[{"href":"https:\/\/www.glaciaresargentinos.gob.ar\/index.php?rest_route=\/wp\/v2\/pages\/1606","targetHints":{"allow":["GET"]}}],"collection":[{"href":"https:\/\/www.glaciaresargentinos.gob.ar\/index.php?rest_route=\/wp\/v2\/pages"}],"about":[{"href":"https:\/\/www.glaciaresargentinos.gob.ar\/index.php?rest_route=\/wp\/v2\/types\/page"}],"author":[{"embeddable":true,"href":"https:\/\/www.glaciaresargentinos.gob.ar\/index.php?rest_route=\/wp\/v2\/users\/1"}],"replies":[{"embeddable":true,"href":"https:\/\/www.glaciaresargentinos.gob.ar\/index.php?rest_route=%2Fwp%2Fv2%2Fcomments&post=1606"}],"version-history":[{"count":19,"href":"https:\/\/www.glaciaresargentinos.gob.ar\/index.php?rest_route=\/wp\/v2\/pages\/1606\/revisions"}],"predecessor-version":[{"id":3497,"href":"https:\/\/www.glaciaresargentinos.gob.ar\/index.php?rest_route=\/wp\/v2\/pages\/1606\/revisions\/3497"}],"wp:featuredmedia":[{"embeddable":true,"href":"https:\/\/www.glaciaresargentinos.gob.ar\/index.php?rest_route=\/wp\/v2\/media\/2191"}],"wp:attachment":[{"href":"https:\/\/www.glaciaresargentinos.gob.ar\/index.php?rest_route=%2Fwp%2Fv2%2Fmedia&parent=1606"}],"curies":[{"name":"wp","href":"https:\/\/api.w.org\/{rel}","templated":true}]}}