{"id":1604,"date":"2017-01-17T13:53:37","date_gmt":"2017-01-17T16:53:37","guid":{"rendered":"http:\/\/192.168.122.17\/?page_id=1604"},"modified":"2022-12-06T14:02:04","modified_gmt":"2022-12-06T17:02:04","slug":"chubut","status":"publish","type":"page","link":"https:\/\/www.glaciaresargentinos.gob.ar\/?page_id=1604","title":{"rendered":"Chubut"},"content":{"rendered":"<div class=\"row prk_row\"><div class=\"six columns\"><a href=\"https:\/\/www.glaciaresargentinos.gob.ar\/?page_id=264\"><img decoding=\"async\" class=\"alignnone size-full wp-image-831\" title=\"Provincia de Chubut\" src=\"https:\/\/www.glaciaresargentinos.gob.ar\/wp-content\/uploads\/2015\/03\/chubut-01-tit-900.jpg\" alt=\"Provincia de Chubut\"\/><\/a><\/div><div class=\"six columns prk_last\"><div id=\"accordion_755\" class=\"prk_accordion\"><div class=\"header_font zero_color\">Subcuenca lago Puelo Inferior<\/div><div>Como citar:&nbsp; IANIGLA-Inventario Nacional de Glaciares. 2018. Informe de la subcuenca del lago Puelo Inferior. Cuenca de los r\u00edos Manso y Puelo. IANIGLA-CONICET, Ministerio de Ambiente y Desarrollo Sustentable de la Naci\u00f3n. Pp.56.<\/p>\n<p><a href=\"https:\/\/www.glaciaresargentinos.gob.ar\/wp-content\/uploads\/provincias\/Chubut\/docs\/informes\/informe_final_lago_puelo_inferior_APN_26-04-2018.pdf\" target=\"_blank\" rel=\"noopener\"><img loading=\"lazy\" decoding=\"async\" class=\"alignleft wp-image-479\" title=\"Informe Subcuenca lago Puelo Inferior\" src=\"\/wp-content\/uploads\/provincias\/Chubut\/docs\/tapas\/informe_puelo_inferior.ico\" alt=\"Informe Subcuenca lago Puelo Inferior\" width=\"181\" height=\"255\"\/><\/a><a href=\"\/wp-content\/uploads\/provincias\/Chubut\/docs\/mapas\/mapa_final_lago_puelo_inferior_APN_30-04-2018.pdf\" target=\"_blank\" rel=\"noopener\"><img decoding=\"async\" class=\"alignright size-full wp-image-480\" title=\"Mapa Subcuenca lago Puelo Inferior\" src=\"\/wp-content\/uploads\/provincias\/Chubut\/docs\/tapas\/mapa_puelo_inferior.ico\" alt=\"Mapa Subcuenca lago Puelo Inferior\"\/><\/a><br \/>\n<a href=\"https:\/\/www.glaciaresargentinos.gob.ar\/wp-content\/uploads\/shapes\/48-Puelo_Inferior.zip\" target=\"_blank\" rel=\"noopener\"><img loading=\"lazy\" decoding=\"async\" class=\"alignright\" title=\"Descarga SHAPE y KML Glaciares Subcuenca lago Puelo Inferior\" src=\"\/wp-content\/uploads\/shapes\/shp_kml.png\" width=\"50\" height=\"50\"\/><\/a><br \/>\n<\/div><div class=\"header_font zero_color\">Cuenca del r\u00edo Chubut<\/div><div>Como citar:&nbsp; IANIGLA-Inventario Nacional de Glaciares. 2018. Informe de la Cuenca del r\u00edo Chubut. IANIGLA-CONICET, Ministerio de Ambiente y Desarrollo Sustentable de la Naci\u00f3n. Pp.51.<\/p>\n<p><a href=\"https:\/\/www.glaciaresargentinos.gob.ar\/wp-content\/uploads\/provincias\/Chubut\/docs\/informes\/informe_final_rio-chubut_APN_26-04-2018.pdf\" target=\"_blank\" rel=\"noopener\"><img loading=\"lazy\" decoding=\"async\" class=\"alignleft wp-image-479\" title=\"Informe Cuenca del r\u00edo Chubut\" src=\"\/wp-content\/uploads\/provincias\/Chubut\/docs\/tapas\/informe_rio-chubut.ico\" alt=\"Informe Cuenca del r\u00edo Chubut\" width=\"181\" height=\"255\"\/><\/a><a href=\"\/wp-content\/uploads\/provincias\/Chubut\/docs\/mapas\/mapa_final_rio-chubut_APN_30-04-2018.pdf\" target=\"_blank\" rel=\"noopener\"><img decoding=\"async\" class=\"alignright size-full wp-image-480\" title=\"Mapa Cuenca del r\u00edo Chubut\" src=\"\/wp-content\/uploads\/provincias\/Chubut\/docs\/tapas\/mapa_rio-chubut.ico\" alt=\"Mapa Cuenca del r\u00edo Chubut\"\/><\/a><a href=\"https:\/\/www.glaciaresargentinos.gob.ar\/wp-content\/uploads\/shapes\/49-Chubut.zip\" target=\"_blank\" rel=\"noopener\"><img loading=\"lazy\" decoding=\"async\" class=\"alignright\" title=\"Descarga SHAPE y KML Glaciares Cuenca del r\u00edo Chubut\" src=\"\/wp-content\/uploads\/shapes\/shp_kml.png\" width=\"50\" height=\"50\"\/><\/a><br \/>\n<\/div><div class=\"header_font zero_color\">Cuenca del r\u00edo Futaleuf\u00fa<\/div><div>Como citar:&nbsp; IANIGLA-Inventario Nacional de Glaciares. 2018. Informe de la cuenca del r\u00edo Futaleuf\u00fa. IANIGLA-CONICET, Ministerio de Ambiente y Desarrollo Sustentable de la Naci\u00f3n. Pp.67.<\/p>\n<p><a href=\"https:\/\/www.glaciaresargentinos.gob.ar\/wp-content\/uploads\/provincias\/Chubut\/docs\/informes\/informe_final_futaleufu_APN_27-04-2018.pdf\" target=\"_blank\" rel=\"noopener\"><img loading=\"lazy\" decoding=\"async\" class=\"alignleft wp-image-479\" title=\"Informe Cuenca del r\u00edo Futaleuf\u00fa\" src=\"\/wp-content\/uploads\/provincias\/Chubut\/docs\/tapas\/informe_futaleufu.ico\" alt=\"Informe Cuenca del r\u00edo Futaleuf\u00fa\" width=\"181\" height=\"255\"\/><\/a><a href=\"\/wp-content\/uploads\/provincias\/Chubut\/docs\/mapas\/mapa_final_futaleufu_APN_30-04-2018.pdf\" target=\"_blank\" rel=\"noopener\"><img decoding=\"async\" class=\"alignright size-full wp-image-480\" title=\"Mapa Cuenca del r\u00edo Futaleuf\u00fa\" src=\"\/wp-content\/uploads\/provincias\/Chubut\/docs\/tapas\/mapa_futaleufu.ico\" alt=\"Mapa Cuenca del r\u00edo Futaleuf\u00fa\"\/><\/a><a href=\"https:\/\/www.glaciaresargentinos.gob.ar\/wp-content\/uploads\/shapes\/50-Futaleufu.zip\" target=\"_blank\" rel=\"noopener\"><img loading=\"lazy\" decoding=\"async\" class=\"alignright\" title=\"Descarga SHAPE y KML Glaciares Cuenca del r\u00edo Futaleuf\u00fa\" src=\"\/wp-content\/uploads\/shapes\/shp_kml.png\" width=\"50\" height=\"50\"\/><\/a><br \/>\n<\/div><div class=\"header_font zero_color\">Subcuencas de los r\u00edos Carrenleuf\u00fa y Pico<\/div><div>Como citar:&nbsp; IANIGLA-Inventario Nacional de Glaciares. 2018. Informe de las subcuencas de los r\u00edos Carrenleuf\u00fa y Pico. Cuenca de los r\u00edos Carrenleuf\u00fa y Pico. IANIGLA-CONICET, Ministerio de Ambiente y Desarrollo Sustentable de la Naci\u00f3n. Pp.59.<\/p>\n<p><a href=\"https:\/\/www.glaciaresargentinos.gob.ar\/wp-content\/uploads\/provincias\/Chubut\/docs\/informes\/informe_final_carrenleufu-pico_APN_27-04-2018.pdf\" target=\"_blank\" rel=\"noopener\"><img loading=\"lazy\" decoding=\"async\" class=\"alignleft wp-image-479\" title=\"Informe Subcuencas de los r\u00edos Carrenleuf\u00fa y Pico\" src=\"\/wp-content\/uploads\/provincias\/Chubut\/docs\/tapas\/informe_carrenleufu-pico.ico\" alt=\"Informe Subcuencas de los r\u00edos Carrenleuf\u00fa y Pico\" width=\"181\" height=\"255\"\/><\/a><a href=\"\/wp-content\/uploads\/provincias\/Chubut\/docs\/mapas\/mapa_final_carrenleufu-pico_APN_19-04-2018.pdf\" target=\"_blank\" rel=\"noopener\"><img decoding=\"async\" class=\"alignright size-full wp-image-480\" title=\"Mapa Subcuencas de los r\u00edos Carrenleuf\u00fa y Pico\" src=\"\/wp-content\/uploads\/provincias\/Chubut\/docs\/tapas\/mapa_carrenleufu-pico.ico\" alt=\"Mapa Subcuencas de los r\u00edos Carrenleuf\u00fa y Pico\"\/><\/a><a href=\"https:\/\/www.glaciaresargentinos.gob.ar\/wp-content\/uploads\/shapes\/51-Carrenleufu-Pico.zip\" target=\"_blank\" rel=\"noopener\"><img loading=\"lazy\" decoding=\"async\" class=\"alignright\" title=\"Descarga SHAPE y KML Glaciares Subcuencas de los r\u00edos Carrenleuf\u00fa y Pico\" src=\"\/wp-content\/uploads\/shapes\/shp_kml.png\" width=\"50\" height=\"50\"\/><\/a><br \/>\n<\/div><div class=\"header_font zero_color\">Subcuenca del r\u00edo Senguer<\/div><div>Como citar:&nbsp; IANIGLA-Inventario Nacional de Glaciares. 2018. Informe de la subcuenca del r\u00edo Senguer. Cuenca de los r\u00edos Senguer y Chico. IANIGLA-CONICET, Ministerio de Ambiente y Desarrollo Sustentable de la Naci\u00f3n. Pp.55.<\/p>\n<p><a href=\"https:\/\/www.glaciaresargentinos.gob.ar\/wp-content\/uploads\/provincias\/Chubut\/docs\/informes\/informe_final_senguer_APN_27-04-2018.pdf\" target=\"_blank\" rel=\"noopener\"><img loading=\"lazy\" decoding=\"async\" class=\"alignleft wp-image-479\" title=\"Informe Subcuenca del r\u00edo Senguer\" src=\"\/wp-content\/uploads\/provincias\/Chubut\/docs\/tapas\/informe_senguer.ico\" alt=\"Informe Subcuenca del r\u00edo Senguer\" width=\"181\" height=\"255\"\/><\/a><a href=\"\/wp-content\/uploads\/provincias\/Chubut\/docs\/mapas\/mapa_final_senguer_APN_19-04-2018.pdf\" target=\"_blank\" rel=\"noopener\"><img decoding=\"async\" class=\"alignright size-full wp-image-480\" title=\"Mapa Subcuenca del r\u00edo Senguer\" src=\"\/wp-content\/uploads\/provincias\/Chubut\/docs\/tapas\/mapa_senguer.ico\" alt=\"Mapa Subcuenca del r\u00edo Senguer\"\/><\/a><br \/>\n<a href=\"https:\/\/www.glaciaresargentinos.gob.ar\/wp-content\/uploads\/shapes\/52-Senguer.zip\" target=\"_blank\" rel=\"noopener\"><img loading=\"lazy\" decoding=\"async\" class=\"alignright\" title=\"Descarga SHAPE y KML Glaciares Subcuenca del r\u00edo Senguer\" src=\"\/wp-content\/uploads\/shapes\/shp_kml.png\" width=\"50\" height=\"50\"\/><\/a><br \/>\n<\/div><div class=\"header_font zero_color\">Cuenca del r\u00edo Simpson<\/div><div>Como citar:&nbsp; IANIGLA-Inventario Nacional de Glaciares. 2018. Informe de la cuenca del r\u00edo Simpson. IANIGLA-CONICET, Ministerio de Ambiente y Desarrollo Sustentable de la Naci\u00f3n. Pp.22.<\/p>\n<p><a href=\"https:\/\/www.glaciaresargentinos.gob.ar\/wp-content\/uploads\/provincias\/Chubut\/docs\/informes\/informe_final_simpson_APN_27-04-2018.pdf\" target=\"_blank\" rel=\"noopener\"><img loading=\"lazy\" decoding=\"async\" class=\"alignleft wp-image-479\" title=\"Informe Cuenca del r\u00edo Simpson\" src=\"\/wp-content\/uploads\/provincias\/Chubut\/docs\/tapas\/informe_simpson.ico\" alt=\"Informe Cuenca del r\u00edo Simpson\" width=\"181\" height=\"255\"\/><\/a><\/p>\n<p style=\"text-align: center;\"><strong>En esta subcuenca no se detectaron glaciares luego de ser revisada de acuerdo a la metodolog\u00eda establecida para la realizaci\u00f3n del ING (res. ex SAyDS 1141\/15). Por este motivo no se adjunta mapa ni informaci\u00f3n vectorial (shape).<\/strong><br \/>\n<\/div><\/div><\/div><div class=\"clearboth\"><\/div><\/div>\n","protected":false},"excerpt":{"rendered":"","protected":false},"author":1,"featured_media":927,"parent":0,"menu_order":0,"comment_status":"closed","ping_status":"closed","template":"page-theme.php","meta":{"footnotes":""},"class_list":["post-1604","page","type-page","status-publish","has-post-thumbnail","hentry"],"_links":{"self":[{"href":"https:\/\/www.glaciaresargentinos.gob.ar\/index.php?rest_route=\/wp\/v2\/pages\/1604","targetHints":{"allow":["GET"]}}],"collection":[{"href":"https:\/\/www.glaciaresargentinos.gob.ar\/index.php?rest_route=\/wp\/v2\/pages"}],"about":[{"href":"https:\/\/www.glaciaresargentinos.gob.ar\/index.php?rest_route=\/wp\/v2\/types\/page"}],"author":[{"embeddable":true,"href":"https:\/\/www.glaciaresargentinos.gob.ar\/index.php?rest_route=\/wp\/v2\/users\/1"}],"replies":[{"embeddable":true,"href":"https:\/\/www.glaciaresargentinos.gob.ar\/index.php?rest_route=%2Fwp%2Fv2%2Fcomments&post=1604"}],"version-history":[{"count":34,"href":"https:\/\/www.glaciaresargentinos.gob.ar\/index.php?rest_route=\/wp\/v2\/pages\/1604\/revisions"}],"predecessor-version":[{"id":3493,"href":"https:\/\/www.glaciaresargentinos.gob.ar\/index.php?rest_route=\/wp\/v2\/pages\/1604\/revisions\/3493"}],"wp:featuredmedia":[{"embeddable":true,"href":"https:\/\/www.glaciaresargentinos.gob.ar\/index.php?rest_route=\/wp\/v2\/media\/927"}],"wp:attachment":[{"href":"https:\/\/www.glaciaresargentinos.gob.ar\/index.php?rest_route=%2Fwp%2Fv2%2Fmedia&parent=1604"}],"curies":[{"name":"wp","href":"https:\/\/api.w.org\/{rel}","templated":true}]}}