{"id":1602,"date":"2017-01-17T13:02:32","date_gmt":"2017-01-17T16:02:32","guid":{"rendered":"http:\/\/192.168.122.17\/?page_id=1602"},"modified":"2022-12-06T13:58:36","modified_gmt":"2022-12-06T16:58:36","slug":"rio-negro","status":"publish","type":"page","link":"https:\/\/www.glaciaresargentinos.gob.ar\/?page_id=1602","title":{"rendered":"Rio Negro"},"content":{"rendered":"<div class=\"row prk_row\"><div class=\"six columns\"><a href=\"https:\/\/www.glaciaresargentinos.gob.ar\/?page_id=264\"><img decoding=\"async\" class=\"alignnone size-full wp-image-831\" title=\"Provincia de R\u00edo Negro\" src=\"https:\/\/www.glaciaresargentinos.gob.ar\/wp-content\/uploads\/2017\/01\/Rio_Negro_Tapa.jpg\" alt=\"Provincia de R\u00edo Negro\"\/><\/a><\/div><div class=\"six columns prk_last\"><div id=\"accordion_123\" class=\"prk_accordion\"><div class=\"header_font zero_color\">Subcuencas de los r\u00edos Manso, Villegas y Foyel<\/div><div>Como citar:&nbsp; IANIGLA-Inventario Nacional de Glaciares. 2018. Informe de las subcuencas de los r\u00edos Manso, Villegas y Foyel. Cuenca de los r\u00edos Manso y Puelo. IANIGLA-CONICET, Ministerio de Ambiente y Desarrollo Sustentable de la Naci\u00f3n. Pp.54.<\/p>\n<p><a href=\"https:\/\/www.glaciaresargentinos.gob.ar\/wp-content\/uploads\/provincias\/Rio_Negro\/docs\/informes\/informe_final_manso_villegas_foyel_APN_26-04-2018.pdf\" target=\"_blank\" rel=\"noopener\"><img loading=\"lazy\" decoding=\"async\" class=\"alignleft wp-image-479\" title=\"Informe Subcuencas de los r\u00edos Manso, Villegas y Foyel\" src=\"\/wp-content\/uploads\/provincias\/Rio_Negro\/docs\/tapas\/informe_manso_villegas_foyel.ico\" alt=\"Informe Subcuencas de los r\u00edos Manso, Villegas y Foyel\" width=\"181\" height=\"255\"\/><\/a><a href=\"\/wp-content\/uploads\/provincias\/Rio_Negro\/docs\/mapas\/mapa_final_manso_villegas_foyel_APN_30-04-2018.pdf\" target=\"_blank\" rel=\"noopener\"><img loading=\"lazy\" decoding=\"async\" class=\"alignright size-full wp-image-480\" title=\"Mapa Subcuencas de los r\u00edos Manso, Villegas y Foyel\" src=\"\/wp-content\/uploads\/provincias\/Rio_Negro\/docs\/tapas\/mapa_manso_villegas_foyel.ico\" alt=\"Mapa Subcuencas de los r\u00edos Manso, Villegas y Foyel\" width=\"255\" height=\"181\"\/><\/a><br \/>\n<a href=\"https:\/\/www.glaciaresargentinos.gob.ar\/wp-content\/uploads\/shapes\/46-Maso-Villegas-Foyel.zip\" target=\"_blank\" rel=\"noopener\"><img loading=\"lazy\" decoding=\"async\" class=\"alignright\" title=\"Descarga SHAPE y KML Glaciares Subcuenca de los r\u00edos Manso, Villegas y Foyel\" src=\"\/wp-content\/uploads\/shapes\/shp_kml.png\" width=\"50\" height=\"50\"\/><\/a><br \/>\n<\/div><div class=\"header_font zero_color\">Subcuenca lago Puelo Superior<\/div><div>Como citar:&nbsp; IANIGLA-Inventario Nacional de Glaciares. 2018. Informe de la subcuenca del lago Puelo Superior. Cuenca de los r\u00edos Manso y Puelo. IANIGLA-CONICET, Ministerio de Ambiente y Desarrollo Sustentable de la Naci\u00f3n. Pp.51.<\/p>\n<p><a href=\"https:\/\/www.glaciaresargentinos.gob.ar\/wp-content\/uploads\/provincias\/Rio_Negro\/docs\/informes\/informe_final_lago_puelo_superior_APN_26-04-2018.pdf\" target=\"_blank\" rel=\"noopener\"><img loading=\"lazy\" decoding=\"async\" class=\"alignleft wp-image-479\" title=\"Informe Subcuenca lago Puelo Superior\" src=\"\/wp-content\/uploads\/provincias\/Rio_Negro\/docs\/tapas\/informe_puelo_superior.ico\" alt=\"Informe Subcuenca lago Puelo Superior\" width=\"181\" height=\"255\"\/><\/a><a href=\"\/wp-content\/uploads\/provincias\/Rio_Negro\/docs\/mapas\/mapa_final_lago_puelo_superior_APN_30-04-2018.pdf\" target=\"_blank\" rel=\"noopener\"><img decoding=\"async\" class=\"alignright size-full wp-image-480\" title=\"Mapa Subcuenca lago Puelo Superior\" src=\"\/wp-content\/uploads\/provincias\/Rio_Negro\/docs\/tapas\/mapa_puelo_superior.ico\" alt=\"Mapa Subcuenca lago Puelo Superior\"\/><\/a><br \/>\n<a href=\"https:\/\/www.glaciaresargentinos.gob.ar\/wp-content\/uploads\/shapes\/47-Puelo_Superior.zip\" target=\"_blank\" rel=\"noopener\"><img loading=\"lazy\" decoding=\"async\" class=\"alignright\" title=\"Descarga SHAPE y KML Glaciares Subcuenca lago Puelo Superior\" src=\"\/wp-content\/uploads\/shapes\/shp_kml.png\" width=\"50\" height=\"50\"\/><\/a><br \/>\n<\/div><\/div><\/div><div class=\"clearboth\"><\/div><\/div>\n","protected":false},"excerpt":{"rendered":"","protected":false},"author":1,"featured_media":895,"parent":0,"menu_order":0,"comment_status":"closed","ping_status":"closed","template":"page-theme.php","meta":{"footnotes":""},"class_list":["post-1602","page","type-page","status-publish","has-post-thumbnail","hentry"],"_links":{"self":[{"href":"https:\/\/www.glaciaresargentinos.gob.ar\/index.php?rest_route=\/wp\/v2\/pages\/1602","targetHints":{"allow":["GET"]}}],"collection":[{"href":"https:\/\/www.glaciaresargentinos.gob.ar\/index.php?rest_route=\/wp\/v2\/pages"}],"about":[{"href":"https:\/\/www.glaciaresargentinos.gob.ar\/index.php?rest_route=\/wp\/v2\/types\/page"}],"author":[{"embeddable":true,"href":"https:\/\/www.glaciaresargentinos.gob.ar\/index.php?rest_route=\/wp\/v2\/users\/1"}],"replies":[{"embeddable":true,"href":"https:\/\/www.glaciaresargentinos.gob.ar\/index.php?rest_route=%2Fwp%2Fv2%2Fcomments&post=1602"}],"version-history":[{"count":17,"href":"https:\/\/www.glaciaresargentinos.gob.ar\/index.php?rest_route=\/wp\/v2\/pages\/1602\/revisions"}],"predecessor-version":[{"id":3491,"href":"https:\/\/www.glaciaresargentinos.gob.ar\/index.php?rest_route=\/wp\/v2\/pages\/1602\/revisions\/3491"}],"wp:featuredmedia":[{"embeddable":true,"href":"https:\/\/www.glaciaresargentinos.gob.ar\/index.php?rest_route=\/wp\/v2\/media\/895"}],"wp:attachment":[{"href":"https:\/\/www.glaciaresargentinos.gob.ar\/index.php?rest_route=%2Fwp%2Fv2%2Fmedia&parent=1602"}],"curies":[{"name":"wp","href":"https:\/\/api.w.org\/{rel}","templated":true}]}}