{"id":1558,"date":"2016-10-03T11:22:35","date_gmt":"2016-10-03T14:22:35","guid":{"rendered":"http:\/\/192.168.122.17\/?page_id=1558"},"modified":"2020-11-10T14:04:20","modified_gmt":"2020-11-10T17:04:20","slug":"san-juan-ad","status":"publish","type":"page","link":"https:\/\/www.glaciaresargentinos.gob.ar\/?page_id=1558","title":{"rendered":"San Juan AD"},"content":{"rendered":"<div class=\"row prk_row\"><div class=\"six columns\"><img loading=\"lazy\" decoding=\"async\" class=\"alignnone size-full wp-image-831\" title=\"Provincia de San Juan\" src=\"https:\/\/www.glaciaresargentinos.gob.ar\/wp-content\/uploads\/2015\/12\/Caballito.jpg\" alt=\"Provincia de San Juan\" width=\"1200\" height=\"800\"\/><\/div><div class=\"six columns prk_last\"><div id=\"accordion_56\" class=\"prk_accordion\"><div class=\"header_font zero_color\">Subcuenca del r\u00edo Blanco Superior<\/div><div>Como citar:&nbsp; IANIGLA-Inventario Nacional de Glaciares. 2018. Informe de la subcuenca r\u00edo Blanco Superior. Cuenca del r\u00edo J\u00e1chal. IANIGLA-CONICET, Ministerio de Ambiente y Desarrollo Sustentable de la Naci\u00f3n. Pp.65.<\/p>\n<p><span style=\"color: #000080;\"><a style=\"color: #000080;\" href=\"https:\/\/www.glaciaresargentinos.gob.ar\/wp-content\/uploads\/provincias\/San_Juan\/docs\/informes\/informe_final_blanco-superior_APN_24-04-2018.pdf\" target=\"_blank\" rel=\"noopener noreferrer\"><img loading=\"lazy\" decoding=\"async\" class=\"alignleft wp-image-479\" title=\"Informe Subcuenca del r\u00edo Blanco Superior\" src=\"\/wp-content\/uploads\/provincias\/San_Juan\/docs\/tapas\/informe_blanco_superior.ico\" alt=\"Informe Subcuenca del r\u00edo Blanco Superior\" width=\"181\" height=\"257\"\/><\/a><a style=\"color: #000080;\" href=\"\/wp-content\/uploads\/provincias\/San_Juan\/docs\/mapas\/mapa_final_blanco_superior_APN_30-04-2018.pdf\" target=\"_blank\" rel=\"noopener noreferrer\"><img loading=\"lazy\" decoding=\"async\" class=\"alignright wp-image-480\" title=\"Mapa Subcuenca del r\u00edo Blanco Superior\" src=\"\/wp-content\/uploads\/provincias\/San_Juan\/docs\/tapas\/mapa_blanco_superior.ico\" alt=\"Mapa Subcuenca del r\u00edo Blanco Superior\" width=\"256\" height=\"181\"\/><\/a><\/span><a href=\"https:\/\/www.glaciaresargentinos.gob.ar\/solicitud_shapes\/22-Blanco_Superior\/index.html\" target=\"_blank\" rel=\"noopener noreferrer\"><img loading=\"lazy\" decoding=\"async\" class=\"alignright\" title=\"Descarga SHAPE y KML Glaciares Subcuenca del r\u00edo Blanco Superior\" src=\"\/wp-content\/uploads\/shapes\/shp_kml.png\" width=\"50\" height=\"50\"\/><\/a><br \/>\n<\/div><div class=\"header_font zero_color\">Subcuenca del r\u00edo de la Palca<\/div><div>Como citar:&nbsp; IANIGLA-Inventario Nacional de Glaciares. 2018. Informe de la subcuenca del r\u00edo de la Palca. Cuenca del r\u00edo J\u00e1chal. IANIGLA-CONICET, Ministerio de Ambiente y Desarrollo Sustentable de la Naci\u00f3n. Pp.64.<\/p>\n<p><span style=\"color: #000080;\"><a style=\"color: #000080;\" href=\"https:\/\/www.glaciaresargentinos.gob.ar\/wp-content\/uploads\/provincias\/San_Juan\/docs\/informes\/informe_final_la_palca_APN_23-04-2018.pdf\" target=\"_blank\" rel=\"noopener noreferrer\"><img loading=\"lazy\" decoding=\"async\" class=\"alignleft wp-image-479\" title=\"Informe Subcuenca del r\u00edo de la Palca\" src=\"\/wp-content\/uploads\/provincias\/San_Juan\/docs\/tapas\/informe_la_palca.ico\" alt=\"Informe Subcuenca del r\u00edo de la Palca\" width=\"181\" height=\"257\"\/><\/a><a style=\"color: #000080;\" href=\"\/wp-content\/uploads\/provincias\/San_Juan\/docs\/mapas\/mapa_final_la_palca_APN_30-04-2018.pdf\" target=\"_blank\" rel=\"noopener noreferrer\"><img loading=\"lazy\" decoding=\"async\" class=\"alignright wp-image-480\" title=\"Mapa Subcuenca del r\u00edo de la Palca\" src=\"\/wp-content\/uploads\/provincias\/San_Juan\/docs\/tapas\/mapa_la_palca.ico\" alt=\"Mapa Subcuenca del r\u00edo de la Palca\" width=\"181\" height=\"256\"\/><\/a><\/span><a href=\"https:\/\/www.glaciaresargentinos.gob.ar\/solicitud_shapes\/23-La_Palca\/index.html\" target=\"_blank\" rel=\"noopener noreferrer\"><img loading=\"lazy\" decoding=\"async\" class=\"alignright\" title=\"Descarga SHAPE y KML Glaciares Subcuenca del r\u00edo de la Palca\" src=\"\/wp-content\/uploads\/shapes\/shp_kml.png\" width=\"50\" height=\"50\"\/><\/a><br \/>\n<\/div><div class=\"header_font zero_color\">Sector r\u00edo Blanco Inferior<\/div><div>Como citar:&nbsp; IANIGLA-Inventario Nacional de Glaciares. 2018. Informe del sector r\u00edo Blanco Inferior. Cuenca del r\u00edo J\u00e1chal. IANIGLA-CONICET, Ministerio de Ambiente y Desarrollo Sustentable de la Naci\u00f3n. Pp.61.<\/p>\n<p><a href=\"\/wp-content\/uploads\/provincias\/San_Juan\/docs\/informes\/informe_final_blanco_inferior_APN_23-04-2018.pdf\" target=\"_blank\" rel=\"noopener noreferrer\"><img loading=\"lazy\" decoding=\"async\" class=\"alignleft wp-image-479\" title=\"Informe Sector r\u00edo Blanco Inferior\" src=\"\/wp-content\/uploads\/provincias\/San_Juan\/docs\/tapas\/informe_blanco_inferior.ico\" alt=\"Informe Sector r\u00edo Blanco Inferior\" width=\"181\" height=\"256\"\/><\/a><a href=\"\/wp-content\/uploads\/provincias\/San_Juan\/docs\/mapas\/mapa_final_blanco_inferior_APN_18-04-2018.pdf\" target=\"_blank\" rel=\"noopener noreferrer\"><img loading=\"lazy\" decoding=\"async\" class=\"alignright wp-image-480\" title=\"Mapa Sector r\u00edo Blanco Inferior\" src=\"\/wp-content\/uploads\/provincias\/San_Juan\/docs\/tapas\/mapa_blanco_inferior.ico\" alt=\"Mapa Sector r\u00edo Blanco Inferior\" width=\"256\" height=\"181\"\/><\/a><a href=\"https:\/\/www.glaciaresargentinos.gob.ar\/solicitud_shapes\/24-Blanco_Inferior\/index.html\" target=\"_blank\" rel=\"noopener noreferrer\"><img loading=\"lazy\" decoding=\"async\" class=\"alignright\" title=\"Descarga SHAPE y KML Glaciares Sector r\u00edo Blanco Inferior\" src=\"\/wp-content\/uploads\/shapes\/shp_kml.png\" width=\"50\" height=\"50\"\/><\/a><\/div><\/div><\/div><div class=\"clearboth\"><\/div><\/div>\n","protected":false},"excerpt":{"rendered":"","protected":false},"author":1,"featured_media":1240,"parent":0,"menu_order":0,"comment_status":"closed","ping_status":"closed","template":"page-theme.php","meta":{"footnotes":""},"class_list":["post-1558","page","type-page","status-publish","has-post-thumbnail","hentry"],"_links":{"self":[{"href":"https:\/\/www.glaciaresargentinos.gob.ar\/index.php?rest_route=\/wp\/v2\/pages\/1558","targetHints":{"allow":["GET"]}}],"collection":[{"href":"https:\/\/www.glaciaresargentinos.gob.ar\/index.php?rest_route=\/wp\/v2\/pages"}],"about":[{"href":"https:\/\/www.glaciaresargentinos.gob.ar\/index.php?rest_route=\/wp\/v2\/types\/page"}],"author":[{"embeddable":true,"href":"https:\/\/www.glaciaresargentinos.gob.ar\/index.php?rest_route=\/wp\/v2\/users\/1"}],"replies":[{"embeddable":true,"href":"https:\/\/www.glaciaresargentinos.gob.ar\/index.php?rest_route=%2Fwp%2Fv2%2Fcomments&post=1558"}],"version-history":[{"count":15,"href":"https:\/\/www.glaciaresargentinos.gob.ar\/index.php?rest_route=\/wp\/v2\/pages\/1558\/revisions"}],"predecessor-version":[{"id":2971,"href":"https:\/\/www.glaciaresargentinos.gob.ar\/index.php?rest_route=\/wp\/v2\/pages\/1558\/revisions\/2971"}],"wp:featuredmedia":[{"embeddable":true,"href":"https:\/\/www.glaciaresargentinos.gob.ar\/index.php?rest_route=\/wp\/v2\/media\/1240"}],"wp:attachment":[{"href":"https:\/\/www.glaciaresargentinos.gob.ar\/index.php?rest_route=%2Fwp%2Fv2%2Fmedia&parent=1558"}],"curies":[{"name":"wp","href":"https:\/\/api.w.org\/{rel}","templated":true}]}}