{"id":1142,"date":"2015-11-09T12:00:36","date_gmt":"2015-11-09T15:00:36","guid":{"rendered":"http:\/\/192.168.122.17\/?page_id=1142"},"modified":"2018-01-08T15:03:39","modified_gmt":"2018-01-08T18:03:39","slug":"campanas-realizadas","status":"publish","type":"page","link":"https:\/\/www.glaciaresargentinos.gob.ar\/?page_id=1142","title":{"rendered":"Campa\u00f1as Realizadas"},"content":{"rendered":"<div class=\"row prk_row\"><div class=\"six columns\"><img loading=\"lazy\" decoding=\"async\" class=\"alignnone size-full wp-image-831\" title=\"\" src=\"https:\/\/www.glaciaresargentinos.gob.ar\/wp-content\/uploads\/2015\/11\/campa\u00f1as_realizadas.jpg\" alt=\"\" width=\"1200\" height=\"800\" \/><\/div><div class=\"six columns prk_last\">\n<div id=\"accordion_6\" class=\"prk_accordion\"><div class=\"header_font zero_color\">A\u00f1o 2017<\/div><div>\n<span style=\"color: #3366ff;\"><strong>*<\/strong><\/span> Cuenca del r\u00edo Chubut, Chubut (Enero).<br \/>\n<span style=\"color: #3366ff;\"><strong>*<\/strong><\/span> Cuenca de los r\u00edos Carrenleuf\u00fa-Pico, Chubut (Enero).<br \/>\n<span style=\"color: #3366ff;\"><strong>*<\/strong><\/span> Cuenca del r\u00edo Senguerr y Chico, Chubut (Enero).<br \/>\n<span style=\"color: #3366ff;\"><strong>*<\/strong><\/span> Cuenca del r\u00edo Vizcachas, Santa Cruz (Febrero).<br \/>\n<span style=\"color: #3366ff;\"><strong>*<\/strong><\/span> Cuenca del r\u00edo Coig o Coyle, Santa Cruz (Febrero).<br \/>\n<span style=\"color: #3366ff;\"><strong>*<\/strong><\/span> Subcuenca del Lago Viedma, Cuenca del r\u00edo Santa Cruz, Santa Cruz (Febrero).<br \/>\n<span style=\"color: #3366ff;\"><strong>*<\/strong><\/span> Subcuenca del Brazo Sur Lago Argentino, Cuenca r\u00edo Santa Cruz, Santa Cruz (Febrero).<br \/>\n<span style=\"color: #3366ff;\"><strong>*<\/strong><\/span> Subcuenca del r\u00edo Barrancas, Cuenca del r\u00edo Colorado, Mendoza-Neuqu\u00e9n (Marzo).<br \/>\n<span style=\"color: #3366ff;\"><strong>*<\/strong><\/span> Subcuenca r\u00edo Neuqu\u00e9n norte, Cuenca rio Neuqu\u00e9n, Neuqu\u00e9n (Marzo).<br \/>\n<span style=\"color: #3366ff;\"><strong>*<\/strong><\/span> Subcuenca r\u00edo Agrio, Cuenca rio Neuqu\u00e9n, Neuqu\u00e9n (Marzo).<br \/>\n<span style=\"color: #3366ff;\"><strong>*<\/strong><\/span> Cuenca del r\u00edo Hua Hum, Neuqu\u00e9n (Marzo).<br \/>\n<span style=\"color: #3366ff;\"><strong>*<\/strong><\/span> Subcuenca del r\u00edo Coll\u00f3n Cura, Cuenca del r\u00edo Limay, Neuqu\u00e9n (Marzo).<br \/>\n<span style=\"color: #3366ff;\"><strong>*<\/strong><\/span> Subcuenca del r\u00edo Limay (Sur), Cuenca del r\u00edo Limay-Neuqu\u00e9n, R\u00edo Negro (Marzo).<br \/>\n<span style=\"color: #3366ff;\"><strong>*<\/strong><\/span> Cuenca del r\u00edo Abauc\u00e1n y Laguna Verde, Catamarca (Abril).<br \/>\n<span style=\"color: #3366ff;\"><strong>*<\/strong><\/span> Cuenca del r\u00edo Vinchina-Bermejo, La Rioja (Abril).<br \/>\n<span style=\"color: #3366ff;\"><strong>*<\/strong><\/span> Subcuenca del r\u00edo Blanco Norte, Cuenca del r\u00edo J\u00e1chal, San Juan-La Rioja (Abril).<br \/>\n<span style=\"color: #3366ff;\"><strong>*<\/strong><\/span> Balance de Masa de oto\u00f1o en los glaciares del Monte Tronador, R\u00edo Negro (Abril).<br \/>\n<span style=\"color: #3366ff;\"><strong>*<\/strong><\/span> Balance de Masa de oto\u00f1o en el glaciar del Agua Negra, San Juan (Abril).<br \/>\n<span style=\"color: #3366ff;\"><strong>*<\/strong><\/span> Balance de Masa de oto\u00f1o en el glaciar de Los Tres, Santa Cruz (Abril).<br \/>\n<span style=\"color: #3366ff;\"><strong>*<\/strong><\/span> Cuenca del r\u00edo San Francisco, Jujuy y Salta (Junio-Julio).<br \/>\n<span style=\"color: #3366ff;\"><strong>*<\/strong><\/span> Subcuenca del salar de Olaroz, Cuencas varias de la Puna, Jujuy (Septiembre).<br \/>\n<span style=\"color: #3366ff;\"><strong>*<\/strong><\/span> Cuenca alta del r\u00edo Sal\u00ed-Dulce, Tucum\u00e1n (Septiembre-Octubre).<br \/>\n<span style=\"color: #3366ff;\"><strong>*<\/strong><\/span> Parte argentina de la cuenca del r\u00edo Pilcomayo, Salta (Septiembre-Octubre).<br \/>\n<span style=\"color: #3366ff;\"><strong>*<\/strong><\/span> Subcuenca de las lagunas de Vilama, Catal y Pululos, Cuencas varias de la Puna, Jujuy (Septiembre-Octubre).<br \/>\n<span style=\"color: #3366ff;\"><strong>*<\/strong><\/span> Subcuenca de las Salinas Grandes, Cuencas varias de la Puna, Jujuy y Salta (Septiembre-Octubre).<br \/>\n<span style=\"color: #3366ff;\"><strong>*<\/strong><\/span> Subcuenca del r\u00edo Calchaqu\u00ed, Cuenca alta del r\u00edo Juramento, Salta (Octubre).<br \/>\n<span style=\"color: #3366ff;\"><strong>*<\/strong><\/span> Subcuenca del r\u00edo Rosario, Cuenca alta del r\u00edo Juramento, Salta (Octubre).<br \/>\n<span style=\"color: #3366ff;\"><strong>*<\/strong><\/span> Balance de Masa de primavera en el glaciar del Agua Negra, San Juan (Noviembre).<br \/>\n<span style=\"color: #3366ff;\"><strong>*<\/strong><\/span> Subcuenca del salar de Arizaro, Cuencas varias de la Puna, Salta-Catamarca-Jujuy (Noviembre-Diciembre).<br \/>\n<span style=\"color: #3366ff;\"><strong>*<\/strong><\/span> Subcuenca salar de Cauchari, Cuencas varias de la Puna, Salta-Jujuy (Noviembre-Diciembre).<br \/>\n<span style=\"color: #3366ff;\"><strong>*<\/strong><\/span> Subcuenca salar Pocitos, Cuencas varias de la Puna, Salta-Catamarca (Noviembre-Diciembre).<br \/>\n<span style=\"color: #3366ff;\"><strong>*<\/strong><\/span> Subcuenca salar de Antofalla, Cuencas varias de la Puna, Catamarca-Salta (Noviembre-Diciembre).<br \/>\n<span style=\"color: #3366ff;\"><strong>*<\/strong><\/span> Subcuenca Antofagasta de la Sierra, Cuencas varias de la Puna, Catamarca (Noviembre-Diciembre).<br \/>\n<span style=\"color: #3366ff;\"><strong>*<\/strong><\/span> Balance de Masa de primavera en los glaciares del Monte Tronador, R\u00edo Negro (Noviembre-Diciembre).<br \/>\n<span style=\"color: #3366ff;\"><strong>*<\/strong><\/span> Balance de Masa de primavera en el glaciar de Los Tres, Santa Cruz (Noviembre-Diciembre).<br \/>\n<span style=\"color: #3366ff;\"><strong>*<\/strong><\/span> Balance de Masa  de primavera en el glaciar Peteroa, Mendoza (Diciembre).<br \/>\n<\/div><div class=\"header_font zero_color\">A\u00f1o 2016<\/div><div>\n<span style=\"color: #3366ff;\"><strong>*<\/strong><\/span> Balance de Masa de oto\u00f1o en los glaciares del Monte Tronador, R\u00edo Negro (Abril).<br \/>\n<span style=\"color: #3366ff;\"><strong>*<\/strong><\/span> Balance de Masa de oto\u00f1o en el glaciar del Agua Negra, San Juan (Abril).<br \/>\n<span style=\"color: #3366ff;\"><strong>*<\/strong><\/span> Balance de Masa de oto\u00f1o en el glaciar de Los Tres, Santa Cruz (Abril).<br \/>\n<span style=\"color: #3366ff;\"><strong>*<\/strong><\/span> Cuenca del r\u00edo Bermejo, Salta (Mayo-Junio).<br \/>\n<span style=\"color: #3366ff;\"><strong>*<\/strong><\/span> Balance de Masa de primavera en el glaciar de Los Tres, Santa Cruz (Octubre).<br \/>\n<span style=\"color: #3366ff;\"><strong>*<\/strong><\/span> Balance de Masa de primavera en los glaciares del Monte Tronador, R\u00edo Negro (Octubre).<br \/>\n<span style=\"color: #3366ff;\"><strong>*<\/strong><\/span> Balance de Masa de primavera en el glaciar del Agua Negra, San Juan (Diciembre).<br \/>\n<\/div><div class=\"header_font zero_color\">A\u00f1o 2015<\/div><div>\n<strong><span style=\"color: #3366ff;\">*<\/span><\/strong> Cuenca del lago Buenos Aires y Pueyrred\u00f3n, Santa Cruz (Enero).<br \/>\n<span style=\"color: #3366ff;\"><strong>*<\/strong><\/span> Cuenca del r\u00edo Deseado, Santa Cruz (Enero).<br \/>\n<span style=\"color: #3366ff;\"><strong>*<\/strong><\/span> Cuenca del r\u00edo Grande, Malarg\u00fce, Mendoza (Febrero).<br \/>\n<span style=\"color: #3366ff;\"><strong>*<\/strong><\/span> Sector del Arroyo El Serrucho, cuenca del r\u00edo Malarg\u00fce. Malarg\u00fce, Mendoza (Febrero).<br \/>\n<span style=\"color: #3366ff;\"><strong>*<\/strong><\/span> Cuenca del Canal de Beagle, Tierra del Fuego (Marzo).<br \/>\n<span style=\"color: #3366ff;\"><strong>*<\/strong><\/span> Exploraci\u00f3n para la realizaci\u00f3n de balance de masa en el glaciar Eva Per\u00f3n, cuenca del r\u00edo Diamante, Mendoza (Marzo).<br \/>\n<span style=\"color: #3366ff;\"><strong>*<\/strong><\/span> Balance de Masa de verano en el glaciar del Agua Negra, San Juan (Marzo).<br \/>\n<span style=\"color: #3366ff;\"><strong>*<\/strong><\/span> Balance de Masa de verano e invierno en el glaciar De los Tres. Chalt\u00e9n, Santa Cruz (Marzo\/Octubre).<br \/>\n<span style=\"color: #3366ff;\"><strong>*<\/strong><\/span> Balance de Masa de verano e invierno en los glaciares del Monte Tronador, R\u00edo Negro (Marzo\/Octubre).<br \/>\n<span style=\"color: #3366ff;\"><strong>*<\/strong><\/span> Sierras de Famatina, La Rioja (Noviembre).<br \/>\n<\/div><div class=\"header_font zero_color\">A\u00f1o 2014<\/div><div>\n<span style=\"color: #3366ff;\"><strong>*<\/strong><\/span> Glaciar del Azufre y Pe\u00f1\u00f3n, cuenca del r\u00edo Grande, Malarg\u00fce, Mendoza (Febrero).<br \/>\n<span style=\"color: #3366ff;\"><strong>*<\/strong><\/span> Alrededores de Las Le\u00f1as y Valle Hermoso, cuenca del r\u00edo Atuel, Mendoza (Febrero).<br \/>\n<span style=\"color: #3366ff;\"><strong>*<\/strong><\/span> Manantiales y Cord\u00f3n de la Ramada, San Juan (Marzo).<br \/>\n<span style=\"color: #3366ff;\"><strong>*<\/strong><\/span> Cordillera de Ansilta, San Juan (Marzo).<br \/>\n<span style=\"color: #3366ff;\"><strong>*<\/strong><\/span> Mercedario, San Juan (Marzo).<br \/>\n<span style=\"color: #3366ff;\"><strong>*<\/strong><\/span> Cuenca de la Palca y Cord\u00f3n Ortigas, San Juan (Marzo).<br \/>\n<span style=\"color: #3366ff;\"><strong>*<\/strong><\/span> Balance de Masa en el glaciar del Agua Negra, San Juan (Marzo, Septiembre, Diciembre).<br \/>\n<span style=\"color: #3366ff;\"><strong>*<\/strong><\/span> Valles de Pach\u00f3n y Carnicer\u00eda, San Juan (Abril).<br \/>\n<span style=\"color: #3366ff;\"><strong>*<\/strong><\/span> Cuenca de los r\u00edos Calingasta y Casta\u00f1o, San Juan (Abril).<br \/>\n<span style=\"color: #3366ff;\"><strong>*<\/strong><\/span> Subcuenca de los lagos Nansen y Belgrano, Santa Cruz (Febrero).<br \/>\n<span style=\"color: #3366ff;\"><strong>*<\/strong><\/span> Cuenca del r\u00edo Chico, Santa Cruz (Febrero).<br \/>\n<span style=\"color: #3366ff;\"><strong>*<\/strong><\/span> Balance de Masa de verano e invierno en el glaciar De los Tres. Chalt\u00e9n, Santa Cruz. (Abril\/Noviembre).<br \/>\n<span style=\"color: #3366ff;\"><strong>*<\/strong><\/span> Balance de Masa de verano e invierno en los glaciares del Monte Tronador, R\u00edo Negro Marzo\/Octubre).<br \/>\n<\/div><div class=\"header_font zero_color\">A\u00f1o 2013<\/div><div>\n<span style=\"color: #3366ff;\"><strong>*<\/strong><\/span> Subcuencas del r\u00edo Mayer y Lago San Mart\u00edn, Santa Cruz (Enero).<br \/>\n<span style=\"color: #3366ff;\"><strong>*<\/strong><\/span> Cuenca del Brazo Norte del Lago Argentino, Santa Cruz (Febrero).<br \/>\n<span style=\"color: #3366ff;\"><strong>*<\/strong><\/span> Laguna del Diamante y Volc\u00e1n Maipo, Mendoza (Febrero).<br \/>\n<span style=\"color: #3366ff;\"><strong>*<\/strong><\/span> Cord\u00f3n del Portillo y Alto Valle del r\u00edo Tunuy\u00e1n, Mendoza (Marzo).<br \/>\n<span style=\"color: #3366ff;\"><strong>*<\/strong><\/span> Valle de las L\u00e1grimas, del Barroso y Laguna del Atuel, Mendoza (Marzo).<br \/>\n<span style=\"color: #3366ff;\"><strong>*<\/strong><\/span> Levantamiento GPS, Glaciar Agua Negra, San Juan (Abril).<br \/>\n<span style=\"color: #3366ff;\"><strong>*<\/strong><\/span> Cuencas del r\u00edo Futaleuf\u00fa, Manso, Puelo Superior e Inferior, Chubut (Febrero).<br \/>\n<span style=\"color: #3366ff;\"><strong>*<\/strong><\/span> Nevados de Aconquija, Andalgal\u00e1, Catamarca (Setiembre).<br \/>\n<span style=\"color: #3366ff;\"><strong>*<\/strong><\/span> Nevados de Catreal, cuenca del r\u00edo Santa Mar\u00eda, Catamarca (Setiembre).<br \/>\n<span style=\"color: #3366ff;\"><strong>*<\/strong><\/span> Balance de Masa de verano e invierno en el glaciar De los Tres, Chalt\u00e9n, Santa Cruz (Marzo\/Septiembre).<br \/>\n<span style=\"color: #3366ff;\"><strong>*<\/strong><\/span> Balance de Masa de verano e invierno en los glaciares del Monte Tronador, R\u00edo Negro (Marzo\/Noviembre).<br \/>\n<\/div><div class=\"header_font zero_color\">A\u00f1o 2012<\/div><div>\n<span style=\"color: #3366ff;\"><strong>*<\/strong><\/span> Cerro Aconcagua, Mendoza (Enero).<br \/>\n<span style=\"color: #3366ff;\"><strong>*<\/strong><\/span> Quebrada de Navarro, cuenca del r\u00edo Cuevas, Mendoza (Febrero).<br \/>\n<span style=\"color: #3366ff;\"><strong>*<\/strong><\/span> Sectores del Cord\u00f3n del Plata, Mendoza (Marzo).<br \/>\n<span style=\"color: #3366ff;\"><strong>*<\/strong><\/span> Tronador, R\u00edo Negro (Marzo).<br \/>\n<span style=\"color: #3366ff;\"><strong>*<\/strong><\/span> Quebrada del Chorro, cuenca del r\u00edo Tupungato, Mendoza (Marzo).<br \/>\n<span style=\"color: #3366ff;\"><strong>*<\/strong><\/span> Tambillos, Cordillera del Tigre, Mendoza (Abril).<br \/>\n<span style=\"color: #3366ff;\"><strong>*<\/strong><\/span> Nevados de Cachi, Salta (Octubre).<br \/>\n<span style=\"color: #3366ff;\"><strong>*<\/strong><\/span> Mediciones de radar, Glaciar Agua Negra, San Juan (Noviembre).<br \/>\n<\/div><\/div><\/div><div class=\"clearboth\"><\/div><\/div>\n","protected":false},"excerpt":{"rendered":"","protected":false},"author":1,"featured_media":902,"parent":0,"menu_order":0,"comment_status":"closed","ping_status":"closed","template":"page-theme.php","meta":{"footnotes":""},"class_list":["post-1142","page","type-page","status-publish","has-post-thumbnail","hentry"],"_links":{"self":[{"href":"https:\/\/www.glaciaresargentinos.gob.ar\/index.php?rest_route=\/wp\/v2\/pages\/1142","targetHints":{"allow":["GET"]}}],"collection":[{"href":"https:\/\/www.glaciaresargentinos.gob.ar\/index.php?rest_route=\/wp\/v2\/pages"}],"about":[{"href":"https:\/\/www.glaciaresargentinos.gob.ar\/index.php?rest_route=\/wp\/v2\/types\/page"}],"author":[{"embeddable":true,"href":"https:\/\/www.glaciaresargentinos.gob.ar\/index.php?rest_route=\/wp\/v2\/users\/1"}],"replies":[{"embeddable":true,"href":"https:\/\/www.glaciaresargentinos.gob.ar\/index.php?rest_route=%2Fwp%2Fv2%2Fcomments&post=1142"}],"version-history":[{"count":35,"href":"https:\/\/www.glaciaresargentinos.gob.ar\/index.php?rest_route=\/wp\/v2\/pages\/1142\/revisions"}],"predecessor-version":[{"id":2465,"href":"https:\/\/www.glaciaresargentinos.gob.ar\/index.php?rest_route=\/wp\/v2\/pages\/1142\/revisions\/2465"}],"wp:featuredmedia":[{"embeddable":true,"href":"https:\/\/www.glaciaresargentinos.gob.ar\/index.php?rest_route=\/wp\/v2\/media\/902"}],"wp:attachment":[{"href":"https:\/\/www.glaciaresargentinos.gob.ar\/index.php?rest_route=%2Fwp%2Fv2%2Fmedia&parent=1142"}],"curies":[{"name":"wp","href":"https:\/\/api.w.org\/{rel}","templated":true}]}}