{"id":109,"date":"2014-08-14T22:27:46","date_gmt":"2014-08-15T01:27:46","guid":{"rendered":"http:\/\/192.168.122.17\/?page_id=109"},"modified":"2020-10-26T15:27:00","modified_gmt":"2020-10-26T18:27:00","slug":"inicio","status":"publish","type":"page","link":"https:\/\/www.glaciaresargentinos.gob.ar\/","title":{"rendered":"Inicio"},"content":{"rendered":"<p>&nbsp;<\/p>\n<p>&nbsp;<\/p>\n<p>&nbsp;<\/p>\n<div class=\"prk_section extra_pad prk_inner_block twelve columns centered\" style=\"text-align:center;\"><div class=\"prk_shortcode-title\"><div class=\"special_italic sizer_medium bd_headings_text_shadow zero_color\" style=\"padding-top:0px;text-align:center;\">Bienvenido al Inventario Nacional de Glaciares<\/div><\/div>\n<h5>Aqu\u00ed est\u00e1 disponible la informaci\u00f3n de los glaciares relevados hasta la fecha en la cordillera de los Andes argentinos. En la p\u00e1gina se podr\u00e1 consultar el inventario de glaciares por cuencas finalizadas a trav\u00e9s de un visualizador interactivo, mapas e informes. Los resultados incluyen informaci\u00f3n b\u00e1sica (coordenadas, \u00e1rea, altitud, etc.) y datos adicionales como tipo de glaciar, forma y cobertura de detritos entre otros.<\/h5>\n<div class=\"clearfix\"><\/div><\/div><div class=\"clearfix\"><\/div>\n<div class=\"prk_full_width prk_section prk_nocover_back\" style=\"text-align:center;background:url(https:\/\/www.glaciaresargentinos.gob.ar\/wp-content\/themes\/quest\/images\/patterns\/shattered.jpg);background-attachment: fixed;background-repeat:repeat;\"><div class=\"extra_pad prk_inner_block twelve columns centered\"><span style=\"font-size: 2.3em; font-family: times,serif; color: #9EDAF9;\"><strong><em>Los glaciares son componentes cruciales del sistema hidrol\u00f3gico de monta\u00f1a y act\u00faan como reservas estrat\u00e9gicas de agua. Adem\u00e1s constituyen elementos emblem\u00e1ticos del paisaje andino que deben ser estudiados, monitoreados y protegidos para poder conocerlos y preservarlos en su estado natural.<\/em><\/strong><\/span><div class=\"clearfix\"><\/div><\/div><\/div><div class=\"clearfix\"><\/div><div class=\"prk_section extra_pad prk_inner_block twelve columns centered\" style=\"text-align:center;\"><div class=\"prk_shortcode-title\"><div class=\"header_font prk_bold sizer_small bd_headings_text_shadow zero_color\" style=\"padding-top:0px;text-align:left;\">\u00daltimas noticias del Inventario Nacional de Glaciares<\/div><\/div><div id=\"prk_shortcode_latest_posts_158\" class=\"prk_shorts cf recentposts_ul_wp twelve\"><ul class=\"recentposts_ul_shortcode row\"><li class=\"columns\" style=\"float:left;\"><div class=\"colored_bg boxed_shadow\"><a href=\"https:\/\/www.glaciaresargentinos.gob.ar\/?p=3694\"><div class=\"masonr_img_wp boxed_shadow\"><div class=\"blog_fader_grid\"><div class=\"plus_wp\"><div class=\"i zero_color titled_link_icon\"><\/div><\/div><\/div><img loading=\"lazy\" decoding=\"async\" src=\"https:\/\/www.glaciaresargentinos.gob.ar\/wp-content\/uploads\/2025\/02\/Imagen-1-600x375.png\" width=\"600\" height=\"375\" id=\"home_fader-3694\" class=\"custom-img grid_image\" alt=\"\" \/><\/div><\/a><div class=\"blog_meta blog_meta_single not_zero_color active_text_shadow mini_unpadded_low\">03\/02\/2025<\/div><h4 class=\"masonr_title prk_bold bd_headings_text_shadow zero_color mini_unpadded_low\"><a href=\"https:\/\/www.glaciaresargentinos.gob.ar\/?p=3694\">2025 A\u00f1o Internacional de la Conservaci\u00f3n de los Glaciares<\/a><\/h4><div class=\"clearfix\"><\/div><div class=\"on_colored entry_content mini_padded_text\"style=\"margin-top:9px;\"><p>Glaciar Perito Moreno, Parque Nacional los Glaciares, Santa Cruz. Foto: Laura Zalazar<br \/>\nEl 2025 ha sido declarado por Naciones Unidas como el \u201cA\u00f1o In [&#8230;]<\/p>\n<div class=\"theme_button_inverted small boxed_shadow\" style=\"margin-top:4px;\"><a href=\"https:\/\/www.glaciaresargentinos.gob.ar\/?p=3694\">Leer m\u00e1s<\/a><\/div><div class=\"clearfix\"><\/div><\/div><div class=\"simple_line\" style=\"margin-bottom:0px;\"><\/div><div class=\"blog_masonry_lower\"><div class=\"left_floated default_color\"><a href=\"https:\/\/www.glaciaresargentinos.gob.ar\/?cat=1\" title=\"View all posts\">Uncategorized<\/a><\/div><div class=\"icon-clipboard\"><\/div>\t<div class=\"clearfix\"><\/div><\/div><\/div><\/li><li class=\"columns\" style=\"float:left;\"><div class=\"colored_bg boxed_shadow\"><a href=\"https:\/\/www.glaciaresargentinos.gob.ar\/?p=3691\"><div class=\"masonr_img_wp boxed_shadow\"><div class=\"blog_fader_grid\"><div class=\"plus_wp\"><div class=\"i zero_color titled_link_icon\"><\/div><\/div><\/div><img loading=\"lazy\" decoding=\"async\" src=\"https:\/\/www.glaciaresargentinos.gob.ar\/wp-content\/uploads\/2025\/01\/glaciares-2024-600x375.jpg\" width=\"600\" height=\"375\" id=\"home_fader-3691\" class=\"custom-img grid_image\" alt=\"\" \/><\/div><\/a><div class=\"blog_meta blog_meta_single not_zero_color active_text_shadow mini_unpadded_low\">13\/12\/2024<\/div><h4 class=\"masonr_title prk_bold bd_headings_text_shadow zero_color mini_unpadded_low\"><a href=\"https:\/\/www.glaciaresargentinos.gob.ar\/?p=3691\">Publican los primeros resultados de la actualizaci\u00f3n del Inventario Nacional de Glaciares<\/a><\/h4><div class=\"clearfix\"><\/div><div class=\"on_colored entry_content mini_padded_text\"style=\"margin-top:9px;\"><p>A trav\u00e9s de la Resoluci\u00f3n 142\/2024, la Vicejefatura de Gabinete del Interior, perteneciente a la Jefatura de Gabinete de Ministros, aprob\u00f3 la prime [&#8230;]<\/p>\n<div class=\"theme_button_inverted small boxed_shadow\" style=\"margin-top:4px;\"><a href=\"https:\/\/www.glaciaresargentinos.gob.ar\/?p=3691\">Leer m\u00e1s<\/a><\/div><div class=\"clearfix\"><\/div><\/div><div class=\"simple_line\" style=\"margin-bottom:0px;\"><\/div><div class=\"blog_masonry_lower\"><div class=\"left_floated default_color\"><a href=\"https:\/\/www.glaciaresargentinos.gob.ar\/?cat=14\" title=\"View all posts\">Medios<\/a><\/div><div class=\"icon-clipboard\"><\/div>\t<div class=\"clearfix\"><\/div><\/div><\/div><\/li><li class=\"columns\" style=\"float:left;\"><div class=\"colored_bg boxed_shadow\"><a href=\"https:\/\/www.glaciaresargentinos.gob.ar\/?p=3644\"><div class=\"masonr_img_wp boxed_shadow\"><div class=\"blog_fader_grid\"><div class=\"plus_wp\"><div class=\"i zero_color titled_link_icon\"><\/div><\/div><\/div><img loading=\"lazy\" decoding=\"async\" src=\"https:\/\/www.glaciaresargentinos.gob.ar\/wp-content\/uploads\/2024\/06\/001-nby-600x375.jpeg\" width=\"600\" height=\"375\" id=\"home_fader-3644\" class=\"custom-img grid_image\" alt=\"\" \/><\/div><\/a><div class=\"blog_meta blog_meta_single not_zero_color active_text_shadow mini_unpadded_low\">25\/06\/2024<\/div><h4 class=\"masonr_title prk_bold bd_headings_text_shadow zero_color mini_unpadded_low\"><a href=\"https:\/\/www.glaciaresargentinos.gob.ar\/?p=3644\">Especialistas del IANIGLA utilizar\u00e1n drones para optimizar el estudio de los glaciares<\/a><\/h4><div class=\"clearfix\"><\/div><div class=\"on_colored entry_content mini_padded_text\"style=\"margin-top:9px;\"><p>En el marco del trabajo continuo que se lleva a cabo en el Inventario Nacional de Glaciares (ING), especialistas del IANIGLA, Laura Zalazar, Hern\u00e1n G [&#8230;]<\/p>\n<div class=\"theme_button_inverted small boxed_shadow\" style=\"margin-top:4px;\"><a href=\"https:\/\/www.glaciaresargentinos.gob.ar\/?p=3644\">Leer m\u00e1s<\/a><\/div><div class=\"clearfix\"><\/div><\/div><div class=\"simple_line\" style=\"margin-bottom:0px;\"><\/div><div class=\"blog_masonry_lower\"><div class=\"left_floated default_color\"><a href=\"https:\/\/www.glaciaresargentinos.gob.ar\/?cat=12\" title=\"View all posts\">Capacitaci\u00f3n<\/a><\/div><div class=\"icon-clipboard\"><\/div>\t<div class=\"clearfix\"><\/div><\/div><\/div><\/li><\/ul><\/div><!-- prk_shortcode_latest_posts --><div class=\"theme_button_inverted medium\"><a href=\"https:\/\/www.glaciaresargentinos.gob.ar\/?page_id=154\">Noticias anteriores<\/a><\/div><div class=\"clearfix\"><\/div><\/div><div class=\"clearfix\"><\/div>\n","protected":false},"excerpt":{"rendered":"<p>&nbsp; &nbsp; &nbsp;<\/p>\n","protected":false},"author":1,"featured_media":0,"parent":0,"menu_order":0,"comment_status":"closed","ping_status":"closed","template":"page-sections.php","meta":{"footnotes":""},"class_list":["post-109","page","type-page","status-publish","hentry"],"_links":{"self":[{"href":"https:\/\/www.glaciaresargentinos.gob.ar\/index.php?rest_route=\/wp\/v2\/pages\/109","targetHints":{"allow":["GET"]}}],"collection":[{"href":"https:\/\/www.glaciaresargentinos.gob.ar\/index.php?rest_route=\/wp\/v2\/pages"}],"about":[{"href":"https:\/\/www.glaciaresargentinos.gob.ar\/index.php?rest_route=\/wp\/v2\/types\/page"}],"author":[{"embeddable":true,"href":"https:\/\/www.glaciaresargentinos.gob.ar\/index.php?rest_route=\/wp\/v2\/users\/1"}],"replies":[{"embeddable":true,"href":"https:\/\/www.glaciaresargentinos.gob.ar\/index.php?rest_route=%2Fwp%2Fv2%2Fcomments&post=109"}],"version-history":[{"count":97,"href":"https:\/\/www.glaciaresargentinos.gob.ar\/index.php?rest_route=\/wp\/v2\/pages\/109\/revisions"}],"predecessor-version":[{"id":2938,"href":"https:\/\/www.glaciaresargentinos.gob.ar\/index.php?rest_route=\/wp\/v2\/pages\/109\/revisions\/2938"}],"wp:attachment":[{"href":"https:\/\/www.glaciaresargentinos.gob.ar\/index.php?rest_route=%2Fwp%2Fv2%2Fmedia&parent=109"}],"curies":[{"name":"wp","href":"https:\/\/api.w.org\/{rel}","templated":true}]}}