{"id":1056,"date":"2015-05-13T14:05:24","date_gmt":"2015-05-13T17:05:24","guid":{"rendered":"http:\/\/192.168.122.17\/?page_id=1056"},"modified":"2023-08-14T14:33:24","modified_gmt":"2023-08-14T17:33:24","slug":"santa-cruz","status":"publish","type":"page","link":"https:\/\/www.glaciaresargentinos.gob.ar\/?page_id=1056","title":{"rendered":"Santa Cruz"},"content":{"rendered":"<div class=\"row prk_row\"><div class=\"six columns\"><a href=\"https:\/\/www.glaciaresargentinos.gob.ar\/?page_id=264\"><img decoding=\"async\" class=\"alignnone size-full wp-image-831\" title=\"Provincia de Santa Cruz\" src=\"https:\/\/www.glaciaresargentinos.gob.ar\/wp-content\/uploads\/2015\/03\/SantaCruz-09-tit-900.jpg\" alt=\"Provincia de Santa Cruz\"\/><\/a><\/div><div class=\"six columns prk_last\"><div id=\"accordion_122\" class=\"prk_accordion\"><div class=\"header_font zero_color\">Subcuenca del r\u00edo Deseado Superior<\/div><div>Como citar:&nbsp; IANIGLA-Inventario Nacional de Glaciares. 2018. Informe de la subcuenca del r\u00edo Deseado Superior. Cuenca del r\u00edo Deseado. IANIGLA-CONICET, Ministerio de Ambiente y Desarrollo Sustentable de la Naci\u00f3n. Pp.53.<\/p>\n<p><a href=\"https:\/\/www.glaciaresargentinos.gob.ar\/wp-content\/uploads\/provincias\/Santa_Cruz\/docs\/informes\/informe_final_rio_deseado_APN_20-04-2018.pdf\" target=\"_blank\" rel=\"noopener\"><img loading=\"lazy\" decoding=\"async\" class=\"alignleft wp-image-479\" title=\"Informe Subcuenca del r\u00edo Deseado Superior\" src=\"\/wp-content\/uploads\/provincias\/Santa_Cruz\/docs\/tapas\/informe_rio_deseado.ico\" alt=\"Informe Subcuenca del r\u00edo Deseado Superior\" width=\"181\" height=\"255\"\/><\/a><a href=\"\/wp-content\/uploads\/provincias\/Santa_Cruz\/docs\/mapas\/mapa_final_rio_deseado_APN_19-04-2018.pdf\" target=\"_blank\" rel=\"noopener\"><img decoding=\"async\" class=\"alignright size-full wp-image-480\" title=\"Mapa Subcuenca del r\u00edo Deseado Superior\" src=\"\/wp-content\/uploads\/provincias\/Santa_Cruz\/docs\/tapas\/mapa_rio_deseado.ico\" alt=\"Mapa Subcuenca del r\u00edo Deseado Superior\"\/><\/a><br \/>\n<a href=\"https:\/\/www.glaciaresargentinos.gob.ar\/wp-content\/uploads\/shapes\/54-Deseado_Superior.zip\" target=\"_blank\" rel=\"noopener\"><img loading=\"lazy\" decoding=\"async\" class=\"alignright\" title=\"Descarga SHAPE y KML Glaciares Subcuenca del r\u00edo Deseado Superior\" src=\"\/wp-content\/uploads\/shapes\/shp_kml.png\" width=\"50\" height=\"50\"\/><\/a><br \/>\n<\/div><div class=\"header_font zero_color\">Cuenca de los lagos Buenos Aires y Pueyrred\u00f3n<\/div><div>Como citar:&nbsp; IANIGLA-Inventario Nacional de Glaciares. 2018. Informe de la cuenca de los lagos Buenos Aires y Pueyrred\u00f3n. IANIGLA-CONICET, Ministerio de Ambiente y Desarrollo Sustentable de la Naci\u00f3n. Pp.69.<\/p>\n<p><a href=\"\/wp-content\/uploads\/provincias\/Santa_Cruz\/docs\/informes\/informe_final_bs-as_pueyrredon_APN_09-05-2018.pdf\" target=\"_blank\" rel=\"noopener\"><img decoding=\"async\" class=\"alignleft size-full wp-image-479\" title=\"Informe Cuenca de los lagos Buenos Aires y Pueyrred\u00f3n\" src=\"\/wp-content\/uploads\/provincias\/Santa_Cruz\/docs\/tapas\/informe_bs-as_pueyrredon.ico\" alt=\"Informe Cuenca de los lagos Buenos Aires y Pueyrred\u00f3n\"\/><\/a><a href=\"\/wp-content\/uploads\/provincias\/Santa_Cruz\/docs\/mapas\/mapa_final_lago_buenos-aires_APN_19-04-2018.pdf\" target=\"_blank\" rel=\"noopener\"><img loading=\"lazy\" decoding=\"async\" class=\"alignright wp-image-480\" title=\"Mapa Subcuenca lago Buenos Aires\" src=\"\/wp-content\/uploads\/provincias\/Santa_Cruz\/docs\/tapas\/mapa_lago_bs-as.ico\" alt=\"Mapa Subcuenca lago Buenos Aires\" width=\"181\" height=\"256\"\/><\/a><a href=\"https:\/\/www.glaciaresargentinos.gob.ar\/wp-content\/uploads\/shapes\/55-Buenos_Aires.zip\" target=\"_blank\" rel=\"noopener\"><img loading=\"lazy\" decoding=\"async\" class=\"alignright\" title=\"Descarga SHAPE y KML Glaciares Subcuenca lago Buenos Aires\" src=\"\/wp-content\/uploads\/shapes\/shp_kml.png\" width=\"50\" height=\"50\"\/><\/a><a href=\"\/wp-content\/uploads\/provincias\/Santa_Cruz\/docs\/mapas\/mapa_final_lago_pueyrredon_APN_30-04-2018.pdf\" target=\"_blank\" rel=\"noopener\"><img loading=\"lazy\" decoding=\"async\" class=\"alignright wp-image-480\" title=\"Mapa Subcuenca lago Pueyrred\u00f3n\" src=\"\/wp-content\/uploads\/provincias\/Santa_Cruz\/docs\/tapas\/mapa_lago_pueyrredon.ico\" alt=\"Mapa Subcuenca lago Pueyrred\u00f3n\" width=\"181\" height=\"256\"\/><\/a><a href=\"https:\/\/www.glaciaresargentinos.gob.ar\/wp-content\/uploads\/shapes\/55-Pueyrredon.zip\" target=\"_blank\" rel=\"noopener\"><img loading=\"lazy\" decoding=\"async\" class=\"alignright\" title=\"Descarga SHAPE y KML Glaciares Subcuenca lago Pueyrred\u00f3n\" src=\"\/wp-content\/uploads\/shapes\/shp_kml.png\" width=\"50\" height=\"50\"\/><\/a><\/div><div class=\"header_font zero_color\">Subcuenca del r\u00edo Chico Alto<\/div><div>Como citar:&nbsp; IANIGLA-Inventario Nacional de Glaciares. 2018. Informe de la subcuenca del r\u00edo Chico Alto. Cuenca del r\u00edo Chico. IANIGLA-CONICET, Ministerio de Ambiente y Desarrollo Sustentable de la Naci\u00f3n. Pp.46.<\/p>\n<p><a href=\"https:\/\/www.glaciaresargentinos.gob.ar\/wp-content\/uploads\/provincias\/Santa_Cruz\/docs\/informes\/informe_final_rio_chico_APN_25-04-2018.pdf\" target=\"_blank\" rel=\"noopener\"><img loading=\"lazy\" decoding=\"async\" class=\"alignleft wp-image-479\" title=\"Informe Subcuenca del r\u00edo Chico Alto\" src=\"\/wp-content\/uploads\/provincias\/Santa_Cruz\/docs\/tapas\/informe_rio_chico.ico\" alt=\"Informe Subcuenca del r\u00edo Chico Alto\" width=\"181\" height=\"255\"\/><\/a><a href=\"\/wp-content\/uploads\/provincias\/Santa_Cruz\/docs\/mapas\/mapa_final_rio_chico_APN_30-04-2018.pdf\" target=\"_blank\" rel=\"noopener\"><img decoding=\"async\" class=\"alignright size-full wp-image-480\" title=\"Mapa Subcuenca del r\u00edo Chico Alto\" src=\"\/wp-content\/uploads\/provincias\/Santa_Cruz\/docs\/tapas\/mapa_rio_chico.ico\" alt=\"Mapa Subcuenca del r\u00edo Chico Alto\"\/><\/a><br \/>\n<a href=\"https:\/\/www.glaciaresargentinos.gob.ar\/wp-content\/uploads\/shapes\/56-Chico_Alto.zip\" target=\"_blank\" rel=\"noopener\"><img loading=\"lazy\" decoding=\"async\" class=\"alignright\" title=\"Descarga SHAPE y KML Glaciares Subcuenca del r\u00edo Chico Alto\" src=\"\/wp-content\/uploads\/shapes\/shp_kml.png\" width=\"50\" height=\"50\"\/><\/a><br \/>\n<\/div><div class=\"header_font zero_color\">Subcuenca de los Lagos Nansen y Belgrano<\/div><div>Como citar:&nbsp; IANIGLA-Inventario Nacional de Glaciares. 2018. Informe de la subcuenca de los lagos Nansen y Belgrano. Cuenca del r\u00edo Mayer y lago San Mart\u00edn. IANIGLA-CONICET, Ministerio de Ambiente y Desarrollo Sustentable de la Naci\u00f3n. Pp.71.<\/p>\n<p><a href=\"https:\/\/www.glaciaresargentinos.gob.ar\/wp-content\/uploads\/provincias\/Santa_Cruz\/docs\/informes\/informe_final_nansen-belgrano_APN_25-04-2018.pdf\" target=\"_blank\" rel=\"noopener\"><img loading=\"lazy\" decoding=\"async\" class=\"alignleft wp-image-479\" title=\"Informe Subcuenca de los lagos Nansen y Belgrano\" src=\"\/wp-content\/uploads\/provincias\/Santa_Cruz\/docs\/tapas\/informe_nansen-belgrano.ico\" alt=\"Informe Subcuenca de los lagos Nansen y Belgrano\" width=\"181\" height=\"255\"\/><\/a><a href=\"\/wp-content\/uploads\/provincias\/Santa_Cruz\/docs\/mapas\/mapa_final_nansen-belgrano_APN_19-04-2018.pdf\" target=\"_blank\" rel=\"noopener\"><img decoding=\"async\" class=\"alignright size-full wp-image-480\" title=\"Mapa Subcuenca de los lagos Nansen y Belgrano\" src=\"\/wp-content\/uploads\/provincias\/Santa_Cruz\/docs\/tapas\/mapa_nansen-belgrano.ico\" alt=\"Mapa Subcuenca de los lagos Nansen y Belgrano\"\/><\/a><a href=\"https:\/\/www.glaciaresargentinos.gob.ar\/wp-content\/uploads\/shapes\/57-Nansen-Belgrano.zip\" target=\"_blank\" rel=\"noopener\"><img loading=\"lazy\" decoding=\"async\" class=\"alignright\" title=\"Descarga SHAPE y KML Glaciares Subcuenca de los lagos Nansen y Belgrano\" src=\"\/wp-content\/uploads\/shapes\/shp_kml.png\" width=\"50\" height=\"50\"\/><\/a><br \/>\n<\/div><div class=\"header_font zero_color\">Subcuencas&nbsp;del r\u00edo Mayer y lago San Mart\u00edn<\/div><div>Como citar:&nbsp; IANIGLA-Inventario Nacional de Glaciares. 2018. Informe de las subcuencas del r\u00edo Mayer y lago San Mart\u00edn. Cuenca del r\u00edo Mayer y lago San Mart\u00edn. IANIGLA-CONICET, Ministerio de Ambiente y Desarrollo Sustentable de la Naci\u00f3n. Pp.61.<\/p>\n<p><a href=\"https:\/\/www.glaciaresargentinos.gob.ar\/wp-content\/uploads\/provincias\/Santa_Cruz\/docs\/informes\/informe_final_mayer-LSM_APN_25-04-2018.pdf\" target=\"_blank\" rel=\"noopener\"><img loading=\"lazy\" decoding=\"async\" class=\"alignleft wp-image-479\" title=\"Informe Subcuencas del r\u00edo Mayer y lago San Mart\u00edn\" src=\"\/wp-content\/uploads\/provincias\/Santa_Cruz\/docs\/tapas\/informe_mayer_lsm.ico\" alt=\"Informe Subcuencas del r\u00edo Mayer y lago San Mart\u00edn\" width=\"181\" height=\"255\"\/><\/a><a href=\"\/wp-content\/uploads\/provincias\/Santa_Cruz\/docs\/mapas\/mapa_final_mayer-LSM_APN_04-05-2018.pdf\" target=\"_blank\" rel=\"noopener\"><img decoding=\"async\" class=\"alignright size-full wp-image-480\" title=\"Mapa Subcuencas del r\u00edo Mayer y lago San Mart\u00edn\" src=\"\/wp-content\/uploads\/provincias\/Santa_Cruz\/docs\/tapas\/mapa_mayer_lsm.ico\" alt=\"Mapa Subcuencas del r\u00edo Mayer y lago San Mart\u00edn\"\/><\/a><a href=\"https:\/\/www.glaciaresargentinos.gob.ar\/wp-content\/uploads\/shapes\/58-Mayer-San_Martin.zip\" target=\"_blank\" rel=\"noopener\"><img loading=\"lazy\" decoding=\"async\" class=\"alignright\" title=\"Descarga SHAPE y KML Glaciares Subcuencas del r\u00edo Mayer y lago San Mart\u00edn\" src=\"\/wp-content\/uploads\/shapes\/shp_kml.png\" width=\"50\" height=\"50\"\/><\/a><\/div>\n<div class=\"header_font zero_color\">Subcuencas de los r\u00edos de las Vueltas y T\u00fanel<\/div><div>Como citar:&nbsp; IANIGLA-Inventario Nacional de Glaciares. 2018. Informe de las subcuencas de los r\u00edos de las Vueltas y T\u00fanel. Cuenca del r\u00edo Santa Cruz. Parque Nacional Los Glaciares. IANIGLA-CONICET, Ministerio de Ambiente y Desarrollo Sustentable de la Naci\u00f3n. Pp.60.<\/p>\n<p><a href=\"https:\/\/www.glaciaresargentinos.gob.ar\/wp-content\/uploads\/provincias\/Santa_Cruz\/docs\/informes\/informe_final_vueltas-tunel_APN_09-05-2018.pdf\" target=\"_blank\" rel=\"noopener\"><img loading=\"lazy\" decoding=\"async\" class=\"alignleft wp-image-479\" title=\"Informe Subcuencas de los r\u00edos de las Vueltas y T\u00fanel\" src=\"\/wp-content\/uploads\/provincias\/Santa_Cruz\/docs\/tapas\/informe_vueltas-tunel.ico\" alt=\"Informe Subcuencas de los r\u00edos de las Vueltas y T\u00fanel\" width=\"181\" height=\"255\"\/><\/a><a href=\"\/wp-content\/uploads\/provincias\/Santa_Cruz\/docs\/mapas\/mapa_final_vueltas-tunel_APN_09-05-2018.pdf\" target=\"_blank\" rel=\"noopener\"><img decoding=\"async\" class=\"alignright size-full wp-image-480\" title=\"Mapa Subcuencas de los r\u00edos de las Vueltas y T\u00fanel\" src=\"\/wp-content\/uploads\/provincias\/Santa_Cruz\/docs\/tapas\/mapa_vueltas-tunel.ico\" alt=\"Mapa Subcuencas de los r\u00edos de las Vueltas y T\u00fanel\"\/><\/a><a href=\"https:\/\/geo.ambiente.gob.ar\/documentos\/sinia\/subcuencas_glaciarias\/acceso_ING\/59_rio_vueltas_tunel.rar\" target=\"_blank\" rel=\"noopener\"><img loading=\"lazy\" decoding=\"async\" class=\"alignright\" title=\"Descarga SHAPE Glaciares Subcuencas de los r\u00edos de las Vueltas y T\u00fanel desde el sitio 'sigagua.ambiente.gob.ar'\" src=\"\/wp-content\/uploads\/shapes\/shp.png\" width=\"50\" height=\"50\"\/><\/a><\/div>\n<div class=\"header_font zero_color\">Subcuenca del Lago Viedma<\/div><div>Como citar:&nbsp; IANIGLA-Inventario Nacional de Glaciares. 2018. Informe de la subcuenca del Lago Viedma. Cuenca del r\u00edo Santa Cruz. Parque Nacional Los Glaciares. IANIGLA-CONICET, Ministerio de Ambiente y Desarrollo Sustentable de la Naci\u00f3n. Pp.63.<\/p>\n<p><a href=\"https:\/\/www.glaciaresargentinos.gob.ar\/wp-content\/uploads\/provincias\/Santa_Cruz\/docs\/informes\/informe_final_lago-viedma_APN_09-05-2018.pdf\" target=\"_blank\" rel=\"noopener\"><img loading=\"lazy\" decoding=\"async\" class=\"alignleft wp-image-479\" title=\"Informe Subcuenca del Lago Viedma\" src=\"\/wp-content\/uploads\/provincias\/Santa_Cruz\/docs\/tapas\/informe_lago-viedma.ico\" alt=\"Informe Subcuenca del Lago Viedma\" width=\"181\" height=\"255\"\/><\/a><a href=\"\/wp-content\/uploads\/provincias\/Santa_Cruz\/docs\/mapas\/mapa_final_lago-viedma_APN_30-04-2018.pdf\" target=\"_blank\" rel=\"noopener\"><img decoding=\"async\" class=\"alignright size-full wp-image-480\" title=\"Mapa Subcuenca del Lago Viedma\" src=\"\/wp-content\/uploads\/provincias\/Santa_Cruz\/docs\/tapas\/mapa_lago-viedma.ico\" alt=\"Mapa Subcuenca del Lago Viedma\"\/><\/a><a href=\"https:\/\/geo.ambiente.gob.ar\/documentos\/sinia\/subcuencas_glaciarias\/acceso_ING\/60_lago_viedma.rar\" target=\"_blank\" rel=\"noopener\"><img loading=\"lazy\" decoding=\"async\" class=\"alignright\" title=\"Descarga SHAPE Glaciares Subcuenca del Lago Viedma desde el sitio 'sigagua.ambiente.gob.ar'\" src=\"\/wp-content\/uploads\/shapes\/shp.png\" width=\"50\" height=\"50\"\/><\/a><\/div>\n<div class=\"header_font zero_color\">Subcuenca Brazo Norte del Lago Argentino<\/div><div>Como citar:&nbsp; IANIGLA-Inventario Nacional de Glaciares. 2018. Informe de la subcuenca Brazo Norte del Lago Argentino. Cuenca del r\u00edo Santa Cruz. Parque Nacional Los Glaciares. IANIGLA-CONICET, Ministerio de Ambiente y Desarrollo Sustentable de la Naci\u00f3n. Pp.61.<\/p>\n<p><a href=\"https:\/\/www.glaciaresargentinos.gob.ar\/wp-content\/uploads\/provincias\/Santa_Cruz\/docs\/informes\/informe_final_brazo-norte-lago-argentino_APN_10-05-2018.pdf\" target=\"_blank\" rel=\"noopener\"><img loading=\"lazy\" decoding=\"async\" class=\"alignleft wp-image-479\" title=\"Informe Subcuenca Brazo Norte del Lago Argentino\" src=\"\/wp-content\/uploads\/provincias\/Santa_Cruz\/docs\/tapas\/informe_brazo-norte-lago-argentino.ico\" alt=\"Informe Subcuenca Brazo Norte del Lago Argentino\" width=\"181\" height=\"255\"\/><\/a><a href=\"\/wp-content\/uploads\/provincias\/Santa_Cruz\/docs\/mapas\/mapa_final_brazo-norte-lago-argentino_APN_30-04-2018.pdf\" target=\"_blank\" rel=\"noopener\"><img decoding=\"async\" class=\"alignright size-full wp-image-480\" title=\"Mapa Subcuenca Brazo Norte del Lago Argentino\" src=\"\/wp-content\/uploads\/provincias\/Santa_Cruz\/docs\/tapas\/mapa_brazo-norte-lago-argentino.ico\" alt=\"Mapa Subcuenca Brazo Norte del Lago Argentino\"\/><\/a><a href=\"https:\/\/geo.ambiente.gob.ar\/documentos\/sinia\/subcuencas_glaciarias\/acceso_ING\/61_lago_argentino_brazo_norte.rar\" target=\"_blank\" rel=\"noopener\"><img loading=\"lazy\" decoding=\"async\" class=\"alignright\" title=\"Descarga SHAPE Glaciares Subcuenca Brazo Norte del Lago Argentino desde el sitio 'sigagua.ambiente.gob.ar'\" src=\"\/wp-content\/uploads\/shapes\/shp.png\" width=\"50\" height=\"50\"\/><\/a><\/div>\n<div class=\"header_font zero_color\">Subcuencas Brazo Sur del Lago Argentino y r\u00edo Bote<\/div><div>Como citar:&nbsp; IANIGLA-Inventario Nacional de Glaciares. 2018. Informe de las subcuencas Brazo Sur del Lago Argentino y r\u00edo Bote. Cuenca del r\u00edo Santa Cruz. Parque Nacional Los Glaciares. IANIGLA-CONICET, Ministerio de Ambiente y Desarrollo Sustentable de la Naci\u00f3n. Pp.58.<\/p>\n<p><a href=\"https:\/\/www.glaciaresargentinos.gob.ar\/wp-content\/uploads\/provincias\/Santa_Cruz\/docs\/informes\/informe_final_brazo-sur-lago-argentino_APN_25-04-2018.pdf\" target=\"_blank\" rel=\"noopener\"><img loading=\"lazy\" decoding=\"async\" class=\"alignleft wp-image-479\" title=\"Informe Subcuencas Brazo Sur del Lago Argentino y r\u00edo Bote\" src=\"\/wp-content\/uploads\/provincias\/Santa_Cruz\/docs\/tapas\/informe_brazo-sur-lago-argentino.ico\" alt=\"Informe Subcuencas Brazo Sur del Lago Argentino y r\u00edo Bote\" width=\"181\" height=\"255\"\/><\/a><a href=\"\/wp-content\/uploads\/provincias\/Santa_Cruz\/docs\/mapas\/mapa_final_brazo-sur-lago-argentino_APN_30-04-2018.pdf\" target=\"_blank\" rel=\"noopener\"><img decoding=\"async\" class=\"alignright size-full wp-image-480\" title=\"Mapa Subcuencas Brazo Sur del Lago Argentino y r\u00edo Bote\" src=\"\/wp-content\/uploads\/provincias\/Santa_Cruz\/docs\/tapas\/mapa_brazo-sur-lago-argentino.ico\" alt=\"Mapa Subcuencas Brazo Sur del Lago Argentino y r\u00edo Bote\"\/><\/a><a href=\"https:\/\/geo.ambiente.gob.ar\/documentos\/sinia\/subcuencas_glaciarias\/acceso_ING\/62_lago_argentino_brazo_sur.rar\" target=\"_blank\" rel=\"noopener\"><img loading=\"lazy\" decoding=\"async\" class=\"alignright\" title=\"Descarga SHAPE Glaciares Subcuencas Brazo Sur del Lago Argentino y r\u00edo Bote desde el sitio 'sigagua.ambiente.gob.ar'\" src=\"\/wp-content\/uploads\/shapes\/shp.png\" width=\"50\" height=\"50\"\/><\/a><\/div>\n<div class=\"header_font zero_color\">Cuenca del r\u00edo Vizcachas<\/div><div>Como citar:&nbsp; IANIGLA-Inventario Nacional de Glaciares. 2018. Informe de la cuenca del r\u00edo Vizcachas. IANIGLA-CONICET, Ministerio de Ambiente y Desarrollo Sustentable de la Naci\u00f3n. Pp.59.<\/p>\n<p><a href=\"https:\/\/www.glaciaresargentinos.gob.ar\/wp-content\/uploads\/provincias\/Santa_Cruz\/docs\/informes\/informe_final_rio-vizcachas_APN_26-04-2018.pdf\" target=\"_blank\" rel=\"noopener\"><img loading=\"lazy\" decoding=\"async\" class=\"alignleft wp-image-479\" title=\"Informe Cuenca del r\u00edo Vizcachas\" src=\"\/wp-content\/uploads\/provincias\/Santa_Cruz\/docs\/tapas\/informe_rio-vizcachas.ico\" alt=\"Informe Cuenca del r\u00edo Vizcachas\" width=\"181\" height=\"255\"\/><\/a><a href=\"\/wp-content\/uploads\/provincias\/Santa_Cruz\/docs\/mapas\/mapa_final_rio-vizcachas_APN_30-04-2018.pdf\" target=\"_blank\" rel=\"noopener\"><img decoding=\"async\" class=\"alignright size-full wp-image-480\" title=\"Mapa Cuenca del r\u00edo Vizcachas\" src=\"\/wp-content\/uploads\/provincias\/Santa_Cruz\/docs\/tapas\/mapa_rio-vizcachas.ico\" alt=\"Mapa Cuenca del r\u00edo Vizcachas\"\/><\/a><br \/>\n<a href=\"https:\/\/www.glaciaresargentinos.gob.ar\/wp-content\/uploads\/shapes\/63-Vizcachas.zip\" target=\"_blank\" rel=\"noopener\"><img loading=\"lazy\" decoding=\"async\" class=\"alignright\" title=\"Descarga SHAPE y KML Glaciares Cuenca del r\u00edo Vizcachas\" src=\"\/wp-content\/uploads\/shapes\/shp_kml.png\" width=\"50\" height=\"50\"\/><\/a><\/div><div class=\"header_font zero_color\">Subcuenca del arroyo Italiano<\/div><div>Como citar:&nbsp; IANIGLA-Inventario Nacional de Glaciares. 2018. Informe de la subcuenca del arroyo Italiano. Cuenca del r\u00edo Coig o Coyle. IANIGLA-CONICET, Ministerio de Ambiente y Desarrollo Sustentable de la Naci\u00f3n. Pp.43.<\/p>\n<p><a href=\"https:\/\/www.glaciaresargentinos.gob.ar\/wp-content\/uploads\/provincias\/Santa_Cruz\/docs\/informes\/informe_final_italiano_APN_26-04-2018.pdf\" target=\"_blank\" rel=\"noopener\"><img loading=\"lazy\" decoding=\"async\" class=\"alignleft wp-image-479\" title=\"Informe Subcuenca del arroyo del Italiano\" src=\"\/wp-content\/uploads\/provincias\/Santa_Cruz\/docs\/tapas\/informe_italiano.ico\" alt=\"Informe subcuenca del arroyo del Italiano\" width=\"181\" height=\"255\"\/><\/a><a href=\"\/wp-content\/uploads\/provincias\/Santa_Cruz\/docs\/mapas\/mapa_final_italiano_APN_30-04-2018.pdf\" target=\"_blank\" rel=\"noopener\"><img decoding=\"async\" class=\"alignright size-full wp-image-480\" title=\"Mapa Subcuenca del arroyo del Italiano\" src=\"\/wp-content\/uploads\/provincias\/Santa_Cruz\/docs\/tapas\/mapa_italiano.ico\" alt=\"Mapa Subcuenca del arroyo del Italiano\"\/><\/a><br \/>\n<a href=\"https:\/\/www.glaciaresargentinos.gob.ar\/wp-content\/uploads\/shapes\/64-Italiano.zip\" target=\"_blank\" rel=\"noopener\"><img loading=\"lazy\" decoding=\"async\" class=\"alignright\" title=\"Descarga SHAPE y KML Glaciares Subcuenca del arroyo del Italiano\" src=\"\/wp-content\/uploads\/shapes\/shp_kml.png\" width=\"50\" height=\"50\"\/><\/a><\/div><div class=\"header_font zero_color\">Subcuenca del r\u00edo Turbio y Rubens<\/div><div>Como citar:&nbsp; IANIGLA-Inventario Nacional de Glaciares. 2018. Informe de la subcuenca del r\u00edo Turbio y Rubens, cuenca de los r\u00edos Gallegos y Chico. IANIGLA-CONICET, Ministerio de Ambiente y Desarrollo Sustentable de la Naci\u00f3n. Pp.25.<\/p>\n<p><a href=\"https:\/\/www.glaciaresargentinos.gob.ar\/wp-content\/uploads\/provincias\/Santa_Cruz\/docs\/informes\/informe_final_turbio-rubens_APN_26-04-2018.pdf\" target=\"_blank\" rel=\"noopener\"><img loading=\"lazy\" decoding=\"async\" class=\"alignleft wp-image-479\" title=\"Informe Subcuenca del r\u00edo Turbio y Rubens\" src=\"\/wp-content\/uploads\/provincias\/Santa_Cruz\/docs\/tapas\/informe_turbio-rubens.ico\" alt=\"Informe Subcuenca del r\u00edo Turbio y Rubens\" width=\"181\" height=\"255\"\/><\/a><\/p>\n<p style=\"text-align: center;\"><strong>En esta subcuenca no se detectaron glaciares luego de ser revisada de acuerdo a la metodolog\u00eda establecida para la realizaci\u00f3n del ING (res. ex SAyDS 1141\/15). Por este motivo no se adjunta mapa ni informaci\u00f3n vectorial (shape).<\/strong><br \/>\n<\/div><\/div><\/div><div class=\"clearboth\"><\/div><\/div>\n","protected":false},"excerpt":{"rendered":"","protected":false},"author":1,"featured_media":1248,"parent":0,"menu_order":0,"comment_status":"closed","ping_status":"closed","template":"page-theme.php","meta":{"footnotes":""},"class_list":["post-1056","page","type-page","status-publish","has-post-thumbnail","hentry"],"_links":{"self":[{"href":"https:\/\/www.glaciaresargentinos.gob.ar\/index.php?rest_route=\/wp\/v2\/pages\/1056","targetHints":{"allow":["GET"]}}],"collection":[{"href":"https:\/\/www.glaciaresargentinos.gob.ar\/index.php?rest_route=\/wp\/v2\/pages"}],"about":[{"href":"https:\/\/www.glaciaresargentinos.gob.ar\/index.php?rest_route=\/wp\/v2\/types\/page"}],"author":[{"embeddable":true,"href":"https:\/\/www.glaciaresargentinos.gob.ar\/index.php?rest_route=\/wp\/v2\/users\/1"}],"replies":[{"embeddable":true,"href":"https:\/\/www.glaciaresargentinos.gob.ar\/index.php?rest_route=%2Fwp%2Fv2%2Fcomments&post=1056"}],"version-history":[{"count":97,"href":"https:\/\/www.glaciaresargentinos.gob.ar\/index.php?rest_route=\/wp\/v2\/pages\/1056\/revisions"}],"predecessor-version":[{"id":3536,"href":"https:\/\/www.glaciaresargentinos.gob.ar\/index.php?rest_route=\/wp\/v2\/pages\/1056\/revisions\/3536"}],"wp:featuredmedia":[{"embeddable":true,"href":"https:\/\/www.glaciaresargentinos.gob.ar\/index.php?rest_route=\/wp\/v2\/media\/1248"}],"wp:attachment":[{"href":"https:\/\/www.glaciaresargentinos.gob.ar\/index.php?rest_route=%2Fwp%2Fv2%2Fmedia&parent=1056"}],"curies":[{"name":"wp","href":"https:\/\/api.w.org\/{rel}","templated":true}]}}